{"id":9869,"date":"2020-10-25T12:55:35","date_gmt":"2020-10-25T11:55:35","guid":{"rendered":"http:\/\/klubmamgdynia.pl\/index.php\/produkt\/micro-kask-micro-slilver\/"},"modified":"2026-05-17T22:58:15","modified_gmt":"2026-05-17T20:58:15","slug":"micro-kask-micro-slilver","status":"publish","type":"product","link":"http:\/\/klubmamgdynia.pl\/index.php\/produkt\/micro-kask-micro-slilver\/","title":{"rendered":"Micro Kask Micro Slilver"},"content":{"rendered":"<p>Kask Micro to zaprojektowany specjalnie dla najm\u0142odszych kask typu orzeszek, kt\u00f3ry nadaje si\u0119 nie tylko na hulajnog\u0119, ale tak\u017ce rower, rowerek biegowy, rolki i wszelkie formy aktywno\u015bci wymagaj\u0105cej zabezpieczenia g\u0142owy. Szeroka gama kolorystyczna z pewno\u015bci\u0105 zadowoli najwybredniejszych ma\u0142ych sportowc\u00f3w, kt\u00f3rzy b\u0119d\u0105 si\u0119 wyr\u00f3\u017cnia\u0107 spo\u015br\u00f3d innych. Najwa\u017cniejszy jest jednak fakt, i\u017c kask Micro zapewnia maksymalne bezpiecze\u0144stwo. Chroni potylic\u0119, co jest szczeg\u00f3lnie wa\u017cne w aktywno\u015bciach podczas kt\u00f3rych istnieje ryzyko upadku do ty\u0142u. Zastosowana w budowie kasku technologia in-mold zapewnia nisk\u0105 wag\u0119, solidn\u0105 konstrukcj\u0119, maksymaln\u0105 ochron\u0119 przy upadku i wstrz\u0105sach. Skorupa kasku wykonana jest z wytrzyma\u0142ego materia\u0142u ABS, a wn\u0119trze wype\u0142nia wysokiej g\u0119sto\u015bci pianka styropianowa EPS. Kask posiada a\u017c 11 otwor\u00f3w wentylacyjnych, a idealne dopasowanie mo\u017cna osi\u0105gn\u0105\u0107 przez regulacj\u0119 pokr\u0119t\u0142a z ty\u0142u kasku i przesuni\u0119cie paska pod brod\u0105 zapinanego na klasyczn\u0105 klamerk\u0119.SPECYFIKACJASKORUPA Technologia in-moldWENTYLACJA 11 otwor\u00f3w wentylacyjnychBEZPIECZE\u0143STWO Certyfikat EN 1078SZEROKO\u015a\u0106 Szeroko\u015b\u0107 regulowana pokr\u0119t\u0142em, paski mocuj\u0105ce z klamr\u0105, wk\u0142adki wy\u015bcielaj\u0105ceROZMIARYS 46-51 cmM 52-55 cmL 56-58 cm<\/p>\n<h2>Micro Kask Micro Slilver Micro<\/h2>\n<p>zabawy dla 5-6 latk\u00f3w, domki z rolek po papierze toaletowym, quizy dla dzieci, kr\u00f3tkie \u017cyczenia wielkanocne dla dzieci, historia pluszowego misia, na wyspach bergamuta, kolorowanki wakacyjne, zagadki dla dzieci 10-12 lat, przeczytaj mi wiersz, wzory dyplom\u00f3w do pobrania, beniamin imi\u0119, gabriel, znaki drogowe test, darmowe bajki dla dzieci<\/p>\n<p>yyyyy<\/p>\n<p>&nbsp;<\/p>\n","protected":false},"excerpt":{"rendered":"<p>Kask Micro to zaprojektowany specjalnie dla najm\u0142odszych kask typu orzeszek, kt\u00f3ry nadaje si\u0119 nie tylko na hulajnog\u0119, ale tak\u017ce rower, rowerek biegowy, rolki i wszelkie formy aktywno\u015bci wymagaj\u0105cej zabezpieczenia g\u0142owy. Szeroka gama kolorystyczna z pewno\u015bci\u0105 zadowoli najwybredniejszych ma\u0142ych sportowc\u00f3w, kt\u00f3rzy b\u0119d\u0105 si\u0119 wyr\u00f3\u017cnia\u0107 spo\u015br\u00f3d innych. Najwa\u017cniejszy jest jednak fakt, i\u017c kask Micro zapewnia maksymalne bezpiecze\u0144stwo. [&hellip;]<\/p>\n","protected":false},"featured_media":9870,"comment_status":"closed","ping_status":"open","template":"","meta":[],"product_cat":[1418,368],"product_tag":[700,831,771,625,793],"class_list":["post-9869","product","type-product","status-publish","has-post-thumbnail","hentry","product_cat-akcesoria-do-zabawek-ogrodowych","product_cat-micro","product_tag-bajki-do-czytania-dla-dzieci","product_tag-bruno","product_tag-stolice-europy-quiz","product_tag-trojmiasto-atrakcje-dla-dzieci","product_tag-zagadki-smieszne-podchwytliwe"],"_links":{"self":[{"href":"http:\/\/klubmamgdynia.pl\/index.php\/wp-json\/wp\/v2\/product\/9869","targetHints":{"allow":["GET"]}}],"collection":[{"href":"http:\/\/klubmamgdynia.pl\/index.php\/wp-json\/wp\/v2\/product"}],"about":[{"href":"http:\/\/klubmamgdynia.pl\/index.php\/wp-json\/wp\/v2\/types\/product"}],"replies":[{"embeddable":true,"href":"http:\/\/klubmamgdynia.pl\/index.php\/wp-json\/wp\/v2\/comments?post=9869"}],"wp:featuredmedia":[{"embeddable":true,"href":"http:\/\/klubmamgdynia.pl\/index.php\/wp-json\/wp\/v2\/media\/9870"}],"wp:attachment":[{"href":"http:\/\/klubmamgdynia.pl\/index.php\/wp-json\/wp\/v2\/media?parent=9869"}],"wp:term":[{"taxonomy":"product_cat","embeddable":true,"href":"http:\/\/klubmamgdynia.pl\/index.php\/wp-json\/wp\/v2\/product_cat?post=9869"},{"taxonomy":"product_tag","embeddable":true,"href":"http:\/\/klubmamgdynia.pl\/index.php\/wp-json\/wp\/v2\/product_tag?post=9869"}],"curies":[{"name":"wp","href":"https:\/\/api.w.org\/{rel}","templated":true}]}}