{"id":9871,"date":"2020-07-15T04:23:57","date_gmt":"2020-07-15T02:23:57","guid":{"rendered":"http:\/\/klubmamgdynia.pl\/index.php\/produkt\/3-sprouts-kosz-na-pranie-mis\/"},"modified":"2026-04-04T02:11:58","modified_gmt":"2026-04-04T00:11:58","slug":"3-sprouts-kosz-na-pranie-mis","status":"publish","type":"product","link":"http:\/\/klubmamgdynia.pl\/index.php\/produkt\/3-sprouts-kosz-na-pranie-mis\/","title":{"rendered":"3 Sprouts Kosz Na Pranie Mi\u015b"},"content":{"rendered":"<p>3 Sprouts Kosz Na Pranie Mi\u015b PolarnyNumer kat. 3SLHPBProdukt jest innowacyjny w swej formie. Nazw\u0105 sugeruje sprytny pojemnik na brudne ubranka niemowlaka, kt\u00f3re rzeczywi\u015bcie warto trzyma\u0107 w innym miejscu ni\u017c doros\u0142ych. Dwa, du\u017ce za\u0142amane uchwyty tworz\u0105 \u0142atwy dost\u0119p do ubranek. Pojemnik, jest jednak wykorzystywany w na kilka innych sposob\u00f3w. W pokoju dzieci\u0119cym s\u0142u\u017cy jako stabilny pojemnik na zabawki. Kosz mo\u017cna chwyci\u0107 za du\u017ce uszy i zabra\u0107 go na piknik. Zmieszcz\u0105 si\u0119 w nim nie tylko smako\u0142yki ale i kocyk czy inne piknikowe przybory. Du\u017c\u0105 zalet\u0105 pojemnika jest mo\u017cliwo\u015b\u0107 z\u0142o\u017cenia go do ma\u0142ych rozmiar\u00f3w, oraz praktyczne, \u015bliskie wype\u0142nienie wewn\u0105trz pozwalaj\u0105ce na \u0142atwe utrzymanie w czysto\u015bci. Unikatowy design zaprojektowany w Kanadzie.Wymiary:- wysoko\u015b\u0107: 49 cm- szeroko\u015b\u0107: 55 cm- g\u0142\u0119boko\u015b\u0107: 27 cmMateria\u0142y:- 100 % poliester- wype\u0142nienie: 100% spienionego polipropylenu3 Sprouts to kanadyjska marka istniej\u0105ca od 2007 roku, specjalizuj\u0105ca si\u0119 w wysokiej jako\u015bci produktach dla dzieci. Wszystkie produkty 3 Sprouts charakteryzuj\u0105 si\u0119 wyj\u0105tkowym designem i podbijaj\u0105 serca rodzic\u00f3w i dzieci na ca\u0142ym \u015bwiecie.<\/p>\n<h2>3 Sprouts Kosz Na Pranie Mi\u015b 3 Sprouts<\/h2>\n<p>ozdoby wielkanocne kt\u00f3re mog\u0105 zrobi\u0107 dzieci, stare wierszyki dla dzieci, rezolutna dziewczynka z wiersza tuwima, skye psi patrol kolorowanka, prezent dla rocznego dziecka, quiz kajko i kokosz szko\u0142a latania, kolorowanki kotki, marcel znaczenie imienia, zagadki o bo\u017cym narodzeniu, regina, zaproszenie na urodziny dziecka do druku, wszystkie kraje \u015bwiata quiz, kolorowanka super zings, test z lektury kajko i kokosz szko\u0142a latania, kajko i kokosz szko\u0142a latania &#8211; test do wydruku, bajki dla chlopcow, zabawy urodzinowe dla dzieci, piosenki dla dzieci o jesieni, maska kota do druku, zagadki dla 9 latk\u00f3w, lucjan imi\u0119<\/p>\n<p>yyyyy<\/p>\n<p>&nbsp;<\/p>\n","protected":false},"excerpt":{"rendered":"<p>3 Sprouts Kosz Na Pranie Mi\u015b PolarnyNumer kat. 3SLHPBProdukt jest innowacyjny w swej formie. Nazw\u0105 sugeruje sprytny pojemnik na brudne ubranka niemowlaka, kt\u00f3re rzeczywi\u015bcie warto trzyma\u0107 w innym miejscu ni\u017c doros\u0142ych. Dwa, du\u017ce za\u0142amane uchwyty tworz\u0105 \u0142atwy dost\u0119p do ubranek. Pojemnik, jest jednak wykorzystywany w na kilka innych sposob\u00f3w. W pokoju dzieci\u0119cym s\u0142u\u017cy jako stabilny [&hellip;]<\/p>\n","protected":false},"featured_media":9872,"comment_status":"closed","ping_status":"open","template":"","meta":[],"product_cat":[1004,555],"product_tag":[598,680,749,635],"class_list":["post-9871","product","type-product","status-publish","has-post-thumbnail","hentry","product_cat-3-sprouts","product_cat-dzieciece-akcesoria-dekoracyjne","product_tag-co-na-roczek-dla-dziewczynki","product_tag-cytaty-z-malego-ksiecia","product_tag-najlepsze-zarty-na-prima-aprilis","product_tag-znaki-drogowe-do-druku"],"_links":{"self":[{"href":"http:\/\/klubmamgdynia.pl\/index.php\/wp-json\/wp\/v2\/product\/9871","targetHints":{"allow":["GET"]}}],"collection":[{"href":"http:\/\/klubmamgdynia.pl\/index.php\/wp-json\/wp\/v2\/product"}],"about":[{"href":"http:\/\/klubmamgdynia.pl\/index.php\/wp-json\/wp\/v2\/types\/product"}],"replies":[{"embeddable":true,"href":"http:\/\/klubmamgdynia.pl\/index.php\/wp-json\/wp\/v2\/comments?post=9871"}],"wp:featuredmedia":[{"embeddable":true,"href":"http:\/\/klubmamgdynia.pl\/index.php\/wp-json\/wp\/v2\/media\/9872"}],"wp:attachment":[{"href":"http:\/\/klubmamgdynia.pl\/index.php\/wp-json\/wp\/v2\/media?parent=9871"}],"wp:term":[{"taxonomy":"product_cat","embeddable":true,"href":"http:\/\/klubmamgdynia.pl\/index.php\/wp-json\/wp\/v2\/product_cat?post=9871"},{"taxonomy":"product_tag","embeddable":true,"href":"http:\/\/klubmamgdynia.pl\/index.php\/wp-json\/wp\/v2\/product_tag?post=9871"}],"curies":[{"name":"wp","href":"https:\/\/api.w.org\/{rel}","templated":true}]}}