{"id":9873,"date":"2022-01-17T16:37:01","date_gmt":"2022-01-17T15:37:01","guid":{"rendered":"http:\/\/klubmamgdynia.pl\/index.php\/produkt\/nukido-kosz-na-zabawki-bialy-740224\/"},"modified":"2026-04-06T06:24:24","modified_gmt":"2026-04-06T04:24:24","slug":"nukido-kosz-na-zabawki-bialy-740224","status":"publish","type":"product","link":"http:\/\/klubmamgdynia.pl\/index.php\/produkt\/nukido-kosz-na-zabawki-bialy-740224\/","title":{"rendered":"Nukido Kosz Na Zabawki Bia\u0142y (740224)"},"content":{"rendered":"<p>Du\u017cy i pojemny kosz na zabawki Ricokids\u2757 praktyczna wolnostoj\u0105ca torba na zabawki.bardzo du\u017ca pojemno\u015b\u0107,najwy\u017csza jako\u015b\u0107 i trwa\u0142o\u015b\u0107 materia\u0142u,wykonana z bawe\u0142ny.Nukidonowa marka skupiona na dzieci\u0119cych potrzebachMarka Nukido powsta\u0142a, aby produkty dla dzieci, by\u0142y nie tylko \u0142adne, ale r\u00f3wnie\u017c funkcjonalne i estetyczne. Wykonujemy liczne testy i prototypy, aby produkt, kt\u00f3ry trafi do Ciebie, sprosta\u0142 Twoim oczekiwaniom.W naszym zespole mamy wielu projektant\u00f3w w tym projektantk\u0119 z Akademii Sztuk Pi\u0119knych w Gda\u0144sku. Specjalizuj\u0105cej si\u0119 w komunikacji wizualnej, z szerokim do\u015bwiadczeniem w realizacji produkt\u00f3w przeznaczonych dla najm\u0142odszych, dzi\u0119ki temu mo\u017cesz mie\u0107 pewno\u015b\u0107, \u017ce wybierasz to co najlepsze.Odpowiednie kolory, ergonomicznie zaprojektowane produkty, kt\u00f3re wspieraj\u0105 rozw\u00f3j dziecka.Idealna do dzieci\u0119cego pokojuTorba pozwala na zachowanie porz\u0105dku w przestrzeni dzieci\u0119cego pokoju. Jest bardzo praktyczna i przemy\u015blana!\u25b6 Dzi\u0119ki wyj\u0105tkowemu designowi dekoruje pok\u00f3j.\u25b6 Posiada mocne uszy.\u25b6 Pomaga utrzyma\u0107 porz\u0105dek i \u0142atwo si\u0119 czy\u015bci.Pozwala na szybkie sprz\u0105tni\u0119cie zabawek!Dzi\u0119ki mocnemu wykonaniu mo\u017cna wykorzysta\u0107 kosz na wiele sposob\u00f3w!Praktyczny element wystrojuTorba jest lekka i pojemnawymiary 60 cm x 35 cm.<\/p>\n<h2>Nukido Kosz Na Zabawki Bia\u0142y (740224) Noname<\/h2>\n<p>kuku\u0142eczka kuka tekst, 20 pytania do lektury ma\u0142y ksi\u0105\u017c\u0119, kolorowanka peppa, test z lektury asiunia, zagadki dla dzieci 7 lat o zwierz\u0119tach, minionki do druku, gad\u017cety dla m\u0142odzie\u017cy 2020, kawal na prima aprilis, prezent dla ch\u0142opca na roczek, dzie\u0144 \u015bw patryka symbole do druku, m\u0105dre bajki dla dzieci do czytania, kuba imi\u0119, bajki dla dziewczynek, dalia imi\u0119, oliwier<\/p>\n<p>yyyyy<\/p>\n<p>&nbsp;<\/p>\n","protected":false},"excerpt":{"rendered":"<p>Du\u017cy i pojemny kosz na zabawki Ricokids\u2757 praktyczna wolnostoj\u0105ca torba na zabawki.bardzo du\u017ca pojemno\u015b\u0107,najwy\u017csza jako\u015b\u0107 i trwa\u0142o\u015b\u0107 materia\u0142u,wykonana z bawe\u0142ny.Nukidonowa marka skupiona na dzieci\u0119cych potrzebachMarka Nukido powsta\u0142a, aby produkty dla dzieci, by\u0142y nie tylko \u0142adne, ale r\u00f3wnie\u017c funkcjonalne i estetyczne. Wykonujemy liczne testy i prototypy, aby produkt, kt\u00f3ry trafi do Ciebie, sprosta\u0142 Twoim oczekiwaniom.W naszym [&hellip;]<\/p>\n","protected":false},"featured_media":9874,"comment_status":"closed","ping_status":"open","template":"","meta":[],"product_cat":[1117,990],"product_tag":[813,731,576,709,608,600],"class_list":["post-9873","product","type-product","status-publish","has-post-thumbnail","hentry","product_cat-noname","product_cat-skrzynie-i-pojemniki-na-zabawki","product_tag-krotkie-zagadki-matematyczne-z-odpowiedziami","product_tag-maly-ksiaze-cytaty","product_tag-trudne-zagadki","product_tag-zagadki-dla-dzieci-6-7-lat","product_tag-zagadki-i-odpowiedzi","product_tag-zaproszenia-na-urodziny-do-druku"],"_links":{"self":[{"href":"http:\/\/klubmamgdynia.pl\/index.php\/wp-json\/wp\/v2\/product\/9873","targetHints":{"allow":["GET"]}}],"collection":[{"href":"http:\/\/klubmamgdynia.pl\/index.php\/wp-json\/wp\/v2\/product"}],"about":[{"href":"http:\/\/klubmamgdynia.pl\/index.php\/wp-json\/wp\/v2\/types\/product"}],"replies":[{"embeddable":true,"href":"http:\/\/klubmamgdynia.pl\/index.php\/wp-json\/wp\/v2\/comments?post=9873"}],"wp:featuredmedia":[{"embeddable":true,"href":"http:\/\/klubmamgdynia.pl\/index.php\/wp-json\/wp\/v2\/media\/9874"}],"wp:attachment":[{"href":"http:\/\/klubmamgdynia.pl\/index.php\/wp-json\/wp\/v2\/media?parent=9873"}],"wp:term":[{"taxonomy":"product_cat","embeddable":true,"href":"http:\/\/klubmamgdynia.pl\/index.php\/wp-json\/wp\/v2\/product_cat?post=9873"},{"taxonomy":"product_tag","embeddable":true,"href":"http:\/\/klubmamgdynia.pl\/index.php\/wp-json\/wp\/v2\/product_tag?post=9873"}],"curies":[{"name":"wp","href":"https:\/\/api.w.org\/{rel}","templated":true}]}}