{"id":9875,"date":"2018-12-22T08:49:12","date_gmt":"2018-12-22T07:49:12","guid":{"rendered":"http:\/\/klubmamgdynia.pl\/index.php\/produkt\/kosz-do-przechowywania-zabawek-psi-patrol-36x36x58cm\/"},"modified":"2026-04-06T12:49:51","modified_gmt":"2026-04-06T10:49:51","slug":"kosz-do-przechowywania-zabawek-psi-patrol-36x36x58cm","status":"publish","type":"product","link":"http:\/\/klubmamgdynia.pl\/index.php\/produkt\/kosz-do-przechowywania-zabawek-psi-patrol-36x36x58cm\/","title":{"rendered":"Kosz do przechowywania zabawek Psi Patrol 36x36x58cm"},"content":{"rendered":"<p>Pojemnik &#8211; organizer tekstylny o wymiarach 36x36x58cm.Udekoruj i uporz\u0105dkuj swoje przestrzenie swoimi ulubionymi postaciami. Zajmuje ma\u0142o miejsca, rozk\u0142ada si\u0119 i sk\u0142ada szybko i \u0142atwo. Do przechowywania i porz\u0105dkowania zabawek, stroj\u00f3w, pi\u0142ek, ubra\u0144&#8230; wszystko jest uporz\u0105dkowane i gotowe do zabawy. Posiada wygodne uchwyty do transportu. Jest zgodny z przepisami europejskimiNie nadaje si\u0119 dla dzieci poni\u017cej 3 lat.<\/p>\n<h2>Kosz do przechowywania zabawek Psi Patrol 36x36x58cm Arditex<\/h2>\n<p>na wyspach bergamutach tekst, a \u015bpij kochanie, bajka dla dziewczynek, jasmin imi\u0119, gdzie nad wod\u0119 ko\u0142o warszawy, wiersze \u0142ama\u0144ce j\u0119zykowe dla dzieci, bajka o piesku do czytania, felix net i nika oraz gang niewidzialnych ludzi pytania i odpowiedzi<\/p>\n<p>yyyyy<\/p>\n<p>&nbsp;<\/p>\n","protected":false},"excerpt":{"rendered":"<p>Pojemnik &#8211; organizer tekstylny o wymiarach 36x36x58cm.Udekoruj i uporz\u0105dkuj swoje przestrzenie swoimi ulubionymi postaciami. Zajmuje ma\u0142o miejsca, rozk\u0142ada si\u0119 i sk\u0142ada szybko i \u0142atwo. Do przechowywania i porz\u0105dkowania zabawek, stroj\u00f3w, pi\u0142ek, ubra\u0144&#8230; wszystko jest uporz\u0105dkowane i gotowe do zabawy. Posiada wygodne uchwyty do transportu. Jest zgodny z przepisami europejskimiNie nadaje si\u0119 dla dzieci poni\u017cej 3 [&hellip;]<\/p>\n","protected":false},"featured_media":9876,"comment_status":"closed","ping_status":"open","template":"","meta":[],"product_cat":[1854,990],"product_tag":[776,706,585,749,588],"class_list":["post-9875","product","type-product","status-publish","has-post-thumbnail","hentry","product_cat-arditex","product_cat-skrzynie-i-pojemniki-na-zabawki","product_tag-dobrej-nocy","product_tag-imie-kuba","product_tag-kolorowanki-dla-chlopcow","product_tag-najlepsze-zarty-na-prima-aprilis","product_tag-wzruszajace-slowa-dla-przyjaciela"],"_links":{"self":[{"href":"http:\/\/klubmamgdynia.pl\/index.php\/wp-json\/wp\/v2\/product\/9875","targetHints":{"allow":["GET"]}}],"collection":[{"href":"http:\/\/klubmamgdynia.pl\/index.php\/wp-json\/wp\/v2\/product"}],"about":[{"href":"http:\/\/klubmamgdynia.pl\/index.php\/wp-json\/wp\/v2\/types\/product"}],"replies":[{"embeddable":true,"href":"http:\/\/klubmamgdynia.pl\/index.php\/wp-json\/wp\/v2\/comments?post=9875"}],"wp:featuredmedia":[{"embeddable":true,"href":"http:\/\/klubmamgdynia.pl\/index.php\/wp-json\/wp\/v2\/media\/9876"}],"wp:attachment":[{"href":"http:\/\/klubmamgdynia.pl\/index.php\/wp-json\/wp\/v2\/media?parent=9875"}],"wp:term":[{"taxonomy":"product_cat","embeddable":true,"href":"http:\/\/klubmamgdynia.pl\/index.php\/wp-json\/wp\/v2\/product_cat?post=9875"},{"taxonomy":"product_tag","embeddable":true,"href":"http:\/\/klubmamgdynia.pl\/index.php\/wp-json\/wp\/v2\/product_tag?post=9875"}],"curies":[{"name":"wp","href":"https:\/\/api.w.org\/{rel}","templated":true}]}}