{"id":9879,"date":"2015-05-02T00:54:53","date_gmt":"2015-05-01T22:54:53","guid":{"rendered":"http:\/\/klubmamgdynia.pl\/index.php\/produkt\/ikonka-telefon-edukacyjny-smartfon-dla-dzieci-hola-czerwo\/"},"modified":"2026-05-17T23:16:38","modified_gmt":"2026-05-17T21:16:38","slug":"ikonka-telefon-edukacyjny-smartfon-dla-dzieci-hola-czerwo","status":"publish","type":"product","link":"http:\/\/klubmamgdynia.pl\/index.php\/produkt\/ikonka-telefon-edukacyjny-smartfon-dla-dzieci-hola-czerwo\/","title":{"rendered":"Ikonka Telefon Edukacyjny Smartfon Dla Dzieci Hola Czerwo"},"content":{"rendered":"<p>Interaktywny telefon edukacyjny dla dzieci. Skradnie serce ka\u017cdego malucha i zach\u0119ci do odkrywania nowych d\u017awi\u0119k\u00f3w. Zasilanie: 2x bateria AAA 1,5V (brak w zestawie). Kolor: czerwony. Tworzywo: plastik. Wym. telefonu: 12,5x7x2cm.<\/p>\n<h2>Ikonka Telefon Edukacyjny Smartfon Dla Dzieci Hola Czerwo Kontext<\/h2>\n<p>prezent dla nastolatk\u00f3w na \u015bwi\u0119ta, zagadki dla ma\u0142ych dzieci, bajka krecik, podchwytliwe zagadki z odpowiedziami, czasdzieci krak\u00f3w, gry i zabawy dla dzieci<\/p>\n<p>yyyyy<\/p>\n<p>&nbsp;<\/p>\n","protected":false},"excerpt":{"rendered":"<p>Interaktywny telefon edukacyjny dla dzieci. Skradnie serce ka\u017cdego malucha i zach\u0119ci do odkrywania nowych d\u017awi\u0119k\u00f3w. Zasilanie: 2x bateria AAA 1,5V (brak w zestawie). Kolor: czerwony. Tworzywo: plastik. Wym. telefonu: 12,5x7x2cm. Ikonka Telefon Edukacyjny Smartfon Dla Dzieci Hola Czerwo Kontext prezent dla nastolatk\u00f3w na \u015bwi\u0119ta, zagadki dla ma\u0142ych dzieci, bajka krecik, podchwytliwe zagadki z odpowiedziami, czasdzieci [&hellip;]<\/p>\n","protected":false},"featured_media":9880,"comment_status":"closed","ping_status":"open","template":"","meta":[],"product_cat":[20,61],"product_tag":[838,690,782],"class_list":["post-9879","product","type-product","status-publish","has-post-thumbnail","hentry","product_cat-kontext","product_cat-zabawki-edukacyjne-dla-niemowlat","product_tag-bajki-dla-dzieci-na-dobranoc","product_tag-pieski-male-dwa-tekst","product_tag-zagadki-dla-dzieci-z-odpowiedziami"],"_links":{"self":[{"href":"http:\/\/klubmamgdynia.pl\/index.php\/wp-json\/wp\/v2\/product\/9879","targetHints":{"allow":["GET"]}}],"collection":[{"href":"http:\/\/klubmamgdynia.pl\/index.php\/wp-json\/wp\/v2\/product"}],"about":[{"href":"http:\/\/klubmamgdynia.pl\/index.php\/wp-json\/wp\/v2\/types\/product"}],"replies":[{"embeddable":true,"href":"http:\/\/klubmamgdynia.pl\/index.php\/wp-json\/wp\/v2\/comments?post=9879"}],"wp:featuredmedia":[{"embeddable":true,"href":"http:\/\/klubmamgdynia.pl\/index.php\/wp-json\/wp\/v2\/media\/9880"}],"wp:attachment":[{"href":"http:\/\/klubmamgdynia.pl\/index.php\/wp-json\/wp\/v2\/media?parent=9879"}],"wp:term":[{"taxonomy":"product_cat","embeddable":true,"href":"http:\/\/klubmamgdynia.pl\/index.php\/wp-json\/wp\/v2\/product_cat?post=9879"},{"taxonomy":"product_tag","embeddable":true,"href":"http:\/\/klubmamgdynia.pl\/index.php\/wp-json\/wp\/v2\/product_tag?post=9879"}],"curies":[{"name":"wp","href":"https:\/\/api.w.org\/{rel}","templated":true}]}}