{"id":988,"date":"2019-09-09T02:03:19","date_gmt":"2019-09-09T00:03:19","guid":{"rendered":"http:\/\/klubmamgdynia.pl\/index.php\/produkt\/mario-inex-klocki-waffle-dworzec-kolejowy-433el\/"},"modified":"2026-04-29T17:54:47","modified_gmt":"2026-04-29T15:54:47","slug":"mario-inex-klocki-waffle-dworzec-kolejowy-433el","status":"publish","type":"product","link":"http:\/\/klubmamgdynia.pl\/index.php\/produkt\/mario-inex-klocki-waffle-dworzec-kolejowy-433el\/","title":{"rendered":"Mario-Inex Klocki Waffle Dworzec Kolejowy 433El."},"content":{"rendered":"<p>Klocki Wafle Dworzec Kolejowy Karton 433 El.<\/p>\n<h2>Mario-Inex Klocki Waffle Dworzec Kolejowy 433El. Marioinex<\/h2>\n<p>zabawy dla 6 latk\u00f3w, sara, ekskluzywny prezent na roczek, nauka zegara do druku pdf, atrakcje do 30 km od wroc\u0142awia, prezent dla 14 letniej dziewczyny, zabawka dla rocznej dziewczynki, test z lektury asiunia, test z lektury ania z zielonego wzg\u00f3rza klasa 6 z odpowiedziami, kolorowe kredki tekst, kolorowanki uk\u0142ad s\u0142oneczny, lol kolorowanka, ozdoby wielkanocne kt\u00f3re mog\u0105 zrobi\u0107 dzieci, \u015bmieszne zagadki z odpowiedziami, karty pracy do druku litery, kolorowanki lol surprise, co kupi\u0107 nastolatce na urodziny, prezenty dla nastolatka<\/p>\n<p>yyyyy<\/p>\n<p>&nbsp;<\/p>\n","protected":false},"excerpt":{"rendered":"<p>Klocki Wafle Dworzec Kolejowy Karton 433 El. Mario-Inex Klocki Waffle Dworzec Kolejowy 433El. Marioinex zabawy dla 6 latk\u00f3w, sara, ekskluzywny prezent na roczek, nauka zegara do druku pdf, atrakcje do 30 km od wroc\u0142awia, prezent dla 14 letniej dziewczyny, zabawka dla rocznej dziewczynki, test z lektury asiunia, test z lektury ania z zielonego wzg\u00f3rza klasa [&hellip;]<\/p>\n","protected":false},"featured_media":989,"comment_status":"closed","ping_status":"open","template":"","meta":[],"product_cat":[113,328],"product_tag":[619,742,812],"class_list":["post-988","product","type-product","status-publish","has-post-thumbnail","hentry","product_cat-klocki","product_cat-marioinex","product_tag-iwo-imie","product_tag-piosenki-dla-dzieci-tekst","product_tag-zagadki-logiczne-na-inteligencje"],"_links":{"self":[{"href":"http:\/\/klubmamgdynia.pl\/index.php\/wp-json\/wp\/v2\/product\/988","targetHints":{"allow":["GET"]}}],"collection":[{"href":"http:\/\/klubmamgdynia.pl\/index.php\/wp-json\/wp\/v2\/product"}],"about":[{"href":"http:\/\/klubmamgdynia.pl\/index.php\/wp-json\/wp\/v2\/types\/product"}],"replies":[{"embeddable":true,"href":"http:\/\/klubmamgdynia.pl\/index.php\/wp-json\/wp\/v2\/comments?post=988"}],"wp:featuredmedia":[{"embeddable":true,"href":"http:\/\/klubmamgdynia.pl\/index.php\/wp-json\/wp\/v2\/media\/989"}],"wp:attachment":[{"href":"http:\/\/klubmamgdynia.pl\/index.php\/wp-json\/wp\/v2\/media?parent=988"}],"wp:term":[{"taxonomy":"product_cat","embeddable":true,"href":"http:\/\/klubmamgdynia.pl\/index.php\/wp-json\/wp\/v2\/product_cat?post=988"},{"taxonomy":"product_tag","embeddable":true,"href":"http:\/\/klubmamgdynia.pl\/index.php\/wp-json\/wp\/v2\/product_tag?post=988"}],"curies":[{"name":"wp","href":"https:\/\/api.w.org\/{rel}","templated":true}]}}