{"id":9881,"date":"2014-10-28T05:19:08","date_gmt":"2014-10-28T04:19:08","guid":{"rendered":"http:\/\/klubmamgdynia.pl\/index.php\/produkt\/3-sprouts-mata-na-zabawki-wieloryb-niebieski\/"},"modified":"2026-05-17T22:37:50","modified_gmt":"2026-05-17T20:37:50","slug":"3-sprouts-mata-na-zabawki-wieloryb-niebieski","status":"publish","type":"product","link":"http:\/\/klubmamgdynia.pl\/index.php\/produkt\/3-sprouts-mata-na-zabawki-wieloryb-niebieski\/","title":{"rendered":"3 Sprouts Mata na Zabawki Wieloryb Niebieski"},"content":{"rendered":"<p>3 Sprouts Mata Worek na Zabawki Wieloryb NiebieskiNumer kat. 3SPMWHOd teraz ulubione zabawki Twojego dziecka b\u0119dziesz m\u00f3g\u0142 zabra\u0107 ze sob\u0105, bez obaw o to w co je zapakujesz. Mata worek na zabawki to idealne rozwi\u0105zanie, a jej z\u0142o\u017cenie i roz\u0142o\u017cenie jest bajecznie proste! Wystarczy po\u0142o\u017cy\u0107 na pod\u0142odze mat\u0119, rozpi\u0105\u0107 rzepy i przestrze\u0144 do zabawy gotowa! Gdy dzieci sko\u0144cz\u0105 si\u0119 bawi\u0107, bez problemu z\u0142o\u017cysz mat\u0119 razem z zabawkami, a jej ma\u0142e wymiary sprawiaj\u0105, \u017ce zmie\u015bcisz j\u0105 wsz\u0119dzie. Mata worek wykonana jest z 100% bawe\u0142nianego p\u0142\u00f3tna, a solidne uchwyty u\u0142atwiaj\u0105 nie tylko przenoszenie maty z pokoju do pokoju. Dziecko swoje ulubione zabawki, dzi\u0119ki macie worek 3 Sprouts b\u0119dzie mia\u0142o zawsze przy sobie!Wymiary:- \u015brednica 112 cm- wysoko\u015b\u0107 boku 7 cmMateria\u0142: 100% p\u0142\u00f3tna bawe\u0142nianegoWymiary opakowania:- szeroko\u015b\u0107 32 cm- wysoko\u015b\u0107 39 cm- g\u0142eboko\u015b\u0107 3 cmSpos\u00f3b czyszczenia: czy\u015bci\u0107 wy\u0142\u0105cznie such\u0105 \u015bciereczk\u01053 Sprouts to Kanadyjska firma specjalizuj\u0105ca si\u0119 w produktach do wyposa\u017cenia wn\u0119trz. 3 Sprouts zosta\u0142 stworzony przez trzech przyjaci\u00f3\u0142, kt\u00f3rzy podzielaj\u0105 mi\u0142o\u015b\u0107 do dzieci i uznanie dla unikalnych i nowoczesnych produkt\u00f3w. Pracuj\u0105c w projektowaniu w Nowym Jorku i Toronto dla takich firm, jak Kate Spade, Barneys New York i Holt Renfrew, zainspirowali si\u0119 do stworzenia kolekcji, kt\u00f3ra skierowana zar\u00f3wno jest do rodzic\u00f3w jak i dzieci.Od narodzin 3 Sprouts &#8211; wiosn\u0105 2007 roku firma jest szcz\u0119\u015bliwa, aby s\u0142u\u017cy\u0107 klientom, kt\u00f3rzy podzielaj\u0105 zaanga\u017cowanie na dobrze zaprojektowane produkty dla dziecka.Producenci kochaj\u0105 mark\u0119 3 Sprouts, kt\u00f3ra pozwala znale\u017a\u0107 wielk\u0105 rado\u015b\u0107 w projektowaniu produkt\u00f3w, kt\u00f3re pasuj\u0105 dla ka\u017cdego domu. 3 Sprouts pozostawia u\u015bmiecha dla ka\u017cdego, kt\u00f3ry widzi produkty jak i dla codziennych u\u017cytkownik\u00f3w.<\/p>\n<h2>3 Sprouts Mata na Zabawki Wieloryb Niebieski 3 Sprouts<\/h2>\n<p>janusz korczak cytaty, zrobi\u0107 laurk\u0119 laurka dla babci, krak\u00f3w atrakcje dla dzieci, ry\u017c z owocami, quizy dla dzieci o zwierz\u0119tach, ida swieta wielkanocne ida swieta, cytaty o dzieciach, zagadki dla starszych dzieci<\/p>\n<p>yyyyy<\/p>\n<p>&nbsp;<\/p>\n","protected":false},"excerpt":{"rendered":"<p>3 Sprouts Mata Worek na Zabawki Wieloryb NiebieskiNumer kat. 3SPMWHOd teraz ulubione zabawki Twojego dziecka b\u0119dziesz m\u00f3g\u0142 zabra\u0107 ze sob\u0105, bez obaw o to w co je zapakujesz. Mata worek na zabawki to idealne rozwi\u0105zanie, a jej z\u0142o\u017cenie i roz\u0142o\u017cenie jest bajecznie proste! Wystarczy po\u0142o\u017cy\u0107 na pod\u0142odze mat\u0119, rozpi\u0105\u0107 rzepy i przestrze\u0144 do zabawy gotowa! [&hellip;]<\/p>\n","protected":false},"featured_media":9882,"comment_status":"closed","ping_status":"open","template":"","meta":[],"product_cat":[1004,55],"product_tag":[772,727,813,748,785,798],"class_list":["post-9881","product","type-product","status-publish","has-post-thumbnail","hentry","product_cat-3-sprouts","product_cat-maty-edukacyjne","product_tag-45-panstw-europy-i-ich-stolice-quiz","product_tag-godlo-polski-do-druku","product_tag-krotkie-zagadki-matematyczne-z-odpowiedziami","product_tag-okolice-wroclawia-atrakcje","product_tag-prezent-dla-nastolatkow","product_tag-prezenty-dla-nastolatki"],"_links":{"self":[{"href":"http:\/\/klubmamgdynia.pl\/index.php\/wp-json\/wp\/v2\/product\/9881","targetHints":{"allow":["GET"]}}],"collection":[{"href":"http:\/\/klubmamgdynia.pl\/index.php\/wp-json\/wp\/v2\/product"}],"about":[{"href":"http:\/\/klubmamgdynia.pl\/index.php\/wp-json\/wp\/v2\/types\/product"}],"replies":[{"embeddable":true,"href":"http:\/\/klubmamgdynia.pl\/index.php\/wp-json\/wp\/v2\/comments?post=9881"}],"wp:featuredmedia":[{"embeddable":true,"href":"http:\/\/klubmamgdynia.pl\/index.php\/wp-json\/wp\/v2\/media\/9882"}],"wp:attachment":[{"href":"http:\/\/klubmamgdynia.pl\/index.php\/wp-json\/wp\/v2\/media?parent=9881"}],"wp:term":[{"taxonomy":"product_cat","embeddable":true,"href":"http:\/\/klubmamgdynia.pl\/index.php\/wp-json\/wp\/v2\/product_cat?post=9881"},{"taxonomy":"product_tag","embeddable":true,"href":"http:\/\/klubmamgdynia.pl\/index.php\/wp-json\/wp\/v2\/product_tag?post=9881"}],"curies":[{"name":"wp","href":"https:\/\/api.w.org\/{rel}","templated":true}]}}