{"id":9885,"date":"2023-03-25T04:15:24","date_gmt":"2023-03-25T03:15:24","guid":{"rendered":"http:\/\/klubmamgdynia.pl\/?post_type=product&#038;p=9885"},"modified":"2026-04-06T01:29:38","modified_gmt":"2026-04-05T23:29:38","slug":"3-sprouts-skrzynka-na-zabawki-skladana-large-pink","status":"publish","type":"product","link":"http:\/\/klubmamgdynia.pl\/index.php\/produkt\/3-sprouts-skrzynka-na-zabawki-skladana-large-pink\/","title":{"rendered":"3 Sprouts Skrzynka na Zabawki Sk\u0142adana Large Pink"},"content":{"rendered":"<p>3 Sprouts Skrzynka na Zabawki Sk\u0142adana Large Pink<\/p>\n<h2>3 Sprouts Skrzynka na Zabawki Sk\u0142adana Large Pink 3 Sprouts<\/h2>\n<p>aniela znaczenie imienia, maska dinozaura, cytaty o rodzicach, wycinanki dla dzieci do druku, liwia, po\u0142\u0105cz kropki do druku \u0142atwe, cytaty na dzie\u0144 edukacji narodowej, atrakcje dla dzieci wroc\u0142aw i okolice, zagadki z odpowiedziami, zagadki logiczne na inteligencj\u0119, wroc\u0142aw atrakcje dla m\u0142odzie\u017cy, podchwytliwe zagadki dla doros\u0142ych, atrakcje wroc\u0142aw i okolice, prezent dla jedenastolatki, kr\u00f3tkie czytanki dla dzieci do wydruku, kolorowanki \u015bwi\u0105teczne do wydruku, lol surprise kolorowanka, kawal na prima aprilis<\/p>\n<p>yyyyy<\/p>\n<p>&nbsp;<\/p>\n","protected":false},"excerpt":{"rendered":"<p>3 Sprouts Skrzynka na Zabawki Sk\u0142adana Large Pink 3 Sprouts Skrzynka na Zabawki Sk\u0142adana Large Pink 3 Sprouts aniela znaczenie imienia, maska dinozaura, cytaty o rodzicach, wycinanki dla dzieci do druku, liwia, po\u0142\u0105cz kropki do druku \u0142atwe, cytaty na dzie\u0144 edukacji narodowej, atrakcje dla dzieci wroc\u0142aw i okolice, zagadki z odpowiedziami, zagadki logiczne na inteligencj\u0119, [&hellip;]<\/p>\n","protected":false},"featured_media":9886,"comment_status":"closed","ping_status":"open","template":"","meta":[],"product_cat":[1004,990],"product_tag":[671,587,762,738,713],"class_list":["post-9885","product","type-product","status-publish","has-post-thumbnail","hentry","product_cat-3-sprouts","product_cat-skrzynie-i-pojemniki-na-zabawki","product_tag-cicha-noc-po-angielsku-tekst","product_tag-skalne-miasto","product_tag-trudne-zagadki-dla-dzieci","product_tag-wroclaw-dla-dzieci","product_tag-zagadki-logiczne-z-odpowiedziami"],"_links":{"self":[{"href":"http:\/\/klubmamgdynia.pl\/index.php\/wp-json\/wp\/v2\/product\/9885","targetHints":{"allow":["GET"]}}],"collection":[{"href":"http:\/\/klubmamgdynia.pl\/index.php\/wp-json\/wp\/v2\/product"}],"about":[{"href":"http:\/\/klubmamgdynia.pl\/index.php\/wp-json\/wp\/v2\/types\/product"}],"replies":[{"embeddable":true,"href":"http:\/\/klubmamgdynia.pl\/index.php\/wp-json\/wp\/v2\/comments?post=9885"}],"wp:featuredmedia":[{"embeddable":true,"href":"http:\/\/klubmamgdynia.pl\/index.php\/wp-json\/wp\/v2\/media\/9886"}],"wp:attachment":[{"href":"http:\/\/klubmamgdynia.pl\/index.php\/wp-json\/wp\/v2\/media?parent=9885"}],"wp:term":[{"taxonomy":"product_cat","embeddable":true,"href":"http:\/\/klubmamgdynia.pl\/index.php\/wp-json\/wp\/v2\/product_cat?post=9885"},{"taxonomy":"product_tag","embeddable":true,"href":"http:\/\/klubmamgdynia.pl\/index.php\/wp-json\/wp\/v2\/product_tag?post=9885"}],"curies":[{"name":"wp","href":"https:\/\/api.w.org\/{rel}","templated":true}]}}