{"id":9887,"date":"2025-01-26T17:10:14","date_gmt":"2025-01-26T16:10:14","guid":{"rendered":"http:\/\/klubmamgdynia.pl\/?post_type=product&#038;p=9887"},"modified":"2026-05-17T22:47:15","modified_gmt":"2026-05-17T20:47:15","slug":"kraina-pingwina-talerzyk-dla-dziecka-znad-morza-osmiornica-kraina-pingiwna","status":"publish","type":"product","link":"http:\/\/klubmamgdynia.pl\/index.php\/produkt\/kraina-pingwina-talerzyk-dla-dziecka-znad-morza-osmiornica-kraina-pingiwna\/","title":{"rendered":"Kraina Pingwina Talerzyk Dla Dziecka Znad Morza O\u015bmiornica Kraina Pingiwna"},"content":{"rendered":"<p>Oryginalny talerzyk znad morza Captain Mike\u00ae, z pi\u0119knym nadrukiem. Pi\u0119knie wykonany talerzyk w morskiej stylistyce. Przemy\u015blany kszta\u0142t idealny rozmiar, \u015bwietnie sprawdzi si\u0119 dla twojego dziecka. Trwa\u0142y nadruk talerzyka jest odporny na mycie w zmywarce! \u2b50\ufe0f\u2b50\ufe0f\u2b50\ufe0f\u2b50\ufe0f\u2b50\ufe0f Najwa\u017cniejsze cechy: \u2705Wykonany z ceramiki wysokiej jako\u015bci z pi\u0119knym i trwa\u0142ym nadrukiem \u2705Idealny do kanapek, \u015bniada\u0144 i deser\u00f3w \u2705Mo\u017cna podgrzewa\u0107 w nim dania w mikrofal\u00f3wce. \u2705Nadaje si\u0119 do mycia w zmywarce do naczy\u0144. \u2705Posiada oryginalne logo na spodzie talerzyka potwierdzaj\u0105ce autentyczno\u015b\u0107 produktu Oryginalny produkt polskiej marki Captain Mike\u00ae Sprawd\u017a te\u017c inne nasze miseczki, talerze i kubki! Materia\u0142: ceramika \u015arednica: 19,5 cm Seria: Kraina Pingwina Marka: Captain Mike\u00ae Seria Kraina Pingwina zosta\u0142a stworzona z my\u015bl\u0105 o najm\u0142odszych. Bezpieczne i trwa\u0142e materia\u0142y oraz pi\u0119kna stylistyka da wiele rado\u015bci ze wsp\u00f3lnych posi\u0142k\u00f3w! Captain Mike\u00ae to polska marka kt\u00f3rej produkty s\u0105 w ca\u0142o\u015bci zaprojektowane w Polsce, z pasj\u0105 i dba\u0142o\u015bci\u0105 o szczeg\u00f3\u0142y. Ceramika Captain Mike\u00ae charakteryzuje si\u0119 wysok\u0105 jako\u015bci\u0105 oraz wyj\u0105tkow\u0105 lekko\u015bci\u0105 i dba\u0142o\u015bci\u0105 o detale, o kt\u00f3r\u0105 jest niejednokrotnie ci\u0119\u017cko w przypadku powszechnej na rynku chi\u0144skiej porcelany. Trwa\u0142e wzory i nadruki sprawiaj\u0105, \u017ce ceramika ma szans\u0119 cieszy\u0107 oko przez d\u0142ugie lata.<\/p>\n<h2>Kraina Pingwina Talerzyk Dla Dziecka Znad Morza O\u015bmiornica Kraina Pingiwna Inny<\/h2>\n<p>tulipany kolorowanki, kolorowanka minecraft, literki do druku, ach \u015bpij kochanie tekst<\/p>\n<p>yyyyy<\/p>\n<p>&nbsp;<\/p>\n","protected":false},"excerpt":{"rendered":"<p>Oryginalny talerzyk znad morza Captain Mike\u00ae, z pi\u0119knym nadrukiem. Pi\u0119knie wykonany talerzyk w morskiej stylistyce. Przemy\u015blany kszta\u0142t idealny rozmiar, \u015bwietnie sprawdzi si\u0119 dla twojego dziecka. Trwa\u0142y nadruk talerzyka jest odporny na mycie w zmywarce! \u2b50\ufe0f\u2b50\ufe0f\u2b50\ufe0f\u2b50\ufe0f\u2b50\ufe0f Najwa\u017cniejsze cechy: \u2705Wykonany z ceramiki wysokiej jako\u015bci z pi\u0119knym i trwa\u0142ym nadrukiem \u2705Idealny do kanapek, \u015bniada\u0144 i deser\u00f3w \u2705Mo\u017cna podgrzewa\u0107 [&hellip;]<\/p>\n","protected":false},"featured_media":9888,"comment_status":"closed","ping_status":"open","template":"","meta":[],"product_cat":[169,215],"product_tag":[688,637,782,649],"class_list":["post-9887","product","type-product","status-publish","has-post-thumbnail","hentry","product_cat-inny","product_cat-naczynia-i-sztucce-dla-dzieci","product_tag-kolysanki-tekst","product_tag-niech-zyja-wakacje-tekst","product_tag-zagadki-dla-dzieci-z-odpowiedziami","product_tag-zagadki-dla-nastolatkow"],"_links":{"self":[{"href":"http:\/\/klubmamgdynia.pl\/index.php\/wp-json\/wp\/v2\/product\/9887","targetHints":{"allow":["GET"]}}],"collection":[{"href":"http:\/\/klubmamgdynia.pl\/index.php\/wp-json\/wp\/v2\/product"}],"about":[{"href":"http:\/\/klubmamgdynia.pl\/index.php\/wp-json\/wp\/v2\/types\/product"}],"replies":[{"embeddable":true,"href":"http:\/\/klubmamgdynia.pl\/index.php\/wp-json\/wp\/v2\/comments?post=9887"}],"wp:featuredmedia":[{"embeddable":true,"href":"http:\/\/klubmamgdynia.pl\/index.php\/wp-json\/wp\/v2\/media\/9888"}],"wp:attachment":[{"href":"http:\/\/klubmamgdynia.pl\/index.php\/wp-json\/wp\/v2\/media?parent=9887"}],"wp:term":[{"taxonomy":"product_cat","embeddable":true,"href":"http:\/\/klubmamgdynia.pl\/index.php\/wp-json\/wp\/v2\/product_cat?post=9887"},{"taxonomy":"product_tag","embeddable":true,"href":"http:\/\/klubmamgdynia.pl\/index.php\/wp-json\/wp\/v2\/product_tag?post=9887"}],"curies":[{"name":"wp","href":"https:\/\/api.w.org\/{rel}","templated":true}]}}