{"id":9889,"date":"2022-06-01T03:01:49","date_gmt":"2022-06-01T01:01:49","guid":{"rendered":"http:\/\/klubmamgdynia.pl\/index.php\/produkt\/trixie-baby-maly-kosz-na-zabawki-mrs-rabbit\/"},"modified":"2026-04-24T06:51:30","modified_gmt":"2026-04-24T04:51:30","slug":"trixie-baby-maly-kosz-na-zabawki-mrs-rabbit","status":"publish","type":"product","link":"http:\/\/klubmamgdynia.pl\/index.php\/produkt\/trixie-baby-maly-kosz-na-zabawki-mrs-rabbit\/","title":{"rendered":"Trixie Baby: Ma\u0142y kosz na zabawki Mrs. Rabbit"},"content":{"rendered":"<p>Ma\u0142y kosz na zabawki Mrs. Rabbit marki Trixie BabyKosz \u2014 torba na zabawki sprawi, i\u017c w pokoju Twojego maluszka zapanuje porz\u0105dek. Torba idealna do przechowywania pluszak\u00f3w, samochod\u00f3w czy innych zabawek. Kosz ma na g\u00f3rze \u015bci\u0105gacz, dzi\u0119ki czemu mo\u017ce by\u0107 \u0142atwo otwierany i zamykany przez dzieci. Dwa solidne uchwyty umo\u017cliwiaj\u0105 \u0142atwe przenoszenie, nawet gdy kosz jest pe\u0142en. Kosz jest starannie wykonany, b\u0119dzie pi\u0119knym dodatkiem do pokoju dzieci\u0119cego.Bawe\u0142niana torba na zabawki Wymiar 28 x 42 cmMateria\u0142: bawe\u0142na<\/p>\n<h2>Trixie Baby: Ma\u0142y kosz na zabawki Mrs. Rabbit Trixie<\/h2>\n<p>kolorowe kredki tekst, pokemon do druku, koreczki dla dzieci na urodziny, quiz o wio\u015bnie, quiz felix net i nika oraz gang niewidzialnych ludzi, opis o dziecku<\/p>\n<p>yyyyy<\/p>\n<p>&nbsp;<\/p>\n","protected":false},"excerpt":{"rendered":"<p>Ma\u0142y kosz na zabawki Mrs. Rabbit marki Trixie BabyKosz \u2014 torba na zabawki sprawi, i\u017c w pokoju Twojego maluszka zapanuje porz\u0105dek. Torba idealna do przechowywania pluszak\u00f3w, samochod\u00f3w czy innych zabawek. Kosz ma na g\u00f3rze \u015bci\u0105gacz, dzi\u0119ki czemu mo\u017ce by\u0107 \u0142atwo otwierany i zamykany przez dzieci. Dwa solidne uchwyty umo\u017cliwiaj\u0105 \u0142atwe przenoszenie, nawet gdy kosz jest [&hellip;]<\/p>\n","protected":false},"featured_media":9890,"comment_status":"closed","ping_status":"open","template":"","meta":[],"product_cat":[990,43],"product_tag":[664,688,814],"class_list":["post-9889","product","type-product","status-publish","has-post-thumbnail","hentry","product_cat-skrzynie-i-pojemniki-na-zabawki","product_cat-trixie","product_tag-atrakcje-dla-dzieci-trojmiasto","product_tag-kolysanki-tekst","product_tag-prezenty-dla-nastolatek"],"_links":{"self":[{"href":"http:\/\/klubmamgdynia.pl\/index.php\/wp-json\/wp\/v2\/product\/9889","targetHints":{"allow":["GET"]}}],"collection":[{"href":"http:\/\/klubmamgdynia.pl\/index.php\/wp-json\/wp\/v2\/product"}],"about":[{"href":"http:\/\/klubmamgdynia.pl\/index.php\/wp-json\/wp\/v2\/types\/product"}],"replies":[{"embeddable":true,"href":"http:\/\/klubmamgdynia.pl\/index.php\/wp-json\/wp\/v2\/comments?post=9889"}],"wp:featuredmedia":[{"embeddable":true,"href":"http:\/\/klubmamgdynia.pl\/index.php\/wp-json\/wp\/v2\/media\/9890"}],"wp:attachment":[{"href":"http:\/\/klubmamgdynia.pl\/index.php\/wp-json\/wp\/v2\/media?parent=9889"}],"wp:term":[{"taxonomy":"product_cat","embeddable":true,"href":"http:\/\/klubmamgdynia.pl\/index.php\/wp-json\/wp\/v2\/product_cat?post=9889"},{"taxonomy":"product_tag","embeddable":true,"href":"http:\/\/klubmamgdynia.pl\/index.php\/wp-json\/wp\/v2\/product_tag?post=9889"}],"curies":[{"name":"wp","href":"https:\/\/api.w.org\/{rel}","templated":true}]}}