{"id":9891,"date":"2022-05-21T09:13:42","date_gmt":"2022-05-21T07:13:42","guid":{"rendered":"http:\/\/klubmamgdynia.pl\/index.php\/produkt\/stor-harry-potter-bidon-bez-bpa-400ml\/"},"modified":"2026-04-26T15:34:32","modified_gmt":"2026-04-26T13:34:32","slug":"stor-harry-potter-bidon-bez-bpa-400ml","status":"publish","type":"product","link":"http:\/\/klubmamgdynia.pl\/index.php\/produkt\/stor-harry-potter-bidon-bez-bpa-400ml\/","title":{"rendered":"Stor Harry Potter Bidon Bez Bpa 400Ml"},"content":{"rendered":"<p>BIDONHARRY POTTERpojemno\u015b\u0107: 400mlmateria\u0142 : plastiknie zawiera BPAwiek: 3+<\/p>\n<h2>Stor Harry Potter Bidon Bez Bpa 400Ml Stor<\/h2>\n<p>jak zrobi\u0107 wulkan, prezent na roczek, zagadki o bajkach, cytaty dla dzieci, dzieci z bullerbyn quiz, kolorowe kredki tekst, \u0142amig\u0142\u00f3wki dla 4 latka do druku, co kupic na roczek, ko\u0142ysanka dla dzieci tekst, maska psi patrol do druku, wroc\u0142aw i okolice atrakcje, zagadki dla 9 latk\u00f3w, prezent pod choink\u0119 dla 7 letniej dziewczynki, nietypowe imiona, kolorowanki konie, cytaty o mi\u0142o\u015bci kubu\u015b puchatek, piesek kolorowanka, uk\u0142ad s\u0142oneczny kolorowanka, karolcia test z lektury, natan imi\u0119<\/p>\n<p>yyyyy<\/p>\n<p>&nbsp;<\/p>\n","protected":false},"excerpt":{"rendered":"<p>BIDONHARRY POTTERpojemno\u015b\u0107: 400mlmateria\u0142 : plastiknie zawiera BPAwiek: 3+ Stor Harry Potter Bidon Bez Bpa 400Ml Stor jak zrobi\u0107 wulkan, prezent na roczek, zagadki o bajkach, cytaty dla dzieci, dzieci z bullerbyn quiz, kolorowe kredki tekst, \u0142amig\u0142\u00f3wki dla 4 latka do druku, co kupic na roczek, ko\u0142ysanka dla dzieci tekst, maska psi patrol do druku, wroc\u0142aw [&hellip;]<\/p>\n","protected":false},"featured_media":9892,"comment_status":"closed","ping_status":"open","template":"","meta":[],"product_cat":[215,1015],"product_tag":[660,840,679,698],"class_list":["post-9891","product","type-product","status-publish","has-post-thumbnail","hentry","product_cat-naczynia-i-sztucce-dla-dzieci","product_cat-stor","product_tag-bianka","product_tag-stare-bajki","product_tag-zabawki-na-roczek-dla-dziewczynki","product_tag-zagadki-dla-przedszkolakow"],"_links":{"self":[{"href":"http:\/\/klubmamgdynia.pl\/index.php\/wp-json\/wp\/v2\/product\/9891","targetHints":{"allow":["GET"]}}],"collection":[{"href":"http:\/\/klubmamgdynia.pl\/index.php\/wp-json\/wp\/v2\/product"}],"about":[{"href":"http:\/\/klubmamgdynia.pl\/index.php\/wp-json\/wp\/v2\/types\/product"}],"replies":[{"embeddable":true,"href":"http:\/\/klubmamgdynia.pl\/index.php\/wp-json\/wp\/v2\/comments?post=9891"}],"wp:featuredmedia":[{"embeddable":true,"href":"http:\/\/klubmamgdynia.pl\/index.php\/wp-json\/wp\/v2\/media\/9892"}],"wp:attachment":[{"href":"http:\/\/klubmamgdynia.pl\/index.php\/wp-json\/wp\/v2\/media?parent=9891"}],"wp:term":[{"taxonomy":"product_cat","embeddable":true,"href":"http:\/\/klubmamgdynia.pl\/index.php\/wp-json\/wp\/v2\/product_cat?post=9891"},{"taxonomy":"product_tag","embeddable":true,"href":"http:\/\/klubmamgdynia.pl\/index.php\/wp-json\/wp\/v2\/product_tag?post=9891"}],"curies":[{"name":"wp","href":"https:\/\/api.w.org\/{rel}","templated":true}]}}