{"id":9897,"date":"2017-06-07T17:02:15","date_gmt":"2017-06-07T15:02:15","guid":{"rendered":"http:\/\/klubmamgdynia.pl\/index.php\/produkt\/zeszyt-a5-60k-beniamin-basic-etniczny-linia-beniamin\/"},"modified":"2026-05-17T22:38:06","modified_gmt":"2026-05-17T20:38:06","slug":"zeszyt-a5-60k-beniamin-basic-etniczny-linia-beniamin","status":"publish","type":"product","link":"http:\/\/klubmamgdynia.pl\/index.php\/produkt\/zeszyt-a5-60k-beniamin-basic-etniczny-linia-beniamin\/","title":{"rendered":"Zeszyt A5 60k. BENIAMIN Basic etniczny, linia Beniamin"},"content":{"rendered":"<p>Zeszyt format A5. Ilo\u015b\u0107 kartek w \u015brodku 60. Zadruk jasno fioletowy. Linia. Ok\u0142adka mi\u0119kka kredowana, pokryta foli\u0105 b\u0142yszcz\u0105c\u0105.Dwa wzory mix.Wysoko\u015b\u0107: 21 cm Szeroko\u015b\u0107: 14,7 cm Grubo\u015b\u0107: 0,05 cm, pakowany po 5 sztuk<\/p>\n<h2>Zeszyt A5 60k. BENIAMIN Basic etniczny, linia Beniamin Beniamin<\/h2>\n<p>prezent dla nastolatk\u00f3w 2021, impreza halloween 2021 dla dzieci, t\u0119cza kolorowanka, postacie z bajek kolorowanki do wydrukowania, kolorowanka dla dziewczynki, quiz online, platformy edukacyjne, lol kolorowanki do druku<\/p>\n<p>yyyyy<\/p>\n<p>&nbsp;<\/p>\n","protected":false},"excerpt":{"rendered":"<p>Zeszyt format A5. Ilo\u015b\u0107 kartek w \u015brodku 60. Zadruk jasno fioletowy. Linia. Ok\u0142adka mi\u0119kka kredowana, pokryta foli\u0105 b\u0142yszcz\u0105c\u0105.Dwa wzory mix.Wysoko\u015b\u0107: 21 cm Szeroko\u015b\u0107: 14,7 cm Grubo\u015b\u0107: 0,05 cm, pakowany po 5 sztuk Zeszyt A5 60k. BENIAMIN Basic etniczny, linia Beniamin Beniamin prezent dla nastolatk\u00f3w 2021, impreza halloween 2021 dla dzieci, t\u0119cza kolorowanka, postacie z bajek [&hellip;]<\/p>\n","protected":false},"featured_media":9898,"comment_status":"closed","ping_status":"open","template":"","meta":[],"product_cat":[1376,325],"product_tag":[825,700,752],"class_list":["post-9897","product","type-product","status-publish","has-post-thumbnail","hentry","product_cat-beniamin","product_cat-szkolne-artykuly-papiernicze","product_tag-bajka-na-dobranoc-do-czytania","product_tag-bajki-do-czytania-dla-dzieci","product_tag-kuba-imie"],"_links":{"self":[{"href":"http:\/\/klubmamgdynia.pl\/index.php\/wp-json\/wp\/v2\/product\/9897","targetHints":{"allow":["GET"]}}],"collection":[{"href":"http:\/\/klubmamgdynia.pl\/index.php\/wp-json\/wp\/v2\/product"}],"about":[{"href":"http:\/\/klubmamgdynia.pl\/index.php\/wp-json\/wp\/v2\/types\/product"}],"replies":[{"embeddable":true,"href":"http:\/\/klubmamgdynia.pl\/index.php\/wp-json\/wp\/v2\/comments?post=9897"}],"wp:featuredmedia":[{"embeddable":true,"href":"http:\/\/klubmamgdynia.pl\/index.php\/wp-json\/wp\/v2\/media\/9898"}],"wp:attachment":[{"href":"http:\/\/klubmamgdynia.pl\/index.php\/wp-json\/wp\/v2\/media?parent=9897"}],"wp:term":[{"taxonomy":"product_cat","embeddable":true,"href":"http:\/\/klubmamgdynia.pl\/index.php\/wp-json\/wp\/v2\/product_cat?post=9897"},{"taxonomy":"product_tag","embeddable":true,"href":"http:\/\/klubmamgdynia.pl\/index.php\/wp-json\/wp\/v2\/product_tag?post=9897"}],"curies":[{"name":"wp","href":"https:\/\/api.w.org\/{rel}","templated":true}]}}