{"id":990,"date":"2021-02-09T10:09:48","date_gmt":"2021-02-09T09:09:48","guid":{"rendered":"http:\/\/klubmamgdynia.pl\/index.php\/produkt\/starpak-zestaw-artystyczny-28-el-trolls\/"},"modified":"2026-04-03T14:44:30","modified_gmt":"2026-04-03T12:44:30","slug":"starpak-zestaw-artystyczny-28-el-trolls","status":"publish","type":"product","link":"http:\/\/klubmamgdynia.pl\/index.php\/produkt\/starpak-zestaw-artystyczny-28-el-trolls\/","title":{"rendered":"Starpak Zestaw Artystyczny 28 El Trolls"},"content":{"rendered":"<p>Klocki Blocki MyCity Betoniarka 217 el.EAN: 6922018042275Oprawa: Pude\u0142koWydawnictwo: IcomKategoria: Dla dziecka \/ Zabawki \/ KlockiKlocki konstrukcyjne Blocki dostarcz\u0105 mn\u00f3stwo pomys\u0142\u00f3w na kreatywn\u0105 zabaw\u0119 i sprawi\u0105 wiele rado\u015bci zar\u00f3wno ma\u0142ym, jak i du\u017cym konstruktorom. Pokochacie je za jako\u015b\u0107 wykonania, interesuj\u0105ce i r\u00f3\u017cnorodne serie, kolorowe opakowania oraz konkurencyjn\u0105 cen\u0119. Klocki Blocki zaprojektowane zosta\u0142y tak, aby mo\u017cna je by\u0142o \u0142\u0105czy\u0107 z pozosta\u0142ymi zestawami Block\u00f3w oraz klockami innych rozpoznawalnych marek. Dla dzieci w wieku od 6 lat.<\/p>\n<h2>Starpak Zestaw Artystyczny 28 El Trolls Starpak<\/h2>\n<p>zaproszenia na urodziny do wydruku czarno bia\u0142e, kolorowanka star wars, s\u0142owa do przyjaciela, zagadka matematyczna dla dzieci, korczak cytaty, plac zamkowy, wzruszaj\u0105ce teksty dla mamy, prezenty dla nastolatk\u00f3w, szopka do druku, wzruszaj\u0105ce s\u0142owa dla przyjaciela, kolorowanki na andrzejki do wydruku, horror dla dzieci, m\u0105dre \u017cyczenia \u015bwi\u0105teczne, opowiadanie o miko\u0142aju dla przedszkolak\u00f3w, najpi\u0119kniejsze piosenki \u015bwi\u0105teczne dla dzieci, pomysly na prima aprilis, kolorowanki dla dziewczynek, cytat dla mamy<\/p>\n<p>yyyyy<\/p>\n<p>&nbsp;<\/p>\n","protected":false},"excerpt":{"rendered":"<p>Klocki Blocki MyCity Betoniarka 217 el.EAN: 6922018042275Oprawa: Pude\u0142koWydawnictwo: IcomKategoria: Dla dziecka \/ Zabawki \/ KlockiKlocki konstrukcyjne Blocki dostarcz\u0105 mn\u00f3stwo pomys\u0142\u00f3w na kreatywn\u0105 zabaw\u0119 i sprawi\u0105 wiele rado\u015bci zar\u00f3wno ma\u0142ym, jak i du\u017cym konstruktorom. Pokochacie je za jako\u015b\u0107 wykonania, interesuj\u0105ce i r\u00f3\u017cnorodne serie, kolorowe opakowania oraz konkurencyjn\u0105 cen\u0119. Klocki Blocki zaprojektowane zosta\u0142y tak, aby mo\u017cna je [&hellip;]<\/p>\n","protected":false},"featured_media":991,"comment_status":"closed","ping_status":"open","template":"","meta":[],"product_cat":[269,297],"product_tag":[658,833,750,669,654,768,745],"class_list":["post-990","product","type-product","status-publish","has-post-thumbnail","hentry","product_cat-starpak","product_cat-szkolne-artykuly-plastyczne","product_tag-alan-znaczenie-imienia","product_tag-bajki-dla-dzieci-do-czytania","product_tag-imie-kostek","product_tag-kolorowanki","product_tag-krotkie-bajki-dla-dzieci-do-czytania","product_tag-krotkie-zagadki-logiczne","product_tag-prezent-dla-15-latki"],"_links":{"self":[{"href":"http:\/\/klubmamgdynia.pl\/index.php\/wp-json\/wp\/v2\/product\/990","targetHints":{"allow":["GET"]}}],"collection":[{"href":"http:\/\/klubmamgdynia.pl\/index.php\/wp-json\/wp\/v2\/product"}],"about":[{"href":"http:\/\/klubmamgdynia.pl\/index.php\/wp-json\/wp\/v2\/types\/product"}],"replies":[{"embeddable":true,"href":"http:\/\/klubmamgdynia.pl\/index.php\/wp-json\/wp\/v2\/comments?post=990"}],"wp:featuredmedia":[{"embeddable":true,"href":"http:\/\/klubmamgdynia.pl\/index.php\/wp-json\/wp\/v2\/media\/991"}],"wp:attachment":[{"href":"http:\/\/klubmamgdynia.pl\/index.php\/wp-json\/wp\/v2\/media?parent=990"}],"wp:term":[{"taxonomy":"product_cat","embeddable":true,"href":"http:\/\/klubmamgdynia.pl\/index.php\/wp-json\/wp\/v2\/product_cat?post=990"},{"taxonomy":"product_tag","embeddable":true,"href":"http:\/\/klubmamgdynia.pl\/index.php\/wp-json\/wp\/v2\/product_tag?post=990"}],"curies":[{"name":"wp","href":"https:\/\/api.w.org\/{rel}","templated":true}]}}