{"id":9907,"date":"2022-01-08T21:07:30","date_gmt":"2022-01-08T20:07:30","guid":{"rendered":"http:\/\/klubmamgdynia.pl\/index.php\/produkt\/3-sprouts-skrzynka-na-zabawki-skladana-medium-blue\/"},"modified":"2026-04-29T05:59:30","modified_gmt":"2026-04-29T03:59:30","slug":"3-sprouts-skrzynka-na-zabawki-skladana-medium-blue","status":"publish","type":"product","link":"http:\/\/klubmamgdynia.pl\/index.php\/produkt\/3-sprouts-skrzynka-na-zabawki-skladana-medium-blue\/","title":{"rendered":"3 Sprouts Skrzynka na Zabawki Sk\u0142adana Medium Blue"},"content":{"rendered":"<p>3 Sprouts Skrzynka na Zabawki Sk\u0142adana Medium Blue<\/p>\n<h2>3 Sprouts Skrzynka na Zabawki Sk\u0142adana Medium Blue 3 Sprouts<\/h2>\n<p>pomys\u0142y na pakowanie prezent\u00f3w, znaki drogowe quizy, zagadki matematyczne dla dzieci, miko\u0142ajek test z lektury, zagadki dla dzieci 10 12 lat z odpowiedziami, kr\u00f3tkie bajki dla dzieci do czytania<\/p>\n<p>yyyyy<\/p>\n<p>&nbsp;<\/p>\n","protected":false},"excerpt":{"rendered":"<p>3 Sprouts Skrzynka na Zabawki Sk\u0142adana Medium Blue 3 Sprouts Skrzynka na Zabawki Sk\u0142adana Medium Blue 3 Sprouts pomys\u0142y na pakowanie prezent\u00f3w, znaki drogowe quizy, zagadki matematyczne dla dzieci, miko\u0142ajek test z lektury, zagadki dla dzieci 10 12 lat z odpowiedziami, kr\u00f3tkie bajki dla dzieci do czytania yyyyy &nbsp;<\/p>\n","protected":false},"featured_media":9908,"comment_status":"closed","ping_status":"open","template":"","meta":[],"product_cat":[1004,990],"product_tag":[719,729,586,629,796,820],"class_list":["post-9907","product","type-product","status-publish","has-post-thumbnail","hentry","product_cat-3-sprouts","product_cat-skrzynie-i-pojemniki-na-zabawki","product_tag-dziecko-cytaty-zlote-mysli","product_tag-madre-bajki-dla-dzieci-do-czytania","product_tag-smieszne-zagadki","product_tag-smieszne-zagadki-z-odpowiedziami","product_tag-zagatki","product_tag-ziemia-wyspa-zielona-tekst"],"_links":{"self":[{"href":"http:\/\/klubmamgdynia.pl\/index.php\/wp-json\/wp\/v2\/product\/9907","targetHints":{"allow":["GET"]}}],"collection":[{"href":"http:\/\/klubmamgdynia.pl\/index.php\/wp-json\/wp\/v2\/product"}],"about":[{"href":"http:\/\/klubmamgdynia.pl\/index.php\/wp-json\/wp\/v2\/types\/product"}],"replies":[{"embeddable":true,"href":"http:\/\/klubmamgdynia.pl\/index.php\/wp-json\/wp\/v2\/comments?post=9907"}],"wp:featuredmedia":[{"embeddable":true,"href":"http:\/\/klubmamgdynia.pl\/index.php\/wp-json\/wp\/v2\/media\/9908"}],"wp:attachment":[{"href":"http:\/\/klubmamgdynia.pl\/index.php\/wp-json\/wp\/v2\/media?parent=9907"}],"wp:term":[{"taxonomy":"product_cat","embeddable":true,"href":"http:\/\/klubmamgdynia.pl\/index.php\/wp-json\/wp\/v2\/product_cat?post=9907"},{"taxonomy":"product_tag","embeddable":true,"href":"http:\/\/klubmamgdynia.pl\/index.php\/wp-json\/wp\/v2\/product_tag?post=9907"}],"curies":[{"name":"wp","href":"https:\/\/api.w.org\/{rel}","templated":true}]}}