{"id":9913,"date":"2015-12-03T20:16:30","date_gmt":"2015-12-03T19:16:30","guid":{"rendered":"http:\/\/klubmamgdynia.pl\/index.php\/produkt\/hulajnoga-grit-elite-zielony-czarny-standard\/"},"modified":"2026-04-04T05:27:53","modified_gmt":"2026-04-04T03:27:53","slug":"hulajnoga-grit-elite-zielony-czarny-standard","status":"publish","type":"product","link":"http:\/\/klubmamgdynia.pl\/index.php\/produkt\/hulajnoga-grit-elite-zielony-czarny-standard\/","title":{"rendered":"Hulajnoga Grit Elite Zielony Czarny Standard"},"content":{"rendered":"<p>Grit Elite to hulajnoga wyczynowa, doskonale nadaj\u0105ca si\u0119 do wykonywania trik\u00f3w w ka\u017cdym miejscu.<\/p>\n<h2>Hulajnoga Grit Elite Zielony Czarny Standard Grit<\/h2>\n<p>prank na prima aprilis, wiersz o wakacjach, kiedy dzieci zbieraja cukierki na halloween, jak namalowa\u0107 kota, trudne zagadki, zabawka na roczek, kr\u00f3tkie zagadki matematyczne z odpowiedziami, zabawka na roczek dla ch\u0142opca, bajki dla niemowl\u0105t do czytania, gaja imi\u0119, lodowiska w warszawie, historia andrzejek dla dzieci, kolorowanki lato, warszawa atrakcje dla m\u0142odzie\u017cy, kolorowanka lol surprise, z\u0142ote my\u015bli cytaty o szkole i nauce, bajka o biedronce, zabawy dla 5 6 latk\u00f3w, kolorowanka kotek do druku, miastodzieci, asiunia pytania do lektury<\/p>\n<p>yyyyy<\/p>\n<p>&nbsp;<\/p>\n","protected":false},"excerpt":{"rendered":"<p>Grit Elite to hulajnoga wyczynowa, doskonale nadaj\u0105ca si\u0119 do wykonywania trik\u00f3w w ka\u017cdym miejscu. Hulajnoga Grit Elite Zielony Czarny Standard Grit prank na prima aprilis, wiersz o wakacjach, kiedy dzieci zbieraja cukierki na halloween, jak namalowa\u0107 kota, trudne zagadki, zabawka na roczek, kr\u00f3tkie zagadki matematyczne z odpowiedziami, zabawka na roczek dla ch\u0142opca, bajki dla niemowl\u0105t [&hellip;]<\/p>\n","protected":false},"featured_media":9914,"comment_status":"closed","ping_status":"open","template":"","meta":[],"product_cat":[1859,1853],"product_tag":[832,856,798,736],"class_list":["post-9913","product","type-product","status-publish","has-post-thumbnail","hentry","product_cat-grit","product_cat-hulajnogi","product_tag-desery-dla-dzieci","product_tag-prezent-dla-16-latki","product_tag-prezenty-dla-nastolatki","product_tag-zabawki-na-roczek"],"_links":{"self":[{"href":"http:\/\/klubmamgdynia.pl\/index.php\/wp-json\/wp\/v2\/product\/9913","targetHints":{"allow":["GET"]}}],"collection":[{"href":"http:\/\/klubmamgdynia.pl\/index.php\/wp-json\/wp\/v2\/product"}],"about":[{"href":"http:\/\/klubmamgdynia.pl\/index.php\/wp-json\/wp\/v2\/types\/product"}],"replies":[{"embeddable":true,"href":"http:\/\/klubmamgdynia.pl\/index.php\/wp-json\/wp\/v2\/comments?post=9913"}],"wp:featuredmedia":[{"embeddable":true,"href":"http:\/\/klubmamgdynia.pl\/index.php\/wp-json\/wp\/v2\/media\/9914"}],"wp:attachment":[{"href":"http:\/\/klubmamgdynia.pl\/index.php\/wp-json\/wp\/v2\/media?parent=9913"}],"wp:term":[{"taxonomy":"product_cat","embeddable":true,"href":"http:\/\/klubmamgdynia.pl\/index.php\/wp-json\/wp\/v2\/product_cat?post=9913"},{"taxonomy":"product_tag","embeddable":true,"href":"http:\/\/klubmamgdynia.pl\/index.php\/wp-json\/wp\/v2\/product_tag?post=9913"}],"curies":[{"name":"wp","href":"https:\/\/api.w.org\/{rel}","templated":true}]}}