{"id":9915,"date":"2021-07-29T01:26:16","date_gmt":"2021-07-28T23:26:16","guid":{"rendered":"http:\/\/klubmamgdynia.pl\/index.php\/produkt\/pudelko-ozdobne-dekoracyjne-2-szuflady-poziome-saw\/"},"modified":"2026-05-17T23:31:19","modified_gmt":"2026-05-17T21:31:19","slug":"pudelko-ozdobne-dekoracyjne-2-szuflady-poziome-saw","status":"publish","type":"product","link":"http:\/\/klubmamgdynia.pl\/index.php\/produkt\/pudelko-ozdobne-dekoracyjne-2-szuflady-poziome-saw\/","title":{"rendered":"Pude\u0142ko Ozdobne Dekoracyjne 2 Szuflady Poziome Saw"},"content":{"rendered":"<p>Pude\u0142ko OZDOBNE DEKORACYJNE 2 szuflady poziome SAWANNA LEWPude\u0142ko kartonowe \u201ekomoda z szufladami&#8221; . Praktyczne, funkcjonalne, zaprojektowane z dba\u0142o\u015bci\u0105 o najdrobniejsze szczeg\u00f3\u0142y. Wykonane z wysokiej jako\u015bci, wytrzyma\u0142ego, kaszerowanego kartonu z po\u0142yskiem. Podw\u00f3jnie wzmocnione \u015bcianki boczne. Na ka\u017cdej szufladzie plastikowe uchwyty u\u0142atwiaj\u0105 otwieranie. Produkty zaprojektowane tak, aby maksymalnie u\u0142atwia\u0107 monta\u017c, a jednocze\u015bnie gwarantowa\u0107 najwy\u017csz\u0105 estetyk\u0119 wykonania. Idealnie organizuje przestrze\u0144 w pokoju lub biurze. Dzi\u0119ki nim mo\u017cna \u0142atwo uporz\u0105dkowa\u0107 przestrze\u0144 wok\u00f3\u0142 siebie.Kartonowe pude\u0142ko z szufladami to doskona\u0142y spos\u00f3b na przechowywanie r\u00f3\u017cnych rzeczy. Do szuflad mo\u017cna w\u0142o\u017cy\u0107 ozdoby, klucze, \u0142adowarki lub r\u00f3\u017cne pami\u0105tki. W biurze mo\u017cna je wykorzysta\u0107 jako organizer na przybory do pisania. Komoda z szufladami pomo\u017ce zorganizowa\u0107 przestrze\u0144 wok\u00f3\u0142 nas, dzi\u0119ki niej mo\u017cna sprytnie porozdziela\u0107 r\u00f3\u017cne przedmioty, pomo\u017ce zachowa\u0107 \u0142ad i porz\u0105dek a przedmioty schowane w kartonowe pud\u0142a, b\u0119d\u0105 \u0142atwe do odnalezienia.Biurko dzieci\u0119ce to miejsce na kt\u00f3rym dzieje si\u0119 bardzo du\u017co, s\u0105 na nim odrabiana prace domowe, jak r\u00f3wnie\u017c jest miejscem zabaw, dlatego musi by\u0107 zorganizowane i \u0142atwe do uporz\u0105dkowania. W takiej roli \u015bwietnie sprawdza si\u0119 kom\u00f3dka z szufladami, mo\u017cna pouk\u0142ada\u0107 w niej przybory szkolne, \u0107wiczenia, maskotki lub puzzle. Staranne wykonanie, pi\u0119kna kolorystyka oraz niebanalne wzory a\u017c kusz\u0105, aby postawi\u0107 pude\u0142ko na biurko.dzi\u0119ki efektownej kolorystyce mo\u017ce pe\u0142ni\u0107 funkcj\u0119 dekoracyjn\u0105znakomicie organizuje przestrze\u0144 w domu lub biurzedoskona\u0142e do przechowywania domowych drobiazg\u00f3wwype\u0142nione pude\u0142ka mo\u017cna ustawia\u0107 jedno na drugimmo\u017cliwo\u015b\u0107 czyszczenia za pomoc\u0105 wilgotnej \u015bciereczkiintuicyjny i prosty monta\u017cpodw\u00f3jne \u015bcianki boczneplastikowe uchwyty do otwierania szufladw\u0142oski designmateria\u0142: kaszerowany karton z recyklinguwymiary: 25,0(wys) x 44,0(szer) x 25,5 cmProdukt dost\u0119pny w czterech rozmiarach: 2 poziome szuflady, 2 pionowe szuflady, 4 poziome szuflady, 4 pionowe szuflady<\/p>\n<h2>Pude\u0142ko Ozdobne Dekoracyjne 2 Szuflady Poziome Saw Miss Space<\/h2>\n<p>ciekawostki o je\u017cach, zagadki na dzie\u0144 przedszkolaka, kolorowanka minionki, chase kolorowanka<\/p>\n<p>yyyyy<\/p>\n<p>&nbsp;<\/p>\n","protected":false},"excerpt":{"rendered":"<p>Pude\u0142ko OZDOBNE DEKORACYJNE 2 szuflady poziome SAWANNA LEWPude\u0142ko kartonowe \u201ekomoda z szufladami&#8221; . Praktyczne, funkcjonalne, zaprojektowane z dba\u0142o\u015bci\u0105 o najdrobniejsze szczeg\u00f3\u0142y. Wykonane z wysokiej jako\u015bci, wytrzyma\u0142ego, kaszerowanego kartonu z po\u0142yskiem. Podw\u00f3jnie wzmocnione \u015bcianki boczne. Na ka\u017cdej szufladzie plastikowe uchwyty u\u0142atwiaj\u0105 otwieranie. Produkty zaprojektowane tak, aby maksymalnie u\u0142atwia\u0107 monta\u017c, a jednocze\u015bnie gwarantowa\u0107 najwy\u017csz\u0105 estetyk\u0119 wykonania. Idealnie [&hellip;]<\/p>\n","protected":false},"featured_media":9916,"comment_status":"closed","ping_status":"open","template":"","meta":[],"product_cat":[1860,990],"product_tag":[650,859,654,689,704],"class_list":["post-9915","product","type-product","status-publish","has-post-thumbnail","hentry","product_cat-miss-space","product_cat-skrzynie-i-pojemniki-na-zabawki","product_tag-choinka-z-bibuly","product_tag-dobranoc-pchly-na-noc","product_tag-krotkie-bajki-dla-dzieci-do-czytania","product_tag-linda","product_tag-prezent-dla-nastolatka"],"_links":{"self":[{"href":"http:\/\/klubmamgdynia.pl\/index.php\/wp-json\/wp\/v2\/product\/9915","targetHints":{"allow":["GET"]}}],"collection":[{"href":"http:\/\/klubmamgdynia.pl\/index.php\/wp-json\/wp\/v2\/product"}],"about":[{"href":"http:\/\/klubmamgdynia.pl\/index.php\/wp-json\/wp\/v2\/types\/product"}],"replies":[{"embeddable":true,"href":"http:\/\/klubmamgdynia.pl\/index.php\/wp-json\/wp\/v2\/comments?post=9915"}],"wp:featuredmedia":[{"embeddable":true,"href":"http:\/\/klubmamgdynia.pl\/index.php\/wp-json\/wp\/v2\/media\/9916"}],"wp:attachment":[{"href":"http:\/\/klubmamgdynia.pl\/index.php\/wp-json\/wp\/v2\/media?parent=9915"}],"wp:term":[{"taxonomy":"product_cat","embeddable":true,"href":"http:\/\/klubmamgdynia.pl\/index.php\/wp-json\/wp\/v2\/product_cat?post=9915"},{"taxonomy":"product_tag","embeddable":true,"href":"http:\/\/klubmamgdynia.pl\/index.php\/wp-json\/wp\/v2\/product_tag?post=9915"}],"curies":[{"name":"wp","href":"https:\/\/api.w.org\/{rel}","templated":true}]}}