{"id":9917,"date":"2024-07-24T11:50:21","date_gmt":"2024-07-24T09:50:21","guid":{"rendered":"http:\/\/klubmamgdynia.pl\/?post_type=product&#038;p=9917"},"modified":"2026-04-30T02:06:11","modified_gmt":"2026-04-30T00:06:11","slug":"canpol-babies-biustonosz-dla-karmiacych-85d-bawelna-100-bialy-26-765","status":"publish","type":"product","link":"http:\/\/klubmamgdynia.pl\/index.php\/produkt\/canpol-babies-biustonosz-dla-karmiacych-85d-bawelna-100-bialy-26-765\/","title":{"rendered":"Canpol babies biustonosz dla karmi\u0105cych 85D bawe\u0142na 100% bia\u0142y (26\/765)"},"content":{"rendered":"<p>Canpol babies biustonosz dla karmi\u0105cych 85D bawe\u0142na 100% bia\u0142y (26\/765)<\/p>\n<p>Wygodny biustonosz do karmienia o klasycznym kroju, bez fiszbin. Wykonany w 100% z bawe\u0142ny, kt\u00f3ra nie podra\u017cnia wra\u017cliwego biustu. Elastyczne miseczki pozwalaj\u0105 na umieszczenie w ich wn\u0119trzu kr\u0105\u017cka laktacyjnego lub muszli laktacyjnej, kt\u00f3re chroni\u0105 bielizn\u0119 przed zabrudzeniem. Wyposa\u017cony jest w wygodny klips umo\u017cliwiaj\u0105cy odpinanie i zapinanie jedn\u0105 r\u0119k\u0105. Posiada regulowane rami\u0105czka. Rozmiar 85D.<\/p>\n<p>Max. temperatura prania 40\u00b0                            <\/p>\n<p>Biustonosz wykonany ze 100% bawe\u0142ny, kt\u00f3ra nie podra\u017cnia wra\u017cliwego biustu.                            <\/p>\n<p>Posiada elastyczne miseczki, w kt\u00f3rych mo\u017cna umie\u015bci\u0107 kr\u0105\u017cek laktacyjny lub muszl\u0119 laktacyjn\u0105.                            <\/p>\n<p>Odpinane miseczki umo\u017cliwiaj\u0105 karmienie dziecka, bez konieczno\u015bci zdj\u0119cia biustonosza.                            <\/p>\n<p>Zapi\u0119cie z ty\u0142u na haftki, z mo\u017cliwo\u015bci\u0105 regulacji.                            <\/p>\n<p>Wyposa\u017cony w wygodny klips umo\u017cliwiaj\u0105cy odpinanie i zapinanie jedn\u0105 r\u0119k\u0105.                            <\/p>\n<p>Nadaje si\u0119 dla karmi\u0105cych mam i kobiet w ci\u0105\u017cy.                            <\/p>\n<p>Dodatkowe informacjeBiustonosz dost\u0119pny w kolorze bia\u0142ym.Du\u017cy wyb\u00f3r rozmiar\u00f3w: 75A-90DD.Spos\u00f3b prania podany na metce.                            <\/p>\n<p>Jak u\u017cywa\u0107\u00a0Biustonosz nale\u017cy upra\u0107 przed pierwszym u\u017cyciem. Spos\u00f3b prania podany jest na metce. Dla zachowania higieny utrzymuj biustonosz w czysto\u015bci. Regularnie go pierz zgodnie z zaleceniami na metce. Aby przystawi\u0107 dziecko do piersi odepnij miseczk\u0119 przyciskaj\u0105c specjalny klips. W trakcie karmienia pier\u015b podtrzymywana jest przez wewn\u0119trzny, specjalnie dopasowany pas z dzianiny. Istnieje mo\u017cliwo\u015b\u0107 umieszczenia we wn\u0119trzu miseczki biustonosza kr\u0105\u017cka laktacyjnego lub muszli laktacyjnej, kt\u00f3re ochroni\u0105 bielizn\u0119 przed zabrudzeniem.<\/p>\n<h2>Canpol babies biustonosz dla karmi\u0105cych 85D bawe\u0142na 100% bia\u0142y (26\/765) Canpol babies<\/h2>\n<p>test na znaki drogowe, cytaty motywacyjne dla dzieci, kolorowanki do druku dla ch\u0142opc\u00f3w, fabian, mi\u0142o\u015b\u0107 do dziecka cytaty, testy z lektury tajemniczy ogr\u00f3d, oliwier, henryk<\/p>\n<p>yyyyy<\/p>\n<p>&nbsp;<\/p>\n","protected":false},"excerpt":{"rendered":"<p>Canpol babies biustonosz dla karmi\u0105cych 85D bawe\u0142na 100% bia\u0142y (26\/765) Wygodny biustonosz do karmienia o klasycznym kroju, bez fiszbin. Wykonany w 100% z bawe\u0142ny, kt\u00f3ra nie podra\u017cnia wra\u017cliwego biustu. Elastyczne miseczki pozwalaj\u0105 na umieszczenie w ich wn\u0119trzu kr\u0105\u017cka laktacyjnego lub muszli laktacyjnej, kt\u00f3re chroni\u0105 bielizn\u0119 przed zabrudzeniem. Wyposa\u017cony jest w wygodny klips umo\u017cliwiaj\u0105cy odpinanie i [&hellip;]<\/p>\n","protected":false},"featured_media":9918,"comment_status":"closed","ping_status":"open","template":"","meta":[],"product_cat":[258,68],"product_tag":[728,802,844,718],"class_list":["post-9917","product","type-product","status-publish","has-post-thumbnail","hentry","product_cat-bielizna-ciazowa","product_cat-canpol-babies","product_tag-bezwarunkowa-milosc-do-dziecka-cytaty","product_tag-co-kupic-dziewczynce-na-roczek","product_tag-co-kupic-na-roczek","product_tag-prezent-na-roczek-dla-chrzesniaka"],"_links":{"self":[{"href":"http:\/\/klubmamgdynia.pl\/index.php\/wp-json\/wp\/v2\/product\/9917","targetHints":{"allow":["GET"]}}],"collection":[{"href":"http:\/\/klubmamgdynia.pl\/index.php\/wp-json\/wp\/v2\/product"}],"about":[{"href":"http:\/\/klubmamgdynia.pl\/index.php\/wp-json\/wp\/v2\/types\/product"}],"replies":[{"embeddable":true,"href":"http:\/\/klubmamgdynia.pl\/index.php\/wp-json\/wp\/v2\/comments?post=9917"}],"wp:featuredmedia":[{"embeddable":true,"href":"http:\/\/klubmamgdynia.pl\/index.php\/wp-json\/wp\/v2\/media\/9918"}],"wp:attachment":[{"href":"http:\/\/klubmamgdynia.pl\/index.php\/wp-json\/wp\/v2\/media?parent=9917"}],"wp:term":[{"taxonomy":"product_cat","embeddable":true,"href":"http:\/\/klubmamgdynia.pl\/index.php\/wp-json\/wp\/v2\/product_cat?post=9917"},{"taxonomy":"product_tag","embeddable":true,"href":"http:\/\/klubmamgdynia.pl\/index.php\/wp-json\/wp\/v2\/product_tag?post=9917"}],"curies":[{"name":"wp","href":"https:\/\/api.w.org\/{rel}","templated":true}]}}