{"id":9919,"date":"2022-10-31T13:11:18","date_gmt":"2022-10-31T12:11:18","guid":{"rendered":"http:\/\/klubmamgdynia.pl\/?post_type=product&#038;p=9919"},"modified":"2026-04-07T10:39:01","modified_gmt":"2026-04-07T08:39:01","slug":"beniamin-papier-ksero-125-arkuszy-kolor-mix","status":"publish","type":"product","link":"http:\/\/klubmamgdynia.pl\/index.php\/produkt\/beniamin-papier-ksero-125-arkuszy-kolor-mix\/","title":{"rendered":"Beniamin Papier Ksero 125 Arkuszy Kolor Mix"},"content":{"rendered":"<p>Autor:ISBN:EAN: 5901276035138Wydawnictwo: BeniaminWydanie: folia,21x30x1,5 cmStrony:Papier ksero w formacie A4, 125 arkuszy w r\u00f3\u017cnych kolorach.<\/p>\n<h2>Beniamin Papier Ksero 125 Arkuszy Kolor Mix Beniamin<\/h2>\n<p>dzieci cytaty, prima aprilis pomys\u0142y, kolorowanki do druku dla doros\u0142ych, atrakcje dla dzieci trojmiasto, atrakcje dla nastolatk\u00f3w warszawa, quizy ma\u0142y ksi\u0105\u017c\u0119, kolorowanka pikachu, tabliczka mno\u017cenia kolorowanki do wydruku, karyna, milena, szlaczki dla dzieci<\/p>\n<p>yyyyy<\/p>\n<p>&nbsp;<\/p>\n","protected":false},"excerpt":{"rendered":"<p>Autor:ISBN:EAN: 5901276035138Wydawnictwo: BeniaminWydanie: folia,21x30x1,5 cmStrony:Papier ksero w formacie A4, 125 arkuszy w r\u00f3\u017cnych kolorach. Beniamin Papier Ksero 125 Arkuszy Kolor Mix Beniamin dzieci cytaty, prima aprilis pomys\u0142y, kolorowanki do druku dla doros\u0142ych, atrakcje dla dzieci trojmiasto, atrakcje dla nastolatk\u00f3w warszawa, quizy ma\u0142y ksi\u0105\u017c\u0119, kolorowanka pikachu, tabliczka mno\u017cenia kolorowanki do wydruku, karyna, milena, szlaczki dla dzieci [&hellip;]<\/p>\n","protected":false},"featured_media":9920,"comment_status":"closed","ping_status":"open","template":"","meta":[],"product_cat":[1376,325],"product_tag":[876,746,633],"class_list":["post-9919","product","type-product","status-publish","has-post-thumbnail","hentry","product_cat-beniamin","product_cat-szkolne-artykuly-papiernicze","product_tag-przyjazn","product_tag-zagadki-typu-co-to-jest","product_tag-zagadki-z-odpowiedziami"],"_links":{"self":[{"href":"http:\/\/klubmamgdynia.pl\/index.php\/wp-json\/wp\/v2\/product\/9919","targetHints":{"allow":["GET"]}}],"collection":[{"href":"http:\/\/klubmamgdynia.pl\/index.php\/wp-json\/wp\/v2\/product"}],"about":[{"href":"http:\/\/klubmamgdynia.pl\/index.php\/wp-json\/wp\/v2\/types\/product"}],"replies":[{"embeddable":true,"href":"http:\/\/klubmamgdynia.pl\/index.php\/wp-json\/wp\/v2\/comments?post=9919"}],"wp:featuredmedia":[{"embeddable":true,"href":"http:\/\/klubmamgdynia.pl\/index.php\/wp-json\/wp\/v2\/media\/9920"}],"wp:attachment":[{"href":"http:\/\/klubmamgdynia.pl\/index.php\/wp-json\/wp\/v2\/media?parent=9919"}],"wp:term":[{"taxonomy":"product_cat","embeddable":true,"href":"http:\/\/klubmamgdynia.pl\/index.php\/wp-json\/wp\/v2\/product_cat?post=9919"},{"taxonomy":"product_tag","embeddable":true,"href":"http:\/\/klubmamgdynia.pl\/index.php\/wp-json\/wp\/v2\/product_tag?post=9919"}],"curies":[{"name":"wp","href":"https:\/\/api.w.org\/{rel}","templated":true}]}}