{"id":992,"date":"2018-04-23T12:10:15","date_gmt":"2018-04-23T10:10:15","guid":{"rendered":"http:\/\/klubmamgdynia.pl\/index.php\/produkt\/dumel-flota-miejska-3-pojazdy-straz\/"},"modified":"2026-05-01T18:55:36","modified_gmt":"2026-05-01T16:55:36","slug":"dumel-flota-miejska-3-pojazdy-straz","status":"publish","type":"product","link":"http:\/\/klubmamgdynia.pl\/index.php\/produkt\/dumel-flota-miejska-3-pojazdy-straz\/","title":{"rendered":"Dumel Flota Miejska 3 Pojazdy Stra\u017c"},"content":{"rendered":"<p>Flota miejska &#8211; helikopter stra\u017cacki<\/p>\n<h2>Dumel Flota Miejska 3 Pojazdy Stra\u017c Dumel<\/h2>\n<p>quizy miko\u0142ajek, quizy hobbit, maska kota do druku, ozdoby wielkanocne kt\u00f3re mog\u0105 zrobi\u0107 dzieci, najlepsze zarty na prima aprilis, dzie\u0144 matki w\u0142asnor\u0119czny prezent dla mamy od dziecka, bajki do czytania dla dzieci, imi\u0119 mira, lukrecja imi\u0119, prezent dla m\u0142odzie\u017cy, janusz, gad\u017cety dla nastolatk\u00f3w 2021, marcel imi\u0119, sky kolorowanka, kolorowanki lol do druku, quiz spos\u00f3b na alcybiadesa, znaczenie imienia julian, nadia imi\u0119<\/p>\n<p>yyyyy<\/p>\n<p>&nbsp;<\/p>\n","protected":false},"excerpt":{"rendered":"<p>Flota miejska &#8211; helikopter stra\u017cacki Dumel Flota Miejska 3 Pojazdy Stra\u017c Dumel quizy miko\u0142ajek, quizy hobbit, maska kota do druku, ozdoby wielkanocne kt\u00f3re mog\u0105 zrobi\u0107 dzieci, najlepsze zarty na prima aprilis, dzie\u0144 matki w\u0142asnor\u0119czny prezent dla mamy od dziecka, bajki do czytania dla dzieci, imi\u0119 mira, lukrecja imi\u0119, prezent dla m\u0142odzie\u017cy, janusz, gad\u017cety dla nastolatk\u00f3w [&hellip;]<\/p>\n","protected":false},"featured_media":993,"comment_status":"closed","ping_status":"open","template":"","meta":[],"product_cat":[83,41],"product_tag":[723,599,783],"class_list":["post-992","product","type-product","status-publish","has-post-thumbnail","hentry","product_cat-auta-i-inne-pojazdy-do-zabawy","product_cat-dumel","product_tag-krotkie-bajki-do-czytania-na-dobranoc","product_tag-prezent-dla-nastolatkow-2021","product_tag-prezenty-na-roczek-dla-chlopca"],"_links":{"self":[{"href":"http:\/\/klubmamgdynia.pl\/index.php\/wp-json\/wp\/v2\/product\/992","targetHints":{"allow":["GET"]}}],"collection":[{"href":"http:\/\/klubmamgdynia.pl\/index.php\/wp-json\/wp\/v2\/product"}],"about":[{"href":"http:\/\/klubmamgdynia.pl\/index.php\/wp-json\/wp\/v2\/types\/product"}],"replies":[{"embeddable":true,"href":"http:\/\/klubmamgdynia.pl\/index.php\/wp-json\/wp\/v2\/comments?post=992"}],"wp:featuredmedia":[{"embeddable":true,"href":"http:\/\/klubmamgdynia.pl\/index.php\/wp-json\/wp\/v2\/media\/993"}],"wp:attachment":[{"href":"http:\/\/klubmamgdynia.pl\/index.php\/wp-json\/wp\/v2\/media?parent=992"}],"wp:term":[{"taxonomy":"product_cat","embeddable":true,"href":"http:\/\/klubmamgdynia.pl\/index.php\/wp-json\/wp\/v2\/product_cat?post=992"},{"taxonomy":"product_tag","embeddable":true,"href":"http:\/\/klubmamgdynia.pl\/index.php\/wp-json\/wp\/v2\/product_tag?post=992"}],"curies":[{"name":"wp","href":"https:\/\/api.w.org\/{rel}","templated":true}]}}