{"id":9921,"date":"2017-10-27T21:09:50","date_gmt":"2017-10-27T19:09:50","guid":{"rendered":"http:\/\/klubmamgdynia.pl\/index.php\/produkt\/buty-do-biegania-adidas-runfalcon-2-0-tr-11\/"},"modified":"2026-04-03T17:30:24","modified_gmt":"2026-04-03T15:30:24","slug":"buty-do-biegania-adidas-runfalcon-2-0-tr-11","status":"publish","type":"product","link":"http:\/\/klubmamgdynia.pl\/index.php\/produkt\/buty-do-biegania-adidas-runfalcon-2-0-tr-11\/","title":{"rendered":"Buty do biegania adidas Runfalcon 2.0 Tr 11"},"content":{"rendered":"<p>Trwa\u0142a cholewka z siateczki balistycznej Podeszwa \u015brodkowa z pianki EVA Wspieraj\u0105ce, bezszwowe nak\u0142adki na palcach i pi\u0119cie Trwa\u0142a, gumowa podeszwa zewn\u0119trzna Standardowy kr\u00f3j Poczucie lekkiego, przewiewnego komfortu<\/p>\n<h2>Buty do biegania adidas Runfalcon 2.0 Tr 11 adidas<\/h2>\n<p>zdrowe przepisy dla dzieci, darmowe kolorowanki do druku, quizy dla dzieci z bajek, stare piosenki dla dzieci teksty, kolorowanki na dzie\u0144 niepodleg\u0142o\u015bci do wydruku, eksperymenty dla dzieci wulkan<\/p>\n<p>yyyyy<\/p>\n<p>&nbsp;<\/p>\n","protected":false},"excerpt":{"rendered":"<p>Trwa\u0142a cholewka z siateczki balistycznej Podeszwa \u015brodkowa z pianki EVA Wspieraj\u0105ce, bezszwowe nak\u0142adki na palcach i pi\u0119cie Trwa\u0142a, gumowa podeszwa zewn\u0119trzna Standardowy kr\u00f3j Poczucie lekkiego, przewiewnego komfortu Buty do biegania adidas Runfalcon 2.0 Tr 11 adidas zdrowe przepisy dla dzieci, darmowe kolorowanki do druku, quizy dla dzieci z bajek, stare piosenki dla dzieci teksty, kolorowanki [&hellip;]<\/p>\n","protected":false},"featured_media":9922,"comment_status":"closed","ping_status":"open","template":"","meta":[],"product_cat":[280,1861],"product_tag":[871,817,747,830,778],"class_list":["post-9921","product","type-product","status-publish","has-post-thumbnail","hentry","product_cat-adidas","product_cat-buty-do-biegania","product_tag-bajka-o-smoku-wawelskim","product_tag-bajka-terapeutyczna-o-emocjach","product_tag-malowanki-do-druku","product_tag-rodzina-cytaty","product_tag-zabawki-na-roczek-dla-chlopca"],"_links":{"self":[{"href":"http:\/\/klubmamgdynia.pl\/index.php\/wp-json\/wp\/v2\/product\/9921","targetHints":{"allow":["GET"]}}],"collection":[{"href":"http:\/\/klubmamgdynia.pl\/index.php\/wp-json\/wp\/v2\/product"}],"about":[{"href":"http:\/\/klubmamgdynia.pl\/index.php\/wp-json\/wp\/v2\/types\/product"}],"replies":[{"embeddable":true,"href":"http:\/\/klubmamgdynia.pl\/index.php\/wp-json\/wp\/v2\/comments?post=9921"}],"wp:featuredmedia":[{"embeddable":true,"href":"http:\/\/klubmamgdynia.pl\/index.php\/wp-json\/wp\/v2\/media\/9922"}],"wp:attachment":[{"href":"http:\/\/klubmamgdynia.pl\/index.php\/wp-json\/wp\/v2\/media?parent=9921"}],"wp:term":[{"taxonomy":"product_cat","embeddable":true,"href":"http:\/\/klubmamgdynia.pl\/index.php\/wp-json\/wp\/v2\/product_cat?post=9921"},{"taxonomy":"product_tag","embeddable":true,"href":"http:\/\/klubmamgdynia.pl\/index.php\/wp-json\/wp\/v2\/product_tag?post=9921"}],"curies":[{"name":"wp","href":"https:\/\/api.w.org\/{rel}","templated":true}]}}