{"id":9923,"date":"2020-08-24T22:09:25","date_gmt":"2020-08-24T20:09:25","guid":{"rendered":"http:\/\/klubmamgdynia.pl\/index.php\/produkt\/hulajnoga-raven-wyczynowa-evolution-slick-chrome-100mm-czarny-szary\/"},"modified":"2026-05-17T22:39:09","modified_gmt":"2026-05-17T20:39:09","slug":"hulajnoga-raven-wyczynowa-evolution-slick-chrome-100mm-czarny-szary","status":"publish","type":"product","link":"http:\/\/klubmamgdynia.pl\/index.php\/produkt\/hulajnoga-raven-wyczynowa-evolution-slick-chrome-100mm-czarny-szary\/","title":{"rendered":"Hulajnoga Raven Wyczynowa Evolution Slick Chrome 100Mm Czarny Szary"},"content":{"rendered":"<p>Hulajnoga Wyczynowa Raven Evolution Slick Chrome 100mm<\/p>\n<h2>Hulajnoga Raven Wyczynowa Evolution Slick Chrome 100Mm Czarny Szary Raven<\/h2>\n<p>ja\u015bmina imie, loga samochod\u00f3w, pola imie, prezenty na roczek dla dziewczynki, kolorowanka spiderman, ko\u0142ysanki dla dzieci + tekst, kanapeczki na urodziny dziecka, zagadki dla 5 latka, plac zabaw warszawa, szlaczki literopodobne do wydruku<\/p>\n<p>yyyyy<\/p>\n<p>&nbsp;<\/p>\n","protected":false},"excerpt":{"rendered":"<p>Hulajnoga Wyczynowa Raven Evolution Slick Chrome 100mm Hulajnoga Raven Wyczynowa Evolution Slick Chrome 100Mm Czarny Szary Raven ja\u015bmina imie, loga samochod\u00f3w, pola imie, prezenty na roczek dla dziewczynki, kolorowanka spiderman, ko\u0142ysanki dla dzieci + tekst, kanapeczki na urodziny dziecka, zagadki dla 5 latka, plac zabaw warszawa, szlaczki literopodobne do wydruku yyyyy &nbsp;<\/p>\n","protected":false},"featured_media":9924,"comment_status":"closed","ping_status":"open","template":"","meta":[],"product_cat":[1853,1862],"product_tag":[821,586,800,756,820],"class_list":["post-9923","product","type-product","status-publish","has-post-thumbnail","hentry","product_cat-hulajnogi","product_cat-raven","product_tag-marianna","product_tag-smieszne-zagadki","product_tag-zagadki-smieszne","product_tag-zaproszenie-na-urodziny-do-druku","product_tag-ziemia-wyspa-zielona-tekst"],"_links":{"self":[{"href":"http:\/\/klubmamgdynia.pl\/index.php\/wp-json\/wp\/v2\/product\/9923","targetHints":{"allow":["GET"]}}],"collection":[{"href":"http:\/\/klubmamgdynia.pl\/index.php\/wp-json\/wp\/v2\/product"}],"about":[{"href":"http:\/\/klubmamgdynia.pl\/index.php\/wp-json\/wp\/v2\/types\/product"}],"replies":[{"embeddable":true,"href":"http:\/\/klubmamgdynia.pl\/index.php\/wp-json\/wp\/v2\/comments?post=9923"}],"wp:featuredmedia":[{"embeddable":true,"href":"http:\/\/klubmamgdynia.pl\/index.php\/wp-json\/wp\/v2\/media\/9924"}],"wp:attachment":[{"href":"http:\/\/klubmamgdynia.pl\/index.php\/wp-json\/wp\/v2\/media?parent=9923"}],"wp:term":[{"taxonomy":"product_cat","embeddable":true,"href":"http:\/\/klubmamgdynia.pl\/index.php\/wp-json\/wp\/v2\/product_cat?post=9923"},{"taxonomy":"product_tag","embeddable":true,"href":"http:\/\/klubmamgdynia.pl\/index.php\/wp-json\/wp\/v2\/product_tag?post=9923"}],"curies":[{"name":"wp","href":"https:\/\/api.w.org\/{rel}","templated":true}]}}