{"id":9925,"date":"2021-12-06T20:26:18","date_gmt":"2021-12-06T19:26:18","guid":{"rendered":"http:\/\/klubmamgdynia.pl\/index.php\/produkt\/hulajnoga-nils-extreme-hl-776\/"},"modified":"2026-04-05T20:26:33","modified_gmt":"2026-04-05T18:26:33","slug":"hulajnoga-nils-extreme-hl-776","status":"publish","type":"product","link":"http:\/\/klubmamgdynia.pl\/index.php\/produkt\/hulajnoga-nils-extreme-hl-776\/","title":{"rendered":"Hulajnoga Nils Extreme Hl-776"},"content":{"rendered":"<p>Specyfikacja Materia\u0142 Aluminium Rodzaj Materia\u0142u Na Pode\u015bcie Aluminium Rodzaj Uchwyt\u00f3w Na Kierownicy Pianka Sk\u0142adana Tak Wymiary Po Z\u0142o\u017ceniu D\u0142ugo\u015b\u0107 60 Cm, Szeroko\u015b\u0107 11 Cm K\u00f3\u0142ka Pu 120 Mm \u0141o\u017cyska Abec 7 Hamulec Tylny No\u017cny Regulacja Kierownicy Mierzona Od Podestu Wysoko\u015b\u0107 Minimalna 67 Cm, Wysoko\u015b\u0107 Maksymalna 72 Cm Wymiary Podestu D\u0142ugo\u015b\u0107 29 Cm, Szeroko\u015b\u0107 10 Cm Maksymalne Obci\u0105\u017cenie 60 Kg Waga Netto 1.65 Kg Przeznaczona Dla Dzieci I M\u0142odzie\u017cy Hulajnoga Marki Abisal To Model Sk\u0142adany, Dzi\u0119ki Czemu Bez Problemu Mo\u017cna Go Transportowa\u0107 I Przechowywa\u0107 Poza Sezonem. Jest To Lekka I Wytrzyma\u0142a Hulajnoga, Wykonana Z Wysokiej Jako\u015bci Aluminium. Sprawdzi Si\u0119 Doskonale W Drodze Do Szko\u0142y. Ta Hulajnoga Dla Dzieci I M\u0142odzie\u017cy Ma Mo\u017cliwo\u015b\u0107 Regulacji Kierownicy, By Bez Problemu Dopasowa\u0107 Jej Wysoko\u015b\u0107 Do Wzrostu U\u017cytkownika. Wygod\u0119 Jazdy Zapewniaj\u0105 Piankowe Uchwyty Na Kierownicy Oraz \u0141o\u017cyska Klasy Abec7. Hulajnoga Posiada Funkcjonalny Hamulec Tylna, A Jej Niski Podest Zapewnia Utrzymanie R\u00f3wnowagi Podczas Jazdy. To Model Uniwersalny, Kt\u00f3ry Przypadnie Do Gustu M\u0142odszym I Starszym Dzieciom.<\/p>\n<h2>Hulajnoga Nils Extreme Hl-776 Nils Extreme<\/h2>\n<p>zagadki logiczne z odpowiedziami, lego ninjago kolorowanki, test wiedzy z lektury przygody tomka sawyera z odpowiedziami, imie lilianna, stare wierszyki dla dzieci, karty pracy dla dzieci z ukrainy, test znaki drogowe, zagadki dla 4 latka do druku, nauka zegara do druku pdf, szlaczki literopodobne do wydruku, znaki drogowe test, fajne prezenty dla nastolatk\u00f3w, co kupi\u0107 nastolatce na urodziny, jaki prezent na roczek, \u015bwi\u0105teczne filmy familijne, kolorowanka do malowania farbami, o mamie, historia pluszowego misia dla dzieci, bajeczki na dobranoc, rebusy i krzy\u017c\u00f3wki dla dzieci do druku, kolorowanki lego friends<\/p>\n<p>yyyyy<\/p>\n<p>&nbsp;<\/p>\n","protected":false},"excerpt":{"rendered":"<p>Specyfikacja Materia\u0142 Aluminium Rodzaj Materia\u0142u Na Pode\u015bcie Aluminium Rodzaj Uchwyt\u00f3w Na Kierownicy Pianka Sk\u0142adana Tak Wymiary Po Z\u0142o\u017ceniu D\u0142ugo\u015b\u0107 60 Cm, Szeroko\u015b\u0107 11 Cm K\u00f3\u0142ka Pu 120 Mm \u0141o\u017cyska Abec 7 Hamulec Tylny No\u017cny Regulacja Kierownicy Mierzona Od Podestu Wysoko\u015b\u0107 Minimalna 67 Cm, Wysoko\u015b\u0107 Maksymalna 72 Cm Wymiary Podestu D\u0142ugo\u015b\u0107 29 Cm, Szeroko\u015b\u0107 10 Cm [&hellip;]<\/p>\n","protected":false},"featured_media":9926,"comment_status":"closed","ping_status":"open","template":"","meta":[],"product_cat":[1853,1863],"product_tag":[680,798,876],"class_list":["post-9925","product","type-product","status-publish","has-post-thumbnail","hentry","product_cat-hulajnogi","product_cat-nils-extreme","product_tag-cytaty-z-malego-ksiecia","product_tag-prezenty-dla-nastolatki","product_tag-przyjazn"],"_links":{"self":[{"href":"http:\/\/klubmamgdynia.pl\/index.php\/wp-json\/wp\/v2\/product\/9925","targetHints":{"allow":["GET"]}}],"collection":[{"href":"http:\/\/klubmamgdynia.pl\/index.php\/wp-json\/wp\/v2\/product"}],"about":[{"href":"http:\/\/klubmamgdynia.pl\/index.php\/wp-json\/wp\/v2\/types\/product"}],"replies":[{"embeddable":true,"href":"http:\/\/klubmamgdynia.pl\/index.php\/wp-json\/wp\/v2\/comments?post=9925"}],"wp:featuredmedia":[{"embeddable":true,"href":"http:\/\/klubmamgdynia.pl\/index.php\/wp-json\/wp\/v2\/media\/9926"}],"wp:attachment":[{"href":"http:\/\/klubmamgdynia.pl\/index.php\/wp-json\/wp\/v2\/media?parent=9925"}],"wp:term":[{"taxonomy":"product_cat","embeddable":true,"href":"http:\/\/klubmamgdynia.pl\/index.php\/wp-json\/wp\/v2\/product_cat?post=9925"},{"taxonomy":"product_tag","embeddable":true,"href":"http:\/\/klubmamgdynia.pl\/index.php\/wp-json\/wp\/v2\/product_tag?post=9925"}],"curies":[{"name":"wp","href":"https:\/\/api.w.org\/{rel}","templated":true}]}}