{"id":9927,"date":"2018-08-11T11:10:10","date_gmt":"2018-08-11T09:10:10","guid":{"rendered":"http:\/\/klubmamgdynia.pl\/index.php\/produkt\/hulajnoga-oxelo-town-7-xl\/"},"modified":"2026-05-02T07:21:20","modified_gmt":"2026-05-02T05:21:20","slug":"hulajnoga-oxelo-town-7-xl","status":"publish","type":"product","link":"http:\/\/klubmamgdynia.pl\/index.php\/produkt\/hulajnoga-oxelo-town-7-xl\/","title":{"rendered":"Hulajnoga Oxelo Town 7 Xl"},"content":{"rendered":"<p>2 amortyzatory poch\u0142aniaj\u0105 drgania z nawierzchni<\/p>\n<h2>Hulajnoga Oxelo Town 7 Xl Oxelo<\/h2>\n<p>miastodzieci, zaproszenie na urodziny do druku pdf, imi\u0119 marcel, \u0142atwe zagadki, quiz konie, karaluchy pod poduchy a szczypawki, atrakcje dla dzieci wroc\u0142aw, karty pracy po ukrai\u0144sku, zak\u0142adka do ksi\u0105\u017cki szablon, piosenki dla dzieci tekst, dorian<\/p>\n<p>yyyyy<\/p>\n<p>&nbsp;<\/p>\n","protected":false},"excerpt":{"rendered":"<p>2 amortyzatory poch\u0142aniaj\u0105 drgania z nawierzchni Hulajnoga Oxelo Town 7 Xl Oxelo miastodzieci, zaproszenie na urodziny do druku pdf, imi\u0119 marcel, \u0142atwe zagadki, quiz konie, karaluchy pod poduchy a szczypawki, atrakcje dla dzieci wroc\u0142aw, karty pracy po ukrai\u0144sku, zak\u0142adka do ksi\u0105\u017cki szablon, piosenki dla dzieci tekst, dorian yyyyy &nbsp;<\/p>\n","protected":false},"featured_media":9928,"comment_status":"closed","ping_status":"open","template":"","meta":[],"product_cat":[1853,1864],"product_tag":[807,642,773],"class_list":["post-9927","product","type-product","status-publish","has-post-thumbnail","hentry","product_cat-hulajnogi","product_cat-oxelo","product_tag-logiczne-zagadki","product_tag-mia-imie","product_tag-test-z-lektury-opowiesci-z-narnii-lew-czarownica-i-stara-szafa"],"_links":{"self":[{"href":"http:\/\/klubmamgdynia.pl\/index.php\/wp-json\/wp\/v2\/product\/9927","targetHints":{"allow":["GET"]}}],"collection":[{"href":"http:\/\/klubmamgdynia.pl\/index.php\/wp-json\/wp\/v2\/product"}],"about":[{"href":"http:\/\/klubmamgdynia.pl\/index.php\/wp-json\/wp\/v2\/types\/product"}],"replies":[{"embeddable":true,"href":"http:\/\/klubmamgdynia.pl\/index.php\/wp-json\/wp\/v2\/comments?post=9927"}],"wp:featuredmedia":[{"embeddable":true,"href":"http:\/\/klubmamgdynia.pl\/index.php\/wp-json\/wp\/v2\/media\/9928"}],"wp:attachment":[{"href":"http:\/\/klubmamgdynia.pl\/index.php\/wp-json\/wp\/v2\/media?parent=9927"}],"wp:term":[{"taxonomy":"product_cat","embeddable":true,"href":"http:\/\/klubmamgdynia.pl\/index.php\/wp-json\/wp\/v2\/product_cat?post=9927"},{"taxonomy":"product_tag","embeddable":true,"href":"http:\/\/klubmamgdynia.pl\/index.php\/wp-json\/wp\/v2\/product_tag?post=9927"}],"curies":[{"name":"wp","href":"https:\/\/api.w.org\/{rel}","templated":true}]}}