{"id":9931,"date":"2025-01-22T05:39:22","date_gmt":"2025-01-22T04:39:22","guid":{"rendered":"http:\/\/klubmamgdynia.pl\/?post_type=product&#038;p=9931"},"modified":"2026-05-17T22:05:43","modified_gmt":"2026-05-17T20:05:43","slug":"micro-hulajnoga-mini-deluxe-eco-led-green","status":"publish","type":"product","link":"http:\/\/klubmamgdynia.pl\/index.php\/produkt\/micro-hulajnoga-mini-deluxe-eco-led-green\/","title":{"rendered":"Micro Hulajnoga Mini Deluxe Eco Led Green"},"content":{"rendered":"<p>Dzieci\u0119ca, tr\u00f3jko\u0142owa hulajnoga Mini Micro Deluxe w wersji ECO LED to idealny wyb\u00f3r aby rozpocz\u0105\u0107 przygod\u0119 z hulajnogami, i to w przyjaznym dla \u015brodowiska sposobie. Jest to od\u015bwie\u017cona wersja kultowego modelu hulajnogi Mini Micro, kt\u00f3ry jest stworzony w duchu ekologii i recyklingu. Wersja ECO posiada deck stworzony z odpad\u00f3w wy\u0142owionych z m\u00f3rz i ocean\u00f3w, dzi\u0119ki czemu zmniejsza si\u0119 \u015bwiatowe zanieczyszczenie plastikiem. Hulajnoga Mini Micro Deluxe ECO LED jest gwarantem najwy\u017cszej jako\u015bci wykonania, a tak\u017ce wygody i bezpiecze\u0144stwa dziecka podczas jazdy. P\u0142ynna regulacja kierownicy pozwala d\u0142ugo cieszy\u0107 si\u0119 maluchowi z ulubionego pojazdu. Tr\u00f3jko\u0142owa Mini Micro Deluxe ECO zalecana jest od u\u017cytku przez dzieci w wieku przedszkolnym od 2 do 5 lat.<\/p>\n<h2>Micro Hulajnoga Mini Deluxe Eco Led Green Micro<\/h2>\n<p>samochwa\u0142a, wierszyki na lany poniedzia\u0142ek, kolorowanki do druku dla doros\u0142ych, quiz o polsce dla dzieci, \u017cyczenia na lany poniedzia\u0142ek wielkanocny, ch\u0142opcy z placu broni &#8211; test, zagadki na logik\u0119, zawiedziona przyja\u017a\u0144 cytaty, zaproszenie na urodziny do druku pdf, mini zoo mazowieckie, bo\u017ce narodzenie (film), co oznacza nazwa jordan, mia<\/p>\n<p>yyyyy<\/p>\n<p>&nbsp;<\/p>\n","protected":false},"excerpt":{"rendered":"<p>Dzieci\u0119ca, tr\u00f3jko\u0142owa hulajnoga Mini Micro Deluxe w wersji ECO LED to idealny wyb\u00f3r aby rozpocz\u0105\u0107 przygod\u0119 z hulajnogami, i to w przyjaznym dla \u015brodowiska sposobie. Jest to od\u015bwie\u017cona wersja kultowego modelu hulajnogi Mini Micro, kt\u00f3ry jest stworzony w duchu ekologii i recyklingu. Wersja ECO posiada deck stworzony z odpad\u00f3w wy\u0142owionych z m\u00f3rz i ocean\u00f3w, dzi\u0119ki [&hellip;]<\/p>\n","protected":false},"featured_media":9932,"comment_status":"closed","ping_status":"open","template":"","meta":[],"product_cat":[315,368],"product_tag":[834,777,688,749,620,606],"class_list":["post-9931","product","type-product","status-publish","has-post-thumbnail","hentry","product_cat-hulajnogi-dla-dzieci","product_cat-micro","product_tag-bajka-do-czytania-na-dobranoc","product_tag-co-na-roczek","product_tag-kolysanki-tekst","product_tag-najlepsze-zarty-na-prima-aprilis","product_tag-quiz-opowiesci-z-narnii","product_tag-stala-pod-sniegiem"],"_links":{"self":[{"href":"http:\/\/klubmamgdynia.pl\/index.php\/wp-json\/wp\/v2\/product\/9931","targetHints":{"allow":["GET"]}}],"collection":[{"href":"http:\/\/klubmamgdynia.pl\/index.php\/wp-json\/wp\/v2\/product"}],"about":[{"href":"http:\/\/klubmamgdynia.pl\/index.php\/wp-json\/wp\/v2\/types\/product"}],"replies":[{"embeddable":true,"href":"http:\/\/klubmamgdynia.pl\/index.php\/wp-json\/wp\/v2\/comments?post=9931"}],"wp:featuredmedia":[{"embeddable":true,"href":"http:\/\/klubmamgdynia.pl\/index.php\/wp-json\/wp\/v2\/media\/9932"}],"wp:attachment":[{"href":"http:\/\/klubmamgdynia.pl\/index.php\/wp-json\/wp\/v2\/media?parent=9931"}],"wp:term":[{"taxonomy":"product_cat","embeddable":true,"href":"http:\/\/klubmamgdynia.pl\/index.php\/wp-json\/wp\/v2\/product_cat?post=9931"},{"taxonomy":"product_tag","embeddable":true,"href":"http:\/\/klubmamgdynia.pl\/index.php\/wp-json\/wp\/v2\/product_tag?post=9931"}],"curies":[{"name":"wp","href":"https:\/\/api.w.org\/{rel}","templated":true}]}}