{"id":9935,"date":"2011-07-13T03:52:50","date_gmt":"2011-07-13T01:52:50","guid":{"rendered":"http:\/\/klubmamgdynia.pl\/index.php\/produkt\/3-sprouts-pudelko-na-zabawki-paw\/"},"modified":"2026-04-06T07:45:22","modified_gmt":"2026-04-06T05:45:22","slug":"3-sprouts-pudelko-na-zabawki-paw","status":"publish","type":"product","link":"http:\/\/klubmamgdynia.pl\/index.php\/produkt\/3-sprouts-pudelko-na-zabawki-paw\/","title":{"rendered":"3 Sprouts Pude\u0142ko Na Zabawki Paw"},"content":{"rendered":"<p>3 Sprouts Pude\u0142ko Na Zabawki Smok3 Sprouts to kanadyjska marka istniej\u0105ca od 2007 roku, specjalizuj\u0105ca si\u0119 w wysokiej jako\u015bci produktach dla dzieci. Wszystkie produkty 3 Sprouts charakteryzuj\u0105 si\u0119 wyj\u0105tkowym designem i podbijaj\u0105 serca rodzic\u00f3w i dzieci na ca\u0142ym \u015bwiecie. Pud\u0142a 3 Sprouts s\u0105 doskona\u0142ym narz\u0119dziem do organizacji ka\u017cdego pomieszczenia. Dzi\u0119ki wzmocnieniom z tektury pojemnik stoi na baczno\u015b\u0107 ca\u0142y czas.Pud\u0142a wykonane s\u0105 z ekologicznego poliestru uzyskanego z recyklingu plastikowych butelek.Pojemnik na wszystkie drobiazgi Twojego Malucha. Idealny do wystroju ka\u017cdego dzieci\u0119cego pokoju i nie tylko &#8211; ze wzgl\u0119du na du\u017c\u0105 r\u00f3\u017cnorodno\u015b\u0107 wzor\u00f3w i kolor\u00f3w.Wymiary pude\u0142ka:- wysoko\u015b\u0107 33 cm- szeroko\u015b\u0107 33 cm- g\u0142\u0119boko\u015b\u0107 33 cmWymiary opakowania:- szeroko\u015b\u0107 35 cm- wysoko\u015b\u0107 34 cm- g\u0142\u0119boko\u015b\u0107 2 cmCzyszczenie:- czy\u015bci\u0107 r\u0119cznie<\/p>\n<h2>3 Sprouts Pude\u0142ko Na Zabawki Paw 3 Sprouts<\/h2>\n<p>mia\u0142a baba koguta tekst, ko\u0142ysanka tekst, rozrywka dla dzieci, starodawne \u017cyczenia bo\u017conarodzeniowe, aaa kotki dwa tekst, karty pracy do druku za darmo, najpi\u0119kniejsze piosenki \u015bwi\u0105teczne dla dzieci, cytat o mamie, proste szczere \u017cyczenia bo\u017conarodzeniowe, pomys\u0142 na prima aprilis, bajki na dobranoc, mi\u0142o\u015b\u0107 do dziecka cytaty, psi patrol rysunek, szkic jak narysowa\u0107 kota, lol kolorowanka do druku<\/p>\n<p>yyyyy<\/p>\n<p>&nbsp;<\/p>\n","protected":false},"excerpt":{"rendered":"<p>3 Sprouts Pude\u0142ko Na Zabawki Smok3 Sprouts to kanadyjska marka istniej\u0105ca od 2007 roku, specjalizuj\u0105ca si\u0119 w wysokiej jako\u015bci produktach dla dzieci. Wszystkie produkty 3 Sprouts charakteryzuj\u0105 si\u0119 wyj\u0105tkowym designem i podbijaj\u0105 serca rodzic\u00f3w i dzieci na ca\u0142ym \u015bwiecie. Pud\u0142a 3 Sprouts s\u0105 doskona\u0142ym narz\u0119dziem do organizacji ka\u017cdego pomieszczenia. Dzi\u0119ki wzmocnieniom z tektury pojemnik stoi [&hellip;]<\/p>\n","protected":false},"featured_media":9936,"comment_status":"closed","ping_status":"open","template":"","meta":[],"product_cat":[1004,990],"product_tag":[825,801,832,653,782],"class_list":["post-9935","product","type-product","status-publish","has-post-thumbnail","hentry","product_cat-3-sprouts","product_cat-skrzynie-i-pojemniki-na-zabawki","product_tag-bajka-na-dobranoc-do-czytania","product_tag-bajki-terapeutyczne-o-emocjach","product_tag-desery-dla-dzieci","product_tag-warszawa-dla-dzieci","product_tag-zagadki-dla-dzieci-z-odpowiedziami"],"_links":{"self":[{"href":"http:\/\/klubmamgdynia.pl\/index.php\/wp-json\/wp\/v2\/product\/9935","targetHints":{"allow":["GET"]}}],"collection":[{"href":"http:\/\/klubmamgdynia.pl\/index.php\/wp-json\/wp\/v2\/product"}],"about":[{"href":"http:\/\/klubmamgdynia.pl\/index.php\/wp-json\/wp\/v2\/types\/product"}],"replies":[{"embeddable":true,"href":"http:\/\/klubmamgdynia.pl\/index.php\/wp-json\/wp\/v2\/comments?post=9935"}],"wp:featuredmedia":[{"embeddable":true,"href":"http:\/\/klubmamgdynia.pl\/index.php\/wp-json\/wp\/v2\/media\/9936"}],"wp:attachment":[{"href":"http:\/\/klubmamgdynia.pl\/index.php\/wp-json\/wp\/v2\/media?parent=9935"}],"wp:term":[{"taxonomy":"product_cat","embeddable":true,"href":"http:\/\/klubmamgdynia.pl\/index.php\/wp-json\/wp\/v2\/product_cat?post=9935"},{"taxonomy":"product_tag","embeddable":true,"href":"http:\/\/klubmamgdynia.pl\/index.php\/wp-json\/wp\/v2\/product_tag?post=9935"}],"curies":[{"name":"wp","href":"https:\/\/api.w.org\/{rel}","templated":true}]}}