{"id":9939,"date":"2014-03-23T16:14:58","date_gmt":"2014-03-23T15:14:58","guid":{"rendered":"http:\/\/klubmamgdynia.pl\/index.php\/produkt\/beniamin-zeszyt-a5-harry-potter\/"},"modified":"2026-04-05T20:30:43","modified_gmt":"2026-04-05T18:30:43","slug":"beniamin-zeszyt-a5-harry-potter","status":"publish","type":"product","link":"http:\/\/klubmamgdynia.pl\/index.php\/produkt\/beniamin-zeszyt-a5-harry-potter\/","title":{"rendered":"Beniamin Zeszyt A5 Harry Potter"},"content":{"rendered":"<p>zbiorcze 20 sztuk. Zeszyt A5, 16 kartek, linia, motyw Harry Potter, miks&#8230;.<\/p>\n<h2>Beniamin Zeszyt A5 Harry Potter Beniamin<\/h2>\n<p>dziecko cytaty, dziwne zagadki, pomys\u0142y na pakowanie prezent\u00f3w, delfinarium polska, teksty ko\u0142ysanek, mia i ja kolorowanki do druku, bajka o emocjach, malowanie past\u0105 do z\u0119b\u00f3w, zagadki dla doros\u0142ych, tajemniczy ogr\u00f3d test z odpowiedziami<\/p>\n<p>yyyyy<\/p>\n<p>&nbsp;<\/p>\n","protected":false},"excerpt":{"rendered":"<p>zbiorcze 20 sztuk. Zeszyt A5, 16 kartek, linia, motyw Harry Potter, miks&#8230;. Beniamin Zeszyt A5 Harry Potter Beniamin dziecko cytaty, dziwne zagadki, pomys\u0142y na pakowanie prezent\u00f3w, delfinarium polska, teksty ko\u0142ysanek, mia i ja kolorowanki do druku, bajka o emocjach, malowanie past\u0105 do z\u0119b\u00f3w, zagadki dla doros\u0142ych, tajemniczy ogr\u00f3d test z odpowiedziami yyyyy &nbsp;<\/p>\n","protected":false},"featured_media":9940,"comment_status":"closed","ping_status":"open","template":"","meta":[],"product_cat":[1376,325],"product_tag":[728,699,618,731,643],"class_list":["post-9939","product","type-product","status-publish","has-post-thumbnail","hentry","product_cat-beniamin","product_cat-szkolne-artykuly-papiernicze","product_tag-bezwarunkowa-milosc-do-dziecka-cytaty","product_tag-kolorowanki-do-druku-dla-dziewczyn","product_tag-lato-lato-lato-czeka-tekst","product_tag-maly-ksiaze-cytaty","product_tag-prezent-dla-17-latki"],"_links":{"self":[{"href":"http:\/\/klubmamgdynia.pl\/index.php\/wp-json\/wp\/v2\/product\/9939","targetHints":{"allow":["GET"]}}],"collection":[{"href":"http:\/\/klubmamgdynia.pl\/index.php\/wp-json\/wp\/v2\/product"}],"about":[{"href":"http:\/\/klubmamgdynia.pl\/index.php\/wp-json\/wp\/v2\/types\/product"}],"replies":[{"embeddable":true,"href":"http:\/\/klubmamgdynia.pl\/index.php\/wp-json\/wp\/v2\/comments?post=9939"}],"wp:featuredmedia":[{"embeddable":true,"href":"http:\/\/klubmamgdynia.pl\/index.php\/wp-json\/wp\/v2\/media\/9940"}],"wp:attachment":[{"href":"http:\/\/klubmamgdynia.pl\/index.php\/wp-json\/wp\/v2\/media?parent=9939"}],"wp:term":[{"taxonomy":"product_cat","embeddable":true,"href":"http:\/\/klubmamgdynia.pl\/index.php\/wp-json\/wp\/v2\/product_cat?post=9939"},{"taxonomy":"product_tag","embeddable":true,"href":"http:\/\/klubmamgdynia.pl\/index.php\/wp-json\/wp\/v2\/product_tag?post=9939"}],"curies":[{"name":"wp","href":"https:\/\/api.w.org\/{rel}","templated":true}]}}