{"id":994,"date":"2016-11-07T14:32:48","date_gmt":"2016-11-07T13:32:48","guid":{"rendered":"http:\/\/klubmamgdynia.pl\/index.php\/produkt\/simba-evi-love-lalka-w-spodenkach-na-rozowym-rowerze\/"},"modified":"2026-04-30T15:25:45","modified_gmt":"2026-04-30T13:25:45","slug":"simba-evi-love-lalka-w-spodenkach-na-rozowym-rowerze","status":"publish","type":"product","link":"http:\/\/klubmamgdynia.pl\/index.php\/produkt\/simba-evi-love-lalka-w-spodenkach-na-rozowym-rowerze\/","title":{"rendered":"Simba Evi Love Lalka W Spodenkach Na R\u00f3\u017cowym Rowerze"},"content":{"rendered":"<p>Simba, Evi Love, My First Bike &#8211; zestaw zawieraj\u0105cy r\u00f3\u017cowy rower oraz laleczk\u0119 Evi o d\u0142ugich blond w\u0142osach ubran\u0105 w spodenki, bluzeczk\u0119 z serduszkami oraz kask rowerowy.<\/p>\n<h2>Simba Evi Love Lalka W Spodenkach Na R\u00f3\u017cowym Rowerze Simba<\/h2>\n<p>pomysly na prezent na roczek, miasto dzieci pl, eksperyment dla dzieci wulkan, bajki na dobranoc do czytania, kolorowanka lol do druku, cytaty przyja\u017a\u0144, menu na urodziny dziecka, warszawa dzieci, samoch\u00f3d kolorowanka do druku, cytaty dla dzieci, test magiczne drzewo czerwone krzes\u0142o, zagadki logiczne na inteligencj\u0119 dla doros\u0142ych, jak namalowa\u0107 kota, prezent dla nastolatk\u00f3w, mira imi\u0119, zagadki dla starszych dzieci, doros\u0142ych kolorowanki dziewczyny, labirynt dla dzieci, pewna \u017caba by\u0142a s\u0142aba<\/p>\n<p>yyyyy<\/p>\n<p>&nbsp;<\/p>\n","protected":false},"excerpt":{"rendered":"<p>Simba, Evi Love, My First Bike &#8211; zestaw zawieraj\u0105cy r\u00f3\u017cowy rower oraz laleczk\u0119 Evi o d\u0142ugich blond w\u0142osach ubran\u0105 w spodenki, bluzeczk\u0119 z serduszkami oraz kask rowerowy. Simba Evi Love Lalka W Spodenkach Na R\u00f3\u017cowym Rowerze Simba pomysly na prezent na roczek, miasto dzieci pl, eksperyment dla dzieci wulkan, bajki na dobranoc do czytania, kolorowanka [&hellip;]<\/p>\n","protected":false},"featured_media":995,"comment_status":"closed","ping_status":"open","template":"","meta":[],"product_cat":[65,279],"product_tag":[853,629,869],"class_list":["post-994","product","type-product","status-publish","has-post-thumbnail","hentry","product_cat-lalki","product_cat-simba","product_tag-kolorowanki-do-druku-dla-doroslych","product_tag-smieszne-zagadki-z-odpowiedziami","product_tag-zagadki-na-logike"],"_links":{"self":[{"href":"http:\/\/klubmamgdynia.pl\/index.php\/wp-json\/wp\/v2\/product\/994","targetHints":{"allow":["GET"]}}],"collection":[{"href":"http:\/\/klubmamgdynia.pl\/index.php\/wp-json\/wp\/v2\/product"}],"about":[{"href":"http:\/\/klubmamgdynia.pl\/index.php\/wp-json\/wp\/v2\/types\/product"}],"replies":[{"embeddable":true,"href":"http:\/\/klubmamgdynia.pl\/index.php\/wp-json\/wp\/v2\/comments?post=994"}],"wp:featuredmedia":[{"embeddable":true,"href":"http:\/\/klubmamgdynia.pl\/index.php\/wp-json\/wp\/v2\/media\/995"}],"wp:attachment":[{"href":"http:\/\/klubmamgdynia.pl\/index.php\/wp-json\/wp\/v2\/media?parent=994"}],"wp:term":[{"taxonomy":"product_cat","embeddable":true,"href":"http:\/\/klubmamgdynia.pl\/index.php\/wp-json\/wp\/v2\/product_cat?post=994"},{"taxonomy":"product_tag","embeddable":true,"href":"http:\/\/klubmamgdynia.pl\/index.php\/wp-json\/wp\/v2\/product_tag?post=994"}],"curies":[{"name":"wp","href":"https:\/\/api.w.org\/{rel}","templated":true}]}}