{"id":9941,"date":"2014-04-26T17:47:11","date_gmt":"2014-04-26T15:47:11","guid":{"rendered":"http:\/\/klubmamgdynia.pl\/index.php\/produkt\/buty-pilkarskie-buty-pilkarskie-adidas-x-speedflow-3-fg-fy3298\/"},"modified":"2026-05-17T22:33:32","modified_gmt":"2026-05-17T20:33:32","slug":"buty-pilkarskie-buty-pilkarskie-adidas-x-speedflow-3-fg-fy3298","status":"publish","type":"product","link":"http:\/\/klubmamgdynia.pl\/index.php\/produkt\/buty-pilkarskie-buty-pilkarskie-adidas-x-speedflow-3-fg-fy3298\/","title":{"rendered":"Buty pi\u0142karskie Buty Pi\u0142karskie adidas X Speedflow.3 Fg Fy3298"},"content":{"rendered":"<p>Buty pi\u0142karskie adidas X Speedflow.3 FG FY3298Producent: adidas Kod towaru: FY3298 EAN: 4064047349467<\/p>\n<h2>Buty pi\u0142karskie Buty Pi\u0142karskie adidas X Speedflow.3 Fg Fy3298 adidas<\/h2>\n<p>kolorowanka minecraft, kolorowanka pokemon, bajka na dobranoc do czytania, zabawy halloweenowe dla dzieci, zagadki o zwierz\u0119tach<\/p>\n<p>yyyyy<\/p>\n<p>&nbsp;<\/p>\n","protected":false},"excerpt":{"rendered":"<p>Buty pi\u0142karskie adidas X Speedflow.3 FG FY3298Producent: adidas Kod towaru: FY3298 EAN: 4064047349467 Buty pi\u0142karskie Buty Pi\u0142karskie adidas X Speedflow.3 Fg Fy3298 adidas kolorowanka minecraft, kolorowanka pokemon, bajka na dobranoc do czytania, zabawy halloweenowe dla dzieci, zagadki o zwierz\u0119tach yyyyy &nbsp;<\/p>\n","protected":false},"featured_media":9942,"comment_status":"closed","ping_status":"open","template":"","meta":[],"product_cat":[280,1705],"product_tag":[700,687,856,741],"class_list":["post-9941","product","type-product","status-publish","has-post-thumbnail","hentry","product_cat-adidas","product_cat-buty-pilkarskie","product_tag-bajki-do-czytania-dla-dzieci","product_tag-podchwytliwe-zagadki-matematyczne","product_tag-prezent-dla-16-latki","product_tag-wlochy"],"_links":{"self":[{"href":"http:\/\/klubmamgdynia.pl\/index.php\/wp-json\/wp\/v2\/product\/9941","targetHints":{"allow":["GET"]}}],"collection":[{"href":"http:\/\/klubmamgdynia.pl\/index.php\/wp-json\/wp\/v2\/product"}],"about":[{"href":"http:\/\/klubmamgdynia.pl\/index.php\/wp-json\/wp\/v2\/types\/product"}],"replies":[{"embeddable":true,"href":"http:\/\/klubmamgdynia.pl\/index.php\/wp-json\/wp\/v2\/comments?post=9941"}],"wp:featuredmedia":[{"embeddable":true,"href":"http:\/\/klubmamgdynia.pl\/index.php\/wp-json\/wp\/v2\/media\/9942"}],"wp:attachment":[{"href":"http:\/\/klubmamgdynia.pl\/index.php\/wp-json\/wp\/v2\/media?parent=9941"}],"wp:term":[{"taxonomy":"product_cat","embeddable":true,"href":"http:\/\/klubmamgdynia.pl\/index.php\/wp-json\/wp\/v2\/product_cat?post=9941"},{"taxonomy":"product_tag","embeddable":true,"href":"http:\/\/klubmamgdynia.pl\/index.php\/wp-json\/wp\/v2\/product_tag?post=9941"}],"curies":[{"name":"wp","href":"https:\/\/api.w.org\/{rel}","templated":true}]}}