{"id":9943,"date":"2012-02-20T08:15:21","date_gmt":"2012-02-20T07:15:21","guid":{"rendered":"http:\/\/klubmamgdynia.pl\/index.php\/produkt\/sambro-frozen-kraina-lodu-elsa-piornik-tuba-disney\/"},"modified":"2026-05-17T22:10:48","modified_gmt":"2026-05-17T20:10:48","slug":"sambro-frozen-kraina-lodu-elsa-piornik-tuba-disney","status":"publish","type":"product","link":"http:\/\/klubmamgdynia.pl\/index.php\/produkt\/sambro-frozen-kraina-lodu-elsa-piornik-tuba-disney\/","title":{"rendered":"Sambro Frozen Kraina Lodu Elsa Pi\u00f3rnik Tuba Disney"},"content":{"rendered":"<p>Szukasz czego\u015b dobrej jako\u015bci i w dobrej cenie ?&#8230;Sprawd\u017a co przygotowali\u015bmy dla CiebieLicencjonowany Pi\u00f3rnik TubaKraina Lodu FROZENANNA &amp; ELSA &amp; OLAFProdukt na licencji DisneyaProdukt na licencji Disney, wykonany z najlepszych materia\u0142\u00f3w.Idealnie zmieszcz\u0105 si\u0119 w nim artyku\u0142y pi\u015bmiennicze.Pi\u0119kna kolorystyka i solidne wykonanie.B\u0119dzie ozdob\u0105 plecaka dla wielbicielki filmu.Zapinany na zamek b\u0142yskawiczny.Wykonany z PCVWymiary (cm): 19 x 9,5 x 1,5Produkt nowy, oryginalnie zapakowany.Idealny pomys\u0142 na prezent.Produkt nowy, oryginalnie zapakowany.Idealny pomys\u0142 na prezent.<\/p>\n<h2>Sambro Frozen Kraina Lodu Elsa Pi\u00f3rnik Tuba Disney Sambro<\/h2>\n<p>walentynka kolorowanka, antystresowe mandale do druku, kolorowanki \u015bwi\u0119to niepodleg\u0142o\u015bci do druku, atrakcje dla dzieci tr\u00f3jmiasto, kolorowanki antystresowe, oliwier znaczenie imienia, test magiczne drzewo czerwone krzes\u0142o, cytaty na dzie\u0144 edukacji narodowej, traktor z przyczep\u0105 kolorowanka do druku, pi\u0119kne cytaty o synku, wiersz na wielkanocnym stole, wiosna zagadki, kolorowanki wed\u0142ug kodu do druku, bal halloween dla dzieci 2021, karyna, podchwytliwe zagadki dla doros\u0142ych, cytat mama<\/p>\n<p>yyyyy<\/p>\n<p>&nbsp;<\/p>\n","protected":false},"excerpt":{"rendered":"<p>Szukasz czego\u015b dobrej jako\u015bci i w dobrej cenie ?&#8230;Sprawd\u017a co przygotowali\u015bmy dla CiebieLicencjonowany Pi\u00f3rnik TubaKraina Lodu FROZENANNA &amp; ELSA &amp; OLAFProdukt na licencji DisneyaProdukt na licencji Disney, wykonany z najlepszych materia\u0142\u00f3w.Idealnie zmieszcz\u0105 si\u0119 w nim artyku\u0142y pi\u015bmiennicze.Pi\u0119kna kolorystyka i solidne wykonanie.B\u0119dzie ozdob\u0105 plecaka dla wielbicielki filmu.Zapinany na zamek b\u0142yskawiczny.Wykonany z PCVWymiary (cm): 19 x 9,5 [&hellip;]<\/p>\n","protected":false},"featured_media":9944,"comment_status":"closed","ping_status":"open","template":"","meta":[],"product_cat":[976,1867],"product_tag":[578,732,625],"class_list":["post-9943","product","type-product","status-publish","has-post-thumbnail","hentry","product_cat-piorniki","product_cat-sambro","product_tag-fajne-zarty-na-prima-aprilis","product_tag-prezent-dla-rocznego-chlopca","product_tag-trojmiasto-atrakcje-dla-dzieci"],"_links":{"self":[{"href":"http:\/\/klubmamgdynia.pl\/index.php\/wp-json\/wp\/v2\/product\/9943","targetHints":{"allow":["GET"]}}],"collection":[{"href":"http:\/\/klubmamgdynia.pl\/index.php\/wp-json\/wp\/v2\/product"}],"about":[{"href":"http:\/\/klubmamgdynia.pl\/index.php\/wp-json\/wp\/v2\/types\/product"}],"replies":[{"embeddable":true,"href":"http:\/\/klubmamgdynia.pl\/index.php\/wp-json\/wp\/v2\/comments?post=9943"}],"wp:featuredmedia":[{"embeddable":true,"href":"http:\/\/klubmamgdynia.pl\/index.php\/wp-json\/wp\/v2\/media\/9944"}],"wp:attachment":[{"href":"http:\/\/klubmamgdynia.pl\/index.php\/wp-json\/wp\/v2\/media?parent=9943"}],"wp:term":[{"taxonomy":"product_cat","embeddable":true,"href":"http:\/\/klubmamgdynia.pl\/index.php\/wp-json\/wp\/v2\/product_cat?post=9943"},{"taxonomy":"product_tag","embeddable":true,"href":"http:\/\/klubmamgdynia.pl\/index.php\/wp-json\/wp\/v2\/product_tag?post=9943"}],"curies":[{"name":"wp","href":"https:\/\/api.w.org\/{rel}","templated":true}]}}