{"id":9945,"date":"2020-03-24T14:53:11","date_gmt":"2020-03-24T13:53:11","guid":{"rendered":"http:\/\/klubmamgdynia.pl\/index.php\/produkt\/micro-optics-sfp-transceiver-module-10-gige-mosfp10gt\/"},"modified":"2026-04-05T18:43:33","modified_gmt":"2026-04-05T16:43:33","slug":"micro-optics-sfp-transceiver-module-10-gige-mosfp10gt","status":"publish","type":"product","link":"http:\/\/klubmamgdynia.pl\/index.php\/produkt\/micro-optics-sfp-transceiver-module-10-gige-mosfp10gt\/","title":{"rendered":"MICRO OPTICS &#8211; SFP+ TRANSCEIVER MODULE &#8211; 10 GIGE (MOSFP10GT)"},"content":{"rendered":"<p>Modu\u0142 nadajnik\/odbiornik SFP+ (ekwiwalent: Cisco SFP-10G-T), 10 GigE, 10GBase-T, RJ-45, do 30 m<\/p>\n<h2>MICRO OPTICS &#8211; SFP+ TRANSCEIVER MODULE &#8211; 10 GIGE (MOSFP10GT) Micro<\/h2>\n<p>prezent dla 13 latki na \u015bwi\u0119ta, asiunia test, zagadki podchwytliwe, gabriela imie, asiunia test, kolorowanki do druku dla dziewczynek, prima aprilis pomys\u0142y, zosia samosia, kolorowanka antystresowa, wszystkie kraje \u015bwiata quiz, bajka dla niemowlaka, kolorowanki, najpi\u0119kniejsze cytaty o przyja\u017ani, zagadki o zimie, darmowe kolorowanki do druku, rebusy i krzy\u017c\u00f3wki dla dzieci do druku, ozdoby wielkanocne kt\u00f3re mog\u0105 zrobi\u0107 dzieci, trudne zagadki logiczne z odpowiedziami, molo w brze\u017anie, by\u0142a sobie \u017cabka ma\u0142a tekst<\/p>\n<p>yyyyy<\/p>\n<p>&nbsp;<\/p>\n","protected":false},"excerpt":{"rendered":"<p>Modu\u0142 nadajnik\/odbiornik SFP+ (ekwiwalent: Cisco SFP-10G-T), 10 GigE, 10GBase-T, RJ-45, do 30 m MICRO OPTICS &#8211; SFP+ TRANSCEIVER MODULE &#8211; 10 GIGE (MOSFP10GT) Micro prezent dla 13 latki na \u015bwi\u0119ta, asiunia test, zagadki podchwytliwe, gabriela imie, asiunia test, kolorowanki do druku dla dziewczynek, prima aprilis pomys\u0142y, zosia samosia, kolorowanka antystresowa, wszystkie kraje \u015bwiata quiz, bajka [&hellip;]<\/p>\n","protected":false},"featured_media":9946,"comment_status":"closed","ping_status":"open","template":"","meta":[],"product_cat":[1868,368],"product_tag":[648,673,753,715],"class_list":["post-9945","product","type-product","status-publish","has-post-thumbnail","hentry","product_cat-akcesoria-do-urzadzen-sieciowych","product_cat-micro","product_tag-dobrej-nocy-i-sza","product_tag-juz-blisko-koleda-tekst","product_tag-kamila","product_tag-zosia-samosia"],"_links":{"self":[{"href":"http:\/\/klubmamgdynia.pl\/index.php\/wp-json\/wp\/v2\/product\/9945","targetHints":{"allow":["GET"]}}],"collection":[{"href":"http:\/\/klubmamgdynia.pl\/index.php\/wp-json\/wp\/v2\/product"}],"about":[{"href":"http:\/\/klubmamgdynia.pl\/index.php\/wp-json\/wp\/v2\/types\/product"}],"replies":[{"embeddable":true,"href":"http:\/\/klubmamgdynia.pl\/index.php\/wp-json\/wp\/v2\/comments?post=9945"}],"wp:featuredmedia":[{"embeddable":true,"href":"http:\/\/klubmamgdynia.pl\/index.php\/wp-json\/wp\/v2\/media\/9946"}],"wp:attachment":[{"href":"http:\/\/klubmamgdynia.pl\/index.php\/wp-json\/wp\/v2\/media?parent=9945"}],"wp:term":[{"taxonomy":"product_cat","embeddable":true,"href":"http:\/\/klubmamgdynia.pl\/index.php\/wp-json\/wp\/v2\/product_cat?post=9945"},{"taxonomy":"product_tag","embeddable":true,"href":"http:\/\/klubmamgdynia.pl\/index.php\/wp-json\/wp\/v2\/product_tag?post=9945"}],"curies":[{"name":"wp","href":"https:\/\/api.w.org\/{rel}","templated":true}]}}