{"id":9947,"date":"2013-11-21T12:00:01","date_gmt":"2013-11-21T11:00:01","guid":{"rendered":"http:\/\/klubmamgdynia.pl\/index.php\/produkt\/hulajnoga-puky-r-03l-czarny\/"},"modified":"2026-04-07T10:37:23","modified_gmt":"2026-04-07T08:37:23","slug":"hulajnoga-puky-r-03l-czarny","status":"publish","type":"product","link":"http:\/\/klubmamgdynia.pl\/index.php\/produkt\/hulajnoga-puky-r-03l-czarny\/","title":{"rendered":"Hulajnoga Puky R 03L Czarny"},"content":{"rendered":"<p>Najwa\u017cniejsze cechyPrzeznaczony dla dzieci w wieku od 3+ i wzro\u015bcie od 95cmPompowane ko\u0142a\u0141o\u017cyska kulkowe w sterachNie \u015blizgaj\u0105ca si\u0119 platformaWyprodukowano w NiemczechKlasyczna hulajnoga PUKY idealnie przygotowuje malucha do jazdy na rowerze, bowiem w podobny spos\u00f3b co rowerek biegowy trenuje r\u00f3wnowag\u0119 dziecka, wzmacniaj\u0105c przy okazji mi\u0119\u015bnie n\u00f3g. Te \u0142atwe i bezpieczne w prowadzeniu hulajnogi zwi\u0119kszaj\u0105 nie tylko promie\u0144 ruchu malucha, ale r\u00f3wnie\u017c rozwijaj\u0105 znacznie czucie pr\u0119dko\u015bci, kierowania i hamowania w trakcie jazdy.Hulajnogi Puky to:Wysoki komfort jazdy dzi\u0119ki zastosowaniu wysokiej jako\u015bci opon Komfort lub opon pompowanychDesign dostosowany do potrzeb dzieckaWieloletni serwis cz\u0119\u015bci zamiennychR\u00f3\u017cnica pomi\u0119dzy pojazdami R 3 a R 3 L polega jedynie na rodzaju opon:R 3 jest wyposa\u017cony w komfortowe piankowe opony EVA posiadaj\u0105ce dobre w\u0142a\u015bciwo\u015bci jezdne. Ten rodzaj opon niemal nie wymaga konserwacji.R 3 L posiada jeszcze bardziej komfortowe opony pompowane (opony z d\u0119tk\u0105) o lepszych w\u0142a\u015bciwo\u015bciach tocznych i jezdnych &#8211; opony te jednak wymagaj\u0105 konserwacji. Ten typ opon nale\u017cy w odpowiednich odst\u0119pach czasu lekko podpompowa\u0107 powietrzem, co pozwoli zachowa\u0107 ich odpowiednie w\u0142a\u015bciwo\u015bci.WYPOSA\u017bENIE:Bezpieczne chwytyBezpieczne i przyjazne dziecku, to esencja wszystkich pojazd\u00f3w PUKY. To PUKY jako pierwszy producent u\u017cy\u0142 specjalnie wyprofilowanych chwyt\u00f3w kierownicy, kt\u00f3re posiadaj\u0105 zabezpieczenie przed zsuni\u0119ciem si\u0119 d\u0142oni dziecka. Dzi\u0119ki temu chwyty chroni\u0105 d\u0142onie dziecka podczas wypadku lub gdy dziecko uderzy o kierownic\u0119. Chwyty posiadaj\u0105 dobr\u0105 przyczepno\u015b\u0107 a ich \u015brednica jest odpowiednia dla dzieci\u0119cych d\u0142oni i pozwala na ich pewne uchwycenie.Os\u0142ona kierownicy\u017baden mistrz jeszcze nie spad\u0142 nam z nieba, ale ka\u017cdy \u015bwietny kolarz spad\u0142 kiedy\u015b ze swojego rowerka. Tak wi\u0119c, na wszelki wypadek, \u017ceby konsekwencje upadku by\u0142y jak najl\u017cejsze w naszych rowerkach zak\u0142adamy du\u017c\u0105 os\u0142on\u0119 kierownicy. Minimalizuje to uderzenie w kierownic\u0119. Jak zwykle u\u017cyty materia\u0142 PUKY i piankowy ochraniacz oczywi\u015bcie zosta\u0142y poddane testom T\u00dcV, posiadaj\u0105 certyfikat GS, s\u0105 wolne od zanieczyszcze\u0144, odporne na promieniowanie UV i wyj\u0105tkowo odporne na \u015bcieranie.\u0141o\u017cyska kulkowe w kierownicy i ko\u0142achD\u0142uga kierownica hulajnogi przekazuje du\u017ce obci\u0105\u017cenia na \u0142o\u017cyska. Dlatego ju\u017c w najmniejszej hulajnodze montujemy wytrzyma\u0142e i trwa\u0142e \u0142o\u017cyska kulkowe. \u0141o\u017cyska kulkowe montujemy r\u00f3wnie\u017c w ko\u0142ach, dla zapewnienia niskiego oporu toczenia nawet przy wi\u0119kszych przebiegach.DzwonekW PUKY ma\u0142e rzeczy s\u0105 bardzo wa\u017cne. Wi\u0119c testujemy r\u00f3wnie\u017c nasze dzwonki, by by\u0142y bezpieczne i przyjazne dziecku. Poniewa\u017c ka\u017cdy powinien ufa\u0107 nazwie PUKY &#8211; do najmniejszego detalu.Antypo\u015blizgowy podest i hamulec tylnego ko\u0142aBezpieczna pozycja jest bardzo wa\u017cna podczas jazdy na hulajnodze, poniewa\u017c wi\u0119kszo\u015b\u0107 si\u0142y odbicia przenoszona jest przez stopy. Super antypo\u015blizgowy podest w nowej hulajnodze PUKY oferuje du\u017co miejsca dla m\u0142odych pilot\u00f3w, zar\u00f3wno dla jednej, jak i obu n\u00f3g.Sportowe pompowane ko\u0142aNiezaprzeczalnie opony pneumatyczne zapewniaj\u0105 najlepsz\u0105 przyczepno\u015b\u0107 i komfort. Du\u017ce opony hulajnogi (o wymiarze 55&#215;225 mm) pozwalaj\u0105 na wygodn\u0105 jazd\u0119 po chodnikach z kostki, a nawet na jazd\u0119 w terenie, zapewniaj\u0105 maksimum bezpiecze\u0144stwa i lepiej amortyzuj\u0105 wstrz\u0105sy ni\u017c opony z pianki. W przeciwie\u0144stwie do nich jednak wymagana jest nieco wi\u0119ksza konserwacja.<\/p>\n<h2>Hulajnoga Puky R 03L Czarny Puky<\/h2>\n<p>bajka do czytania na dobranoc, dynie pozna\u0144, cicha noc po angielsku, labirynt dla dzieci, kolorowanka lol, gry ruchowe dla dzieci, smieszne zagadki, co kupic 7 latkowi pod choinke, marcel imi\u0119, wroc\u0142aw dla dzieci, bajki na dobranoc do czytania, prezent dla 15 latki 2021<\/p>\n<p>yyyyy<\/p>\n<p>&nbsp;<\/p>\n","protected":false},"excerpt":{"rendered":"<p>Najwa\u017cniejsze cechyPrzeznaczony dla dzieci w wieku od 3+ i wzro\u015bcie od 95cmPompowane ko\u0142a\u0141o\u017cyska kulkowe w sterachNie \u015blizgaj\u0105ca si\u0119 platformaWyprodukowano w NiemczechKlasyczna hulajnoga PUKY idealnie przygotowuje malucha do jazdy na rowerze, bowiem w podobny spos\u00f3b co rowerek biegowy trenuje r\u00f3wnowag\u0119 dziecka, wzmacniaj\u0105c przy okazji mi\u0119\u015bnie n\u00f3g. Te \u0142atwe i bezpieczne w prowadzeniu hulajnogi zwi\u0119kszaj\u0105 nie tylko [&hellip;]<\/p>\n","protected":false},"featured_media":9948,"comment_status":"closed","ping_status":"open","template":"","meta":[],"product_cat":[1853,1869],"product_tag":[759,651,672,767],"class_list":["post-9947","product","type-product","status-publish","has-post-thumbnail","hentry","product_cat-hulajnogi","product_cat-puky","product_tag-pomysly-na-prezent-dla-nastolatkow","product_tag-quizy-online","product_tag-trudne-zagadki-z-odpowiedziami","product_tag-zaproszenia-urodzinowe-do-druku"],"_links":{"self":[{"href":"http:\/\/klubmamgdynia.pl\/index.php\/wp-json\/wp\/v2\/product\/9947","targetHints":{"allow":["GET"]}}],"collection":[{"href":"http:\/\/klubmamgdynia.pl\/index.php\/wp-json\/wp\/v2\/product"}],"about":[{"href":"http:\/\/klubmamgdynia.pl\/index.php\/wp-json\/wp\/v2\/types\/product"}],"replies":[{"embeddable":true,"href":"http:\/\/klubmamgdynia.pl\/index.php\/wp-json\/wp\/v2\/comments?post=9947"}],"wp:featuredmedia":[{"embeddable":true,"href":"http:\/\/klubmamgdynia.pl\/index.php\/wp-json\/wp\/v2\/media\/9948"}],"wp:attachment":[{"href":"http:\/\/klubmamgdynia.pl\/index.php\/wp-json\/wp\/v2\/media?parent=9947"}],"wp:term":[{"taxonomy":"product_cat","embeddable":true,"href":"http:\/\/klubmamgdynia.pl\/index.php\/wp-json\/wp\/v2\/product_cat?post=9947"},{"taxonomy":"product_tag","embeddable":true,"href":"http:\/\/klubmamgdynia.pl\/index.php\/wp-json\/wp\/v2\/product_tag?post=9947"}],"curies":[{"name":"wp","href":"https:\/\/api.w.org\/{rel}","templated":true}]}}