{"id":9949,"date":"2015-10-05T20:30:23","date_gmt":"2015-10-05T18:30:23","guid":{"rendered":"http:\/\/klubmamgdynia.pl\/index.php\/produkt\/3-sprouts-pudelko-na-zabawki-lama\/"},"modified":"2026-04-03T21:11:40","modified_gmt":"2026-04-03T19:11:40","slug":"3-sprouts-pudelko-na-zabawki-lama","status":"publish","type":"product","link":"http:\/\/klubmamgdynia.pl\/index.php\/produkt\/3-sprouts-pudelko-na-zabawki-lama\/","title":{"rendered":"3 Sprouts Pude\u0142ko na Zabawki Lama"},"content":{"rendered":"<p>Pude\u0142ko na zabawki lama jest doskona\u0142e do organizacji rzeczy w ka\u017cdym pomieszczeniu. Dzi\u0119ki wzmocnieniom z tektury pojemnik stoi na baczno\u015b\u0107 ca\u0142y czas. Pud\u0142a wykonane s\u0105 z ekologicznego poliestru uzyskanego z recyklingu plastikowych butelek. Pojemnik z pewno\u015bci\u0105 pomie\u015bci wszystkie drobiazgi. Idealny do wystroju ka\u017cdego dzieci\u0119cego pokoju ze wzgl\u0119du na du\u017c\u0105 r\u00f3\u017cnorodno\u015b\u0107 wzor\u00f3w i kolor\u00f3w. wysoko\u015b\u0107 33 cm x szeroko\u015b\u0107 33 cm x g\u0142\u0119boko\u015b\u0107 33 cm materia\u0142: ekologiczny poliester czyszczenie: czy\u015bci\u0107 r\u0119cznie<\/p>\n<h2>3 Sprouts Pude\u0142ko na Zabawki Lama 3 Sprouts<\/h2>\n<p>testy ma\u0142y ksi\u0105\u017ce, gwiazdka do druku, ci\u0119\u017ckie zagadki, najpi\u0119kniejsze cytaty cytaty dla mamy<\/p>\n<p>yyyyy<\/p>\n<p>&nbsp;<\/p>\n","protected":false},"excerpt":{"rendered":"<p>Pude\u0142ko na zabawki lama jest doskona\u0142e do organizacji rzeczy w ka\u017cdym pomieszczeniu. Dzi\u0119ki wzmocnieniom z tektury pojemnik stoi na baczno\u015b\u0107 ca\u0142y czas. Pud\u0142a wykonane s\u0105 z ekologicznego poliestru uzyskanego z recyklingu plastikowych butelek. Pojemnik z pewno\u015bci\u0105 pomie\u015bci wszystkie drobiazgi. Idealny do wystroju ka\u017cdego dzieci\u0119cego pokoju ze wzgl\u0119du na du\u017c\u0105 r\u00f3\u017cnorodno\u015b\u0107 wzor\u00f3w i kolor\u00f3w. wysoko\u015b\u0107 33 [&hellip;]<\/p>\n","protected":false},"featured_media":9950,"comment_status":"closed","ping_status":"open","template":"","meta":[],"product_cat":[1004,990],"product_tag":[716,677,614,711],"class_list":["post-9949","product","type-product","status-publish","has-post-thumbnail","hentry","product_cat-3-sprouts","product_cat-skrzynie-i-pojemniki-na-zabawki","product_tag-filmy-animowane-o-swietach","product_tag-milosz-imie","product_tag-pia","product_tag-prezenty-dla-nastolatkow"],"_links":{"self":[{"href":"http:\/\/klubmamgdynia.pl\/index.php\/wp-json\/wp\/v2\/product\/9949","targetHints":{"allow":["GET"]}}],"collection":[{"href":"http:\/\/klubmamgdynia.pl\/index.php\/wp-json\/wp\/v2\/product"}],"about":[{"href":"http:\/\/klubmamgdynia.pl\/index.php\/wp-json\/wp\/v2\/types\/product"}],"replies":[{"embeddable":true,"href":"http:\/\/klubmamgdynia.pl\/index.php\/wp-json\/wp\/v2\/comments?post=9949"}],"wp:featuredmedia":[{"embeddable":true,"href":"http:\/\/klubmamgdynia.pl\/index.php\/wp-json\/wp\/v2\/media\/9950"}],"wp:attachment":[{"href":"http:\/\/klubmamgdynia.pl\/index.php\/wp-json\/wp\/v2\/media?parent=9949"}],"wp:term":[{"taxonomy":"product_cat","embeddable":true,"href":"http:\/\/klubmamgdynia.pl\/index.php\/wp-json\/wp\/v2\/product_cat?post=9949"},{"taxonomy":"product_tag","embeddable":true,"href":"http:\/\/klubmamgdynia.pl\/index.php\/wp-json\/wp\/v2\/product_tag?post=9949"}],"curies":[{"name":"wp","href":"https:\/\/api.w.org\/{rel}","templated":true}]}}