{"id":9951,"date":"2025-04-28T12:09:58","date_gmt":"2025-04-28T10:09:58","guid":{"rendered":"http:\/\/klubmamgdynia.pl\/?post_type=product&#038;p=9951"},"modified":"2026-05-17T20:59:46","modified_gmt":"2026-05-17T18:59:46","slug":"abarqs-quick-6-grey-green","status":"publish","type":"product","link":"http:\/\/klubmamgdynia.pl\/index.php\/produkt\/abarqs-quick-6-grey-green\/","title":{"rendered":"Abarqs Quick 6 Grey Green"},"content":{"rendered":"<p>Abarqs Quick 6 Grey Green<\/p>\n<p>Namiot 4 osoby<br \/>\nsamorozk\u0142adaj\u0105cy rozk\u0142ada i sk\u0142ada si\u0119 b\u0142yskawicznie!Stabilna, nowoczesna<br \/>\nkonstrukcja, dobry system wentylacyjny gwarantuj\u0105 wygod\u0119 i bezpiecze\u0144stwo.Wykonany z<br \/>\nudoskonalonego poliestru \u201e190T UV Resistant&#8221;Idealny namiot na wypady<br \/>\nna camping, wycieczki, wode.                            <\/p>\n<p>Specyfikacja:<\/p>\n<p>\u00b7\u00a0<br \/>\nWej\u015bcie<br \/>\ndo namiotu zamykane na dwustronny suwak &#8211; rolowane<\/p>\n<p>\u00b7\u00a0<br \/>\nWej\u015bcie<br \/>\ndo namiotu na suwak dwustronny z moskitier\u0105 &#8211; rolowane.<\/p>\n<p>\u00b7\u00a0<br \/>\nNa<br \/>\ntylnej \u015bciance okienko wentylacyjne z moskitier\u0105 i zas\u0142onk\u0105<\/p>\n<p>Dane<br \/>\ntechniczne :<\/p>\n<p>\u00b7\u00a0<br \/>\nLiczba<br \/>\nmiejsc: 4osobowy<\/p>\n<p>\u00b7\u00a0<br \/>\nMateria\u0142<br \/>\n: 190T poliester.<\/p>\n<p>\u00b7\u00a0<br \/>\nPod\u0142oga<br \/>\nPE.<\/p>\n<p>\u00b7\u00a0<br \/>\nWarstwa<br \/>\nwodoodporna : 1000mm s\u0142upa wody<\/p>\n<p>\u00b7\u00a0<br \/>\nPa\u0142\u0105ki<br \/>\n: w\u0142\u00f3kno szklane.<\/p>\n<p>\u00b7\u00a0<br \/>\nSzpilki\/\u015aledzie<br \/>\n: stalowe.<\/p>\n<p>\u00b7\u00a0<br \/>\nSzwy<br \/>\ndodatkowo klejone.<\/p>\n<p>\u00a0\u00a0\u00a0<\/p>\n<p>Wymiary<br \/>\ni waga:\u00b7\u00a0<br \/>\nWaga<br \/>\nnamiotu : 1,6 kg.\u00b7\u00a0<br \/>\nRozmiar<br \/>\npo monta\u017cu :\u00a0 280 x 210 x 115cm\u00b7\u00a0<br \/>\nRozmiar<br \/>\npo z\u0142o\u017ceniu : 92 cm. (okr\u0105g)<\/p>\n<h2>Abarqs Quick 6 Grey Green Abarqs<\/h2>\n<p>quiz o samochodach, wiersz na dobranoc dla dzieci, andrzejki dekoracje do druku, kartka walentynkowa r\u0119cznie robiona \u0142atwa, wpad\u0142a bomba do piwnicy, prezenty na roczek dla ch\u0142opca, urodziny dziecka pomys\u0142y, wierszyk o marzannie, zaproszenie na urodziny do druku, wiosna zagadki s\u0142owne, zagadka o wio\u015bnie<\/p>\n<p>yyyyy<\/p>\n<p>&nbsp;<\/p>\n","protected":false},"excerpt":{"rendered":"<p>Abarqs Quick 6 Grey Green Namiot 4 osoby samorozk\u0142adaj\u0105cy rozk\u0142ada i sk\u0142ada si\u0119 b\u0142yskawicznie!Stabilna, nowoczesna konstrukcja, dobry system wentylacyjny gwarantuj\u0105 wygod\u0119 i bezpiecze\u0144stwo.Wykonany z udoskonalonego poliestru \u201e190T UV Resistant&#8221;Idealny namiot na wypady na camping, wycieczki, wode. Specyfikacja: \u00b7\u00a0 Wej\u015bcie do namiotu zamykane na dwustronny suwak &#8211; rolowane \u00b7\u00a0 Wej\u015bcie do namiotu na suwak dwustronny z [&hellip;]<\/p>\n","protected":false},"featured_media":9952,"comment_status":"closed","ping_status":"open","template":"","meta":[],"product_cat":[1870,1871],"product_tag":[700,719,755,593,588],"class_list":["post-9951","product","type-product","status-publish","has-post-thumbnail","hentry","product_cat-abarqs","product_cat-namioty","product_tag-bajki-do-czytania-dla-dzieci","product_tag-dziecko-cytaty-zlote-mysli","product_tag-henryk","product_tag-jak-narysowac-konia","product_tag-wzruszajace-slowa-dla-przyjaciela"],"_links":{"self":[{"href":"http:\/\/klubmamgdynia.pl\/index.php\/wp-json\/wp\/v2\/product\/9951","targetHints":{"allow":["GET"]}}],"collection":[{"href":"http:\/\/klubmamgdynia.pl\/index.php\/wp-json\/wp\/v2\/product"}],"about":[{"href":"http:\/\/klubmamgdynia.pl\/index.php\/wp-json\/wp\/v2\/types\/product"}],"replies":[{"embeddable":true,"href":"http:\/\/klubmamgdynia.pl\/index.php\/wp-json\/wp\/v2\/comments?post=9951"}],"wp:featuredmedia":[{"embeddable":true,"href":"http:\/\/klubmamgdynia.pl\/index.php\/wp-json\/wp\/v2\/media\/9952"}],"wp:attachment":[{"href":"http:\/\/klubmamgdynia.pl\/index.php\/wp-json\/wp\/v2\/media?parent=9951"}],"wp:term":[{"taxonomy":"product_cat","embeddable":true,"href":"http:\/\/klubmamgdynia.pl\/index.php\/wp-json\/wp\/v2\/product_cat?post=9951"},{"taxonomy":"product_tag","embeddable":true,"href":"http:\/\/klubmamgdynia.pl\/index.php\/wp-json\/wp\/v2\/product_tag?post=9951"}],"curies":[{"name":"wp","href":"https:\/\/api.w.org\/{rel}","templated":true}]}}