{"id":9957,"date":"2013-11-05T09:56:14","date_gmt":"2013-11-05T08:56:14","guid":{"rendered":"http:\/\/klubmamgdynia.pl\/index.php\/produkt\/kartka-serdeczne-zyczenia-imieninowe-rus087-russell\/"},"modified":"2026-04-05T21:39:48","modified_gmt":"2026-04-05T19:39:48","slug":"kartka-serdeczne-zyczenia-imieninowe-rus087-russell","status":"publish","type":"product","link":"http:\/\/klubmamgdynia.pl\/index.php\/produkt\/kartka-serdeczne-zyczenia-imieninowe-rus087-russell\/","title":{"rendered":"KARTKA SERDECzNE zYCzENIA IMIENINOWE RUS087-RUSSELL"},"content":{"rendered":"<p>Ta kartka pocztowa jest wydrukowana na papierze wyprodukowanym z masy celulozowej uzyskiwanej z drzew Nordyckich las\u00f3w. W miejsce drzew wykorzystywanych do produkcji sadzone s\u0105 nowe tak, aby uzupe\u0142ni\u0107 zasoby i utrzyma\u0107 ekologiczn\u0105 r\u00f3wnowag\u0119 \u015bwiata.Karnet z kopert\u0105.<\/p>\n<h2>KARTKA SERDECzNE zYCzENIA IMIENINOWE RUS087-RUSSELL Russell<\/h2>\n<p>kolorowanka peppa do druku, oryginalny prezent na roczek dla dziewczynki, dyplomy dla dzieci do druku, rysowanie po \u015bladzie pdf, ma\u0142y ksi\u0105\u017c\u0119 &#8211; test z odpowiedziami, kanapki halloween, zabawy tematyczne przyk\u0142ady<\/p>\n<p>yyyyy<\/p>\n<p>&nbsp;<\/p>\n","protected":false},"excerpt":{"rendered":"<p>Ta kartka pocztowa jest wydrukowana na papierze wyprodukowanym z masy celulozowej uzyskiwanej z drzew Nordyckich las\u00f3w. W miejsce drzew wykorzystywanych do produkcji sadzone s\u0105 nowe tak, aby uzupe\u0142ni\u0107 zasoby i utrzyma\u0107 ekologiczn\u0105 r\u00f3wnowag\u0119 \u015bwiata.Karnet z kopert\u0105. KARTKA SERDECzNE zYCzENIA IMIENINOWE RUS087-RUSSELL Russell kolorowanka peppa do druku, oryginalny prezent na roczek dla dziewczynki, dyplomy dla dzieci [&hellip;]<\/p>\n","protected":false},"featured_media":9958,"comment_status":"closed","ping_status":"open","template":"","meta":[],"product_cat":[1873,422],"product_tag":[772,871,802,828,738,746],"class_list":["post-9957","product","type-product","status-publish","has-post-thumbnail","hentry","product_cat-kartki-okolicznosciowe-i-zaproszenia","product_cat-russell","product_tag-45-panstw-europy-i-ich-stolice-quiz","product_tag-bajka-o-smoku-wawelskim","product_tag-co-kupic-dziewczynce-na-roczek","product_tag-filmy-wigilijne-dla-dzieci","product_tag-wroclaw-dla-dzieci","product_tag-zagadki-typu-co-to-jest"],"_links":{"self":[{"href":"http:\/\/klubmamgdynia.pl\/index.php\/wp-json\/wp\/v2\/product\/9957","targetHints":{"allow":["GET"]}}],"collection":[{"href":"http:\/\/klubmamgdynia.pl\/index.php\/wp-json\/wp\/v2\/product"}],"about":[{"href":"http:\/\/klubmamgdynia.pl\/index.php\/wp-json\/wp\/v2\/types\/product"}],"replies":[{"embeddable":true,"href":"http:\/\/klubmamgdynia.pl\/index.php\/wp-json\/wp\/v2\/comments?post=9957"}],"wp:featuredmedia":[{"embeddable":true,"href":"http:\/\/klubmamgdynia.pl\/index.php\/wp-json\/wp\/v2\/media\/9958"}],"wp:attachment":[{"href":"http:\/\/klubmamgdynia.pl\/index.php\/wp-json\/wp\/v2\/media?parent=9957"}],"wp:term":[{"taxonomy":"product_cat","embeddable":true,"href":"http:\/\/klubmamgdynia.pl\/index.php\/wp-json\/wp\/v2\/product_cat?post=9957"},{"taxonomy":"product_tag","embeddable":true,"href":"http:\/\/klubmamgdynia.pl\/index.php\/wp-json\/wp\/v2\/product_tag?post=9957"}],"curies":[{"name":"wp","href":"https:\/\/api.w.org\/{rel}","templated":true}]}}