{"id":9963,"date":"2023-07-06T09:13:25","date_gmt":"2023-07-06T07:13:25","guid":{"rendered":"http:\/\/klubmamgdynia.pl\/?post_type=product&#038;p=9963"},"modified":"2026-04-06T18:53:46","modified_gmt":"2026-04-06T16:53:46","slug":"lena-lighting-908750","status":"publish","type":"product","link":"http:\/\/klubmamgdynia.pl\/index.php\/produkt\/lena-lighting-908750\/","title":{"rendered":"Lena Lighting 908750"},"content":{"rendered":"<p>Lampa liniowa hermetyczna 50W LENA TYTAN BASIC 2 LEDto energooszcz\u0119dna przemys\u0142owa lampa liniowa LED o mocy 50W i strumieniu 6800 lm. Jest wodo i py\u0142o szczelna oraz odporna na uderzenia. Jest obj\u0119ta trzy letni\u0105 3 gwarancj\u0105. Wysoka skuteczno\u015b\u0107 \u015bwietlna gwarantuje najwy\u017csze mo\u017cliwe oszcz\u0119dno\u015bciDane techniczne:Moc: 50WOdporno\u015b\u0107 mechaniczna: IK09Diody LED: LED GO!Strumie\u0144 \u015bwietlny: 6800 lmNapi\u0119cie wej\u015bciowe: 220-240VBarwa \u015bwiat\u0142a: Naturalna bia\u0142a 4000KK\u0105t rozsy\u0142u \u015bwiat\u0142a: 120\u00b0Szczelno\u015b\u0107: IP66 (szczelna)Temperatura otoczenia pracy: -20..+35\u00b0CWymiary: 85 x 1152 x 80 mmWaga: 1,1 kgGwarancja: 3 lataPrzeznaczenie:O\u015bwietlenie hal produkcyjnychO\u015bwietlenie hal przemys\u0142owychO\u015bwietlenie hal magazynowychO\u015bwietlenie centr\u00f3w handlowychO\u015bwietlenie centr\u00f3w logistycznychO\u015bwietlenie warsztat\u00f3wO\u015bwietlenie gara\u017cy<\/p>\n<h2>Lena Lighting 908750 Lena<\/h2>\n<p>quizy flagi, zagadki o zimie, zagadki logiczne trudne, wzory dyplom\u00f3w do pobrania, zagadki o bo\u017cym narodzeniu, rodzina cytaty, \u015bmieszne zagadki logiczne, \u0142amig\u0142\u00f3wki dla dzieci do druku, wiosna zagadki, kr\u00f3tkie zagadki, plac zamkowy, naj\u0142adniejsze ko\u0142ysanki dla dzieci, nela w krainie wombat\u00f3w, imie paula, quizy dla dzieci z bajek, znaczenie imiona alan<\/p>\n<p>yyyyy<\/p>\n<p>&nbsp;<\/p>\n","protected":false},"excerpt":{"rendered":"<p>Lampa liniowa hermetyczna 50W LENA TYTAN BASIC 2 LEDto energooszcz\u0119dna przemys\u0142owa lampa liniowa LED o mocy 50W i strumieniu 6800 lm. Jest wodo i py\u0142o szczelna oraz odporna na uderzenia. Jest obj\u0119ta trzy letni\u0105 3 gwarancj\u0105. Wysoka skuteczno\u015b\u0107 \u015bwietlna gwarantuje najwy\u017csze mo\u017cliwe oszcz\u0119dno\u015bciDane techniczne:Moc: 50WOdporno\u015b\u0107 mechaniczna: IK09Diody LED: LED GO!Strumie\u0144 \u015bwietlny: 6800 lmNapi\u0119cie wej\u015bciowe: 220-240VBarwa [&hellip;]<\/p>\n","protected":false},"featured_media":9964,"comment_status":"closed","ping_status":"open","template":"","meta":[],"product_cat":[531,1701],"product_tag":[844,775,620],"class_list":["post-9963","product","type-product","status-publish","has-post-thumbnail","hentry","product_cat-lena","product_cat-oswietlenie-biurowe","product_tag-co-kupic-na-roczek","product_tag-kolorowanki-do-druku-pokemon","product_tag-quiz-opowiesci-z-narnii"],"_links":{"self":[{"href":"http:\/\/klubmamgdynia.pl\/index.php\/wp-json\/wp\/v2\/product\/9963","targetHints":{"allow":["GET"]}}],"collection":[{"href":"http:\/\/klubmamgdynia.pl\/index.php\/wp-json\/wp\/v2\/product"}],"about":[{"href":"http:\/\/klubmamgdynia.pl\/index.php\/wp-json\/wp\/v2\/types\/product"}],"replies":[{"embeddable":true,"href":"http:\/\/klubmamgdynia.pl\/index.php\/wp-json\/wp\/v2\/comments?post=9963"}],"wp:featuredmedia":[{"embeddable":true,"href":"http:\/\/klubmamgdynia.pl\/index.php\/wp-json\/wp\/v2\/media\/9964"}],"wp:attachment":[{"href":"http:\/\/klubmamgdynia.pl\/index.php\/wp-json\/wp\/v2\/media?parent=9963"}],"wp:term":[{"taxonomy":"product_cat","embeddable":true,"href":"http:\/\/klubmamgdynia.pl\/index.php\/wp-json\/wp\/v2\/product_cat?post=9963"},{"taxonomy":"product_tag","embeddable":true,"href":"http:\/\/klubmamgdynia.pl\/index.php\/wp-json\/wp\/v2\/product_tag?post=9963"}],"curies":[{"name":"wp","href":"https:\/\/api.w.org\/{rel}","templated":true}]}}