{"id":9965,"date":"2024-05-29T11:12:17","date_gmt":"2024-05-29T09:12:17","guid":{"rendered":"http:\/\/klubmamgdynia.pl\/?post_type=product&#038;p=9965"},"modified":"2026-04-30T06:50:42","modified_gmt":"2026-04-30T04:50:42","slug":"ses-creative-moj-pierwszy-zestaw-do-malowania-farbami","status":"publish","type":"product","link":"http:\/\/klubmamgdynia.pl\/index.php\/produkt\/ses-creative-moj-pierwszy-zestaw-do-malowania-farbami\/","title":{"rendered":"Ses Creative M\u00f3j Pierwszy Zestaw Do Malowania Farbami"},"content":{"rendered":"<p>Autor:ISBN: 12m+EAN: 8710341144173Wydawnictwo: SES NLWydanie: pude\u0142ko,25x25x7 cmStrony:Tez zestaw SES zawiera wszystko, co ma\u0142e dziecko potrzebuje, by zacz\u0105\u0107 swoj\u0105 przygod\u0119 z malowaniem palcami. Za\u0142\u00f3\u017c fartuszek ochronny, we\u017a kilka kartek papieru i wspania\u0142a zabawa nie b\u0119dzie mia\u0142a ko\u0144ca<\/p>\n<h2>Ses Creative M\u00f3j Pierwszy Zestaw Do Malowania Farbami Ses Creative<\/h2>\n<p>tezeusz, pierwszy obudzi\u0142 si\u0119 pierwiosnek tekst, cytaty o rodzinie i dzieciach, filmy rodzinne na halloween, ferie zimowe 2022 warszawa, zagadki co to jest, imie gaja, kuku\u0142eczka kuka tekst, pia imi\u0119, pierwszy obudzi\u0142 si\u0119 pierwiosnek tekst, po\u0142\u0105cz kropki do druku \u0142atwe, beniamin imi\u0119, zagadki wielkanocne dla doros\u0142ych, znaczenie imiona marcel, kolorowanki lato, walentynka kolorowanka, prezent dla roczniaka, list do miko\u0142aja wz\u00f3r pdf, quiz zemsta, audiobook dla dzieci za darmo<\/p>\n<p>yyyyy<\/p>\n<p>&nbsp;<\/p>\n","protected":false},"excerpt":{"rendered":"<p>Autor:ISBN: 12m+EAN: 8710341144173Wydawnictwo: SES NLWydanie: pude\u0142ko,25x25x7 cmStrony:Tez zestaw SES zawiera wszystko, co ma\u0142e dziecko potrzebuje, by zacz\u0105\u0107 swoj\u0105 przygod\u0119 z malowaniem palcami. Za\u0142\u00f3\u017c fartuszek ochronny, we\u017a kilka kartek papieru i wspania\u0142a zabawa nie b\u0119dzie mia\u0142a ko\u0144ca Ses Creative M\u00f3j Pierwszy Zestaw Do Malowania Farbami Ses Creative tezeusz, pierwszy obudzi\u0142 si\u0119 pierwiosnek tekst, cytaty o rodzinie [&hellip;]<\/p>\n","protected":false},"featured_media":9966,"comment_status":"closed","ping_status":"open","template":"","meta":[],"product_cat":[1072,21],"product_tag":[792,583,697,665,623,633],"class_list":["post-9965","product","type-product","status-publish","has-post-thumbnail","hentry","product_cat-ses-creative","product_cat-zabawki-plastyczne","product_tag-cytaty-o-mamie","product_tag-kolysanki-dla-dzieci-tekst","product_tag-krotkie-bajki-do-czytania","product_tag-proste-zagadki","product_tag-zagadki-logiczne-smieszne","product_tag-zagadki-z-odpowiedziami"],"_links":{"self":[{"href":"http:\/\/klubmamgdynia.pl\/index.php\/wp-json\/wp\/v2\/product\/9965","targetHints":{"allow":["GET"]}}],"collection":[{"href":"http:\/\/klubmamgdynia.pl\/index.php\/wp-json\/wp\/v2\/product"}],"about":[{"href":"http:\/\/klubmamgdynia.pl\/index.php\/wp-json\/wp\/v2\/types\/product"}],"replies":[{"embeddable":true,"href":"http:\/\/klubmamgdynia.pl\/index.php\/wp-json\/wp\/v2\/comments?post=9965"}],"wp:featuredmedia":[{"embeddable":true,"href":"http:\/\/klubmamgdynia.pl\/index.php\/wp-json\/wp\/v2\/media\/9966"}],"wp:attachment":[{"href":"http:\/\/klubmamgdynia.pl\/index.php\/wp-json\/wp\/v2\/media?parent=9965"}],"wp:term":[{"taxonomy":"product_cat","embeddable":true,"href":"http:\/\/klubmamgdynia.pl\/index.php\/wp-json\/wp\/v2\/product_cat?post=9965"},{"taxonomy":"product_tag","embeddable":true,"href":"http:\/\/klubmamgdynia.pl\/index.php\/wp-json\/wp\/v2\/product_tag?post=9965"}],"curies":[{"name":"wp","href":"https:\/\/api.w.org\/{rel}","templated":true}]}}