{"id":9967,"date":"2024-03-07T23:22:46","date_gmt":"2024-03-07T22:22:46","guid":{"rendered":"http:\/\/klubmamgdynia.pl\/?post_type=product&#038;p=9967"},"modified":"2026-04-04T14:41:46","modified_gmt":"2026-04-04T12:41:46","slug":"as-company-hulajnoga-3-kolowa-psi-patrol","status":"publish","type":"product","link":"http:\/\/klubmamgdynia.pl\/index.php\/produkt\/as-company-hulajnoga-3-kolowa-psi-patrol\/","title":{"rendered":"As Company Hulajnoga 3-Ko\u0142owa Psi Patrol"},"content":{"rendered":"<p>Metalowa hulajnoga trjkoowa &#8211; Psi Patrol- Posiada wygodne uchwyty, antypolizgowy podest, koa pokryte materiaem PVC.- Rozwija umiejtnoci ruchowe i uczy rwnowagi.- Maksymalne obcienie: do 20 kg- Wysoko kierownicy regulowana: 58-62 cm- rednica koa przedniego: 14 cm, k tylnych: 12 cm- Szeroko kierownicy: 35 cm- Wymiary podestu: dugo 23 cm, szeroko 10,5 cm- Hulajnoga pozwala na zabaw zarwno w domu jak i na dworze.EAN:  5203068501655Gwarancja:  24 miesi\u0105ceKod dostawcy:  18050165Nr katalogowy:  18050165Marka:  Psi patrolObszar:  SportRodzaj:  HulajnogiKolor:  B\u0142\u0119kitnyWymiary:  &#8211; Wysoko\u015b\u0107 kierownicy regulowana: 58-62 cm- \u015arednica ko\u0142a przedniego: 14 cm, k\u00f3\u0142 tylnych: 12 cm &#8211; Szeroko\u015b\u0107 kierownicy: 35 cm- Wymiary podestu: d\u0142ugo\u015b\u0107 23 cm, szeroko\u015b\u0107 10,5 cmWymagania wiekowe:  od 24 miesi\u0119cyP\u0142e\u0107:  Dziewczynki i ch\u0142opcyObci\u0105\u017cenie (maks.):  20 kg<\/p>\n<h2>As Company Hulajnoga 3-Ko\u0142owa Psi Patrol As Company<\/h2>\n<p>minecraft kolorowanki, rysunki dla pocz\u0105tkuj\u0105cych, imiona \u017ce\u0144skie nietypowe, pytania logiczne, zagadki logiczne dla dzieci, aurelia imi\u0119, spongebob kolorowanka, kolorowanki do druku dla ch\u0142opc\u00f3w, jakie prezenty na roczek, tajemniczy ogr\u00f3d test z lektury, jakie s\u0105 dary jesieni, quiz opowie\u015bci z narnii lew czarownica i stara szafa, zagadki o dinozaurach, imie paula, estera, wielkanocne zagadki, kawal na prima aprilis, julian, test z lektury magiczne drzewo czerwone krzes\u0142o, kolorowanki my little pony<\/p>\n<p>yyyyy<\/p>\n<p>&nbsp;<\/p>\n","protected":false},"excerpt":{"rendered":"<p>Metalowa hulajnoga trjkoowa &#8211; Psi Patrol- Posiada wygodne uchwyty, antypolizgowy podest, koa pokryte materiaem PVC.- Rozwija umiejtnoci ruchowe i uczy rwnowagi.- Maksymalne obcienie: do 20 kg- Wysoko kierownicy regulowana: 58-62 cm- rednica koa przedniego: 14 cm, k tylnych: 12 cm- Szeroko kierownicy: 35 cm- Wymiary podestu: dugo 23 cm, szeroko 10,5 cm- Hulajnoga pozwala na [&hellip;]<\/p>\n","protected":false},"featured_media":9968,"comment_status":"closed","ping_status":"open","template":"","meta":[],"product_cat":[1874,315],"product_tag":[825,854,826,661,710,701],"class_list":["post-9967","product","type-product","status-publish","has-post-thumbnail","hentry","product_cat-as-company","product_cat-hulajnogi-dla-dzieci","product_tag-bajka-na-dobranoc-do-czytania","product_tag-cytaty-rodzina","product_tag-prezent-dla-15-latka","product_tag-swinka-peppa-kolorowanka","product_tag-zagadki-dla-dzieci-10-12-lat","product_tag-zgadywanki-dla-dzieci"],"_links":{"self":[{"href":"http:\/\/klubmamgdynia.pl\/index.php\/wp-json\/wp\/v2\/product\/9967","targetHints":{"allow":["GET"]}}],"collection":[{"href":"http:\/\/klubmamgdynia.pl\/index.php\/wp-json\/wp\/v2\/product"}],"about":[{"href":"http:\/\/klubmamgdynia.pl\/index.php\/wp-json\/wp\/v2\/types\/product"}],"replies":[{"embeddable":true,"href":"http:\/\/klubmamgdynia.pl\/index.php\/wp-json\/wp\/v2\/comments?post=9967"}],"wp:featuredmedia":[{"embeddable":true,"href":"http:\/\/klubmamgdynia.pl\/index.php\/wp-json\/wp\/v2\/media\/9968"}],"wp:attachment":[{"href":"http:\/\/klubmamgdynia.pl\/index.php\/wp-json\/wp\/v2\/media?parent=9967"}],"wp:term":[{"taxonomy":"product_cat","embeddable":true,"href":"http:\/\/klubmamgdynia.pl\/index.php\/wp-json\/wp\/v2\/product_cat?post=9967"},{"taxonomy":"product_tag","embeddable":true,"href":"http:\/\/klubmamgdynia.pl\/index.php\/wp-json\/wp\/v2\/product_tag?post=9967"}],"curies":[{"name":"wp","href":"https:\/\/api.w.org\/{rel}","templated":true}]}}