{"id":9969,"date":"2011-11-11T23:06:09","date_gmt":"2011-11-11T22:06:09","guid":{"rendered":"http:\/\/klubmamgdynia.pl\/index.php\/produkt\/wooky-wyklejanka-swiat-robotow-smu3101\/"},"modified":"2026-04-30T00:20:49","modified_gmt":"2026-04-29T22:20:49","slug":"wooky-wyklejanka-swiat-robotow-smu3101","status":"publish","type":"product","link":"http:\/\/klubmamgdynia.pl\/index.php\/produkt\/wooky-wyklejanka-swiat-robotow-smu3101\/","title":{"rendered":"Wooky Wyklejanka \u015awiat Robot\u00f3w Smu3101"},"content":{"rendered":"<p>Wyklejanka \u015awiat Robot\u00f3w.Zaprojektuj w\u0142asnego robota! W zestawie znajdziesz kolorowe szablony, kt\u00f3re mo\u017cesz wykorzysta\u0107 jako t\u0142o dla Twojego dzie\u0142a. U\u017cyj wyobra\u017ani, wykorzystaj mn\u00f3stwo fantastycznych naklejek i stw\u00f3rz z nich robota! Wygodna forma ko\u0142onotesu i sztywny papier szablon\u00f3w u\u0142atwi\u0105 kreatywne tworzenie i zabieranie projekt\u00f3w wsz\u0119dzie ze sob\u0105! 250 naklejek z mo\u017cliwo\u015bci\u0105 wielokrotnego naklejania to nieko\u0144cz\u0105ca si\u0119 zabawa.Nazwa: Artzooka, \u015awiat robot\u00f3w, wyklejanka, zestaw kreatywnyProducent: WookyMarka: ArtzookaPrzedzia\u0142 wiekowy: 5-7 lat, 8-11 lat, 12-14 latWiek: 5+P\u0142e\u0107: dziewczynkaData premiery: 2013-02-18Waga w opak [g]: 654Indeks: 11976684Nr katalogowy: 3101<\/p>\n<h2>Wooky Wyklejanka \u015awiat Robot\u00f3w Smu3101 Wooky<\/h2>\n<p>prezent na roczek dla chrze\u015bniaka, zagadki matematyczne dla dzieci, okolice wroc\u0142awia, quiz flagi \u015bwiata, bajka dla dzieci do czytania, zagadka logiczna, r\u00f3\u017cne zagadki, zagadki matematyczne logiczne, malowanki do druku, cytaty o dziecku, prezent na roczek, traktor z przyczep\u0105 kolorowanka, w\u0119gierska g\u00f3rka, znaczenie imienia alan, filmy rodzinne na halloween<\/p>\n<p>yyyyy<\/p>\n<p>&nbsp;<\/p>\n","protected":false},"excerpt":{"rendered":"<p>Wyklejanka \u015awiat Robot\u00f3w.Zaprojektuj w\u0142asnego robota! W zestawie znajdziesz kolorowe szablony, kt\u00f3re mo\u017cesz wykorzysta\u0107 jako t\u0142o dla Twojego dzie\u0142a. U\u017cyj wyobra\u017ani, wykorzystaj mn\u00f3stwo fantastycznych naklejek i stw\u00f3rz z nich robota! Wygodna forma ko\u0142onotesu i sztywny papier szablon\u00f3w u\u0142atwi\u0105 kreatywne tworzenie i zabieranie projekt\u00f3w wsz\u0119dzie ze sob\u0105! 250 naklejek z mo\u017cliwo\u015bci\u0105 wielokrotnego naklejania to nieko\u0144cz\u0105ca si\u0119 zabawa.Nazwa: [&hellip;]<\/p>\n","protected":false},"featured_media":9970,"comment_status":"closed","ping_status":"open","template":"","meta":[],"product_cat":[1875,21],"product_tag":[825,688,678,737,632,741],"class_list":["post-9969","product","type-product","status-publish","has-post-thumbnail","hentry","product_cat-wooky","product_cat-zabawki-plastyczne","product_tag-bajka-na-dobranoc-do-czytania","product_tag-kolysanki-tekst","product_tag-prezent-na-roczek-dla-dziewczynki","product_tag-test-z-lektury-felix-net-i-nika-oraz-gang-niewidzialnych-ludzi","product_tag-warszawa-atrakcje-dla-mlodziezy","product_tag-wlochy"],"_links":{"self":[{"href":"http:\/\/klubmamgdynia.pl\/index.php\/wp-json\/wp\/v2\/product\/9969","targetHints":{"allow":["GET"]}}],"collection":[{"href":"http:\/\/klubmamgdynia.pl\/index.php\/wp-json\/wp\/v2\/product"}],"about":[{"href":"http:\/\/klubmamgdynia.pl\/index.php\/wp-json\/wp\/v2\/types\/product"}],"replies":[{"embeddable":true,"href":"http:\/\/klubmamgdynia.pl\/index.php\/wp-json\/wp\/v2\/comments?post=9969"}],"wp:featuredmedia":[{"embeddable":true,"href":"http:\/\/klubmamgdynia.pl\/index.php\/wp-json\/wp\/v2\/media\/9970"}],"wp:attachment":[{"href":"http:\/\/klubmamgdynia.pl\/index.php\/wp-json\/wp\/v2\/media?parent=9969"}],"wp:term":[{"taxonomy":"product_cat","embeddable":true,"href":"http:\/\/klubmamgdynia.pl\/index.php\/wp-json\/wp\/v2\/product_cat?post=9969"},{"taxonomy":"product_tag","embeddable":true,"href":"http:\/\/klubmamgdynia.pl\/index.php\/wp-json\/wp\/v2\/product_tag?post=9969"}],"curies":[{"name":"wp","href":"https:\/\/api.w.org\/{rel}","templated":true}]}}