{"id":9971,"date":"2015-03-10T12:43:25","date_gmt":"2015-03-10T11:43:25","guid":{"rendered":"http:\/\/klubmamgdynia.pl\/index.php\/produkt\/lean-toys-zestaw-kolorowych-sznurkow-do-robienia-bizuterii\/"},"modified":"2026-05-01T15:59:12","modified_gmt":"2026-05-01T13:59:12","slug":"lean-toys-zestaw-kolorowych-sznurkow-do-robienia-bizuterii","status":"publish","type":"product","link":"http:\/\/klubmamgdynia.pl\/index.php\/produkt\/lean-toys-zestaw-kolorowych-sznurkow-do-robienia-bizuterii\/","title":{"rendered":"Lean Toys Zestaw kolorowych sznurk\u00f3w do robienia bi\u017cuterii"},"content":{"rendered":"<p>ZESTAW SZNURK\u00d3W DO ROBIENIA BRANSOLETEK &#8211; URZ\u0104DZENIEZestaw Zawiera 12 kolorowych sznurk\u00f3w, z ka\u017cdego z nich mo\u017cesz zrobic bransoletk\u0119, warkocza.Zestaw zawiera urz\u0105dzenie u\u0142atwiajace zaplatanie, kt\u00f3re pomo\u017ce dzieciom stworzy\u0107 niesamowite dekoracje.Je\u015bli szukasz inspiracji z pewno\u015bci\u0105 pomo\u017ce Ci Du\u017co filmik\u00f3w instruktazowych, kt\u00f3re znajdziesz na YouTube.Super zabawa w tworzenie w\u0142asnej bizuterii gwarantowana!Zestaw zapakowany w kolorowe pude\u0142ko idealnie nadaje sie na prezent.<\/p>\n<h2>Lean Toys Zestaw kolorowych sznurk\u00f3w do robienia bi\u017cuterii Lean Toys<\/h2>\n<p>marianna, gotowe zaproszenia na urodziny do wydrukowania, quizy dla przedszkolak\u00f3w, kolorowanki konie, test z lektury pies kt\u00f3ry je\u017adzi\u0142 kolej\u0105, prezent na \u015bwi\u0119ta dla nastolatka, cytat rodzina, labirynt psi patrol, filmy animowane o \u015bwi\u0119tach, maska spiderman, kolorowanki lato, warszawa dzieci, piosenka dla taty przedszkole, jedzie poci\u0105g z daleka tekst, rzadkie imiona \u017ce\u0144skie, imi\u0119 r\u00f3\u017ca, lato lato lato czeka tekst, zagadki na bal karnawa\u0142owy w przedszkolu, zagadki o zwierz\u0119tach, kwiecie\u0144 plecie\u0144 wiersz<\/p>\n<p>yyyyy<\/p>\n<p>&nbsp;<\/p>\n","protected":false},"excerpt":{"rendered":"<p>ZESTAW SZNURK\u00d3W DO ROBIENIA BRANSOLETEK &#8211; URZ\u0104DZENIEZestaw Zawiera 12 kolorowych sznurk\u00f3w, z ka\u017cdego z nich mo\u017cesz zrobic bransoletk\u0119, warkocza.Zestaw zawiera urz\u0105dzenie u\u0142atwiajace zaplatanie, kt\u00f3re pomo\u017ce dzieciom stworzy\u0107 niesamowite dekoracje.Je\u015bli szukasz inspiracji z pewno\u015bci\u0105 pomo\u017ce Ci Du\u017co filmik\u00f3w instruktazowych, kt\u00f3re znajdziesz na YouTube.Super zabawa w tworzenie w\u0142asnej bizuterii gwarantowana!Zestaw zapakowany w kolorowe pude\u0142ko idealnie nadaje sie [&hellip;]<\/p>\n","protected":false},"featured_media":9972,"comment_status":"closed","ping_status":"open","template":"","meta":[],"product_cat":[73,21],"product_tag":[680,828,646,591],"class_list":["post-9971","product","type-product","status-publish","has-post-thumbnail","hentry","product_cat-lean-toys","product_cat-zabawki-plastyczne","product_tag-cytaty-z-malego-ksiecia","product_tag-filmy-wigilijne-dla-dzieci","product_tag-prezent-na-pierwsze-urodziny","product_tag-quiz-o-minecraft"],"_links":{"self":[{"href":"http:\/\/klubmamgdynia.pl\/index.php\/wp-json\/wp\/v2\/product\/9971","targetHints":{"allow":["GET"]}}],"collection":[{"href":"http:\/\/klubmamgdynia.pl\/index.php\/wp-json\/wp\/v2\/product"}],"about":[{"href":"http:\/\/klubmamgdynia.pl\/index.php\/wp-json\/wp\/v2\/types\/product"}],"replies":[{"embeddable":true,"href":"http:\/\/klubmamgdynia.pl\/index.php\/wp-json\/wp\/v2\/comments?post=9971"}],"wp:featuredmedia":[{"embeddable":true,"href":"http:\/\/klubmamgdynia.pl\/index.php\/wp-json\/wp\/v2\/media\/9972"}],"wp:attachment":[{"href":"http:\/\/klubmamgdynia.pl\/index.php\/wp-json\/wp\/v2\/media?parent=9971"}],"wp:term":[{"taxonomy":"product_cat","embeddable":true,"href":"http:\/\/klubmamgdynia.pl\/index.php\/wp-json\/wp\/v2\/product_cat?post=9971"},{"taxonomy":"product_tag","embeddable":true,"href":"http:\/\/klubmamgdynia.pl\/index.php\/wp-json\/wp\/v2\/product_tag?post=9971"}],"curies":[{"name":"wp","href":"https:\/\/api.w.org\/{rel}","templated":true}]}}