{"id":9973,"date":"2014-06-16T09:56:53","date_gmt":"2014-06-16T07:56:53","guid":{"rendered":"http:\/\/klubmamgdynia.pl\/index.php\/produkt\/etna-skladanka-drewniana-lew-seria-dk-sd-dk\/"},"modified":"2026-05-17T22:29:03","modified_gmt":"2026-05-17T20:29:03","slug":"etna-skladanka-drewniana-lew-seria-dk-sd-dk","status":"publish","type":"product","link":"http:\/\/klubmamgdynia.pl\/index.php\/produkt\/etna-skladanka-drewniana-lew-seria-dk-sd-dk\/","title":{"rendered":"Etna Sk\u0142adanka Drewniana Lew Seria Dk Sd-Dk"},"content":{"rendered":"<p>ZOBACZ KATALOG CA\u0141A OFERTA! wpisz w przegl\u0105darce link: http:www.rekman.com.plrekftpetnakatalog.pdf<\/p>\n<h2>Etna Sk\u0142adanka Drewniana Lew Seria Dk Sd-Dk Etna<\/h2>\n<p>gry i zabawy ruchowe, darmowe kolorowanki do druku, wierszyki na dobranoc dla dzieci, ma\u0142y ksi\u0105\u017ce cytaty o przyja\u017ani<\/p>\n<p>yyyyy<\/p>\n<p>&nbsp;<\/p>\n","protected":false},"excerpt":{"rendered":"<p>ZOBACZ KATALOG CA\u0141A OFERTA! wpisz w przegl\u0105darce link: http:www.rekman.com.plrekftpetnakatalog.pdf Etna Sk\u0142adanka Drewniana Lew Seria Dk Sd-Dk Etna gry i zabawy ruchowe, darmowe kolorowanki do druku, wierszyki na dobranoc dla dzieci, ma\u0142y ksi\u0105\u017ce cytaty o przyja\u017ani yyyyy &nbsp;<\/p>\n","protected":false},"featured_media":9974,"comment_status":"closed","ping_status":"open","template":"","meta":[],"product_cat":[1876,537],"product_tag":[661,721,600,725],"class_list":["post-9973","product","type-product","status-publish","has-post-thumbnail","hentry","product_cat-etna","product_cat-pozostale-zabawki-edukacyjne","product_tag-swinka-peppa-kolorowanka","product_tag-zagadki-matematyczne","product_tag-zaproszenia-na-urodziny-do-druku","product_tag-zgadywanki"],"_links":{"self":[{"href":"http:\/\/klubmamgdynia.pl\/index.php\/wp-json\/wp\/v2\/product\/9973","targetHints":{"allow":["GET"]}}],"collection":[{"href":"http:\/\/klubmamgdynia.pl\/index.php\/wp-json\/wp\/v2\/product"}],"about":[{"href":"http:\/\/klubmamgdynia.pl\/index.php\/wp-json\/wp\/v2\/types\/product"}],"replies":[{"embeddable":true,"href":"http:\/\/klubmamgdynia.pl\/index.php\/wp-json\/wp\/v2\/comments?post=9973"}],"wp:featuredmedia":[{"embeddable":true,"href":"http:\/\/klubmamgdynia.pl\/index.php\/wp-json\/wp\/v2\/media\/9974"}],"wp:attachment":[{"href":"http:\/\/klubmamgdynia.pl\/index.php\/wp-json\/wp\/v2\/media?parent=9973"}],"wp:term":[{"taxonomy":"product_cat","embeddable":true,"href":"http:\/\/klubmamgdynia.pl\/index.php\/wp-json\/wp\/v2\/product_cat?post=9973"},{"taxonomy":"product_tag","embeddable":true,"href":"http:\/\/klubmamgdynia.pl\/index.php\/wp-json\/wp\/v2\/product_tag?post=9973"}],"curies":[{"name":"wp","href":"https:\/\/api.w.org\/{rel}","templated":true}]}}