{"id":9975,"date":"2021-12-08T05:25:16","date_gmt":"2021-12-08T04:25:16","guid":{"rendered":"http:\/\/klubmamgdynia.pl\/index.php\/produkt\/lena-woz-transportujacy-konia-rozowy\/"},"modified":"2026-05-17T22:06:28","modified_gmt":"2026-05-17T20:06:28","slug":"lena-woz-transportujacy-konia-rozowy","status":"publish","type":"product","link":"http:\/\/klubmamgdynia.pl\/index.php\/produkt\/lena-woz-transportujacy-konia-rozowy\/","title":{"rendered":"Lena W\u00f3z Transportuj\u0105cy Konia R\u00f3\u017cowy"},"content":{"rendered":"<p>Pojazd Truxx do przewozu koni z akcesoriamiPojazd Truxx wykonany z wysokiej jako\u015bci tworzywa sztucznego, o bardzo solidnej konstrukcji. W pe\u0142ni funkcjonalny mechanicznie. Kabina kierowcy, drzwi oraz tylna klapa mog\u0105 by\u0107 otwierane. Zestaw zawiera figurk\u0119 je\u017ad\u017aca, fiurk\u0119 konia z siod\u0142em i ruchom\u0105 g\u0142ow\u0105.Informacje o produkcieNr katalogowy04458Marka (Zabawki) BrakRodzaj (pojazdy\/modele) InneMateria\u0142 Tworzywo sztuczne (plastik)Wymagania wiekowe od 24 miesi\u0119cyP\u0142e\u0107 (zabawki) Dziewczynki i ch\u0142opcyProdukt na baterie NieBaterie w zestawie NieZasilanie Nie dotyczyKolor (wyliczeniowy) R\u00f3\u017cowyD\u0142ugo\u015b\u0107 29 cmSzeroko\u015b\u0107 15 cmWysoko\u015b\u0107 16 cmPozosta\u0142e parametryWymiary opakowania: 39 x 16 x 22 cm<\/p>\n<h2>Lena W\u00f3z Transportuj\u0105cy Konia R\u00f3\u017cowy Lena<\/h2>\n<p>maska batmana do druku, zagadki o owocach, minecraft szablony do druku, quiz o samochodach, zak\u0142adka do ksi\u0105\u017cki szablon, zaproszenia urodzinowe do druku, anastazja imi\u0119, cytat z kubusia puchatka o mi\u0142o\u015bci, zabawka na roczek, quizy ma\u0142y ksi\u0105\u017c\u0119, kalina imi\u0119, harry potter kolorowanka, ewelina, pokemon kolorowanki, bajka o biedronce<\/p>\n<p>yyyyy<\/p>\n<p>&nbsp;<\/p>\n","protected":false},"excerpt":{"rendered":"<p>Pojazd Truxx do przewozu koni z akcesoriamiPojazd Truxx wykonany z wysokiej jako\u015bci tworzywa sztucznego, o bardzo solidnej konstrukcji. W pe\u0142ni funkcjonalny mechanicznie. Kabina kierowcy, drzwi oraz tylna klapa mog\u0105 by\u0107 otwierane. Zestaw zawiera figurk\u0119 je\u017ad\u017aca, fiurk\u0119 konia z siod\u0142em i ruchom\u0105 g\u0142ow\u0105.Informacje o produkcieNr katalogowy04458Marka (Zabawki) BrakRodzaj (pojazdy\/modele) InneMateria\u0142 Tworzywo sztuczne (plastik)Wymagania wiekowe od 24 [&hellip;]<\/p>\n","protected":false},"featured_media":9976,"comment_status":"closed","ping_status":"open","template":"","meta":[],"product_cat":[172,531],"product_tag":[834,854,621,733],"class_list":["post-9975","product","type-product","status-publish","has-post-thumbnail","hentry","product_cat-akcesoria-dla-lalek","product_cat-lena","product_tag-bajka-do-czytania-na-dobranoc","product_tag-cytaty-rodzina","product_tag-prezenty-roczek","product_tag-zarty-na-prima-aprilis"],"_links":{"self":[{"href":"http:\/\/klubmamgdynia.pl\/index.php\/wp-json\/wp\/v2\/product\/9975","targetHints":{"allow":["GET"]}}],"collection":[{"href":"http:\/\/klubmamgdynia.pl\/index.php\/wp-json\/wp\/v2\/product"}],"about":[{"href":"http:\/\/klubmamgdynia.pl\/index.php\/wp-json\/wp\/v2\/types\/product"}],"replies":[{"embeddable":true,"href":"http:\/\/klubmamgdynia.pl\/index.php\/wp-json\/wp\/v2\/comments?post=9975"}],"wp:featuredmedia":[{"embeddable":true,"href":"http:\/\/klubmamgdynia.pl\/index.php\/wp-json\/wp\/v2\/media\/9976"}],"wp:attachment":[{"href":"http:\/\/klubmamgdynia.pl\/index.php\/wp-json\/wp\/v2\/media?parent=9975"}],"wp:term":[{"taxonomy":"product_cat","embeddable":true,"href":"http:\/\/klubmamgdynia.pl\/index.php\/wp-json\/wp\/v2\/product_cat?post=9975"},{"taxonomy":"product_tag","embeddable":true,"href":"http:\/\/klubmamgdynia.pl\/index.php\/wp-json\/wp\/v2\/product_tag?post=9975"}],"curies":[{"name":"wp","href":"https:\/\/api.w.org\/{rel}","templated":true}]}}