{"id":9977,"date":"2013-02-03T07:36:40","date_gmt":"2013-02-03T06:36:40","guid":{"rendered":"http:\/\/klubmamgdynia.pl\/index.php\/produkt\/secret-wings-koraliki-pszczolka-russell-38952bsw-3\/"},"modified":"2026-04-29T16:41:28","modified_gmt":"2026-04-29T14:41:28","slug":"secret-wings-koraliki-pszczolka-russell-38952bsw-3","status":"publish","type":"product","link":"http:\/\/klubmamgdynia.pl\/index.php\/produkt\/secret-wings-koraliki-pszczolka-russell-38952bsw-3\/","title":{"rendered":"Secret Wings: Koraliki Pszcz\u00f3\u0142ka Russell 38952Bsw\/3"},"content":{"rendered":"<p>Dziewczynki na\u015bladuj\u0105 swoje mamy. Chc\u0105 robi\u0107 to co one i u\u017cywa\u0107 tych samych rzeczy. Jedn\u0105 z nich jest bi\u017cuteria. Aby by\u0107 spokojnym o swoje naszyjniki i bransoletki warto podarowa\u0107 m\u0142odej damie bi\u017cuteri\u0119 dzieci\u0119c\u0105.Deluxe Wooden Beads to zestaw wielu kolorowych drewnianych koralik\u00f3w i ozd\u00f3b wraz z akcesoriami. Nale\u017cy on do serii Secret Wings, kt\u00f3ra robi furor\u0119 w\u015br\u00f3d dzieci na ca\u0142ym \u015bwiecie, z powodu postaci pi\u0119ciu wr\u00f3\u017cek: Tansy, Poppy, Ivy, Honey i Lily.Z tym zestawem, kt\u00f3rego motywem przewodnim jest czarodziejka Honey i pszcz\u00f3\u0142ki, Twoje dziecko stworzy dla siebie niepowtarzalne ozdoby na szyj\u0119 lub na r\u0119k\u0119. Wiele kolor\u00f3w i kszta\u0142t\u00f3w = godziny wspania\u0142ej zabawy. Koraliki \u0142atwo nawlekaj\u0105 si\u0119 na kolorowy sznureczek. Mo\u017cna tworzy\u0107 kompozycje wed\u0142ug w\u0142asnego upodobania, jedyne co mo\u017ce ogranicza\u0107 dziecko to jego wyobra\u017ania.Zestaw Deluxe Wooden Beads, w kolorowym pude\u0142ku, doskonale nadaje si\u0119 na prezent. Spraw by Twoja ma\u0142a ksi\u0119\u017cniczka by\u0142a dumna z w\u0142asnor\u0119cznie wykonanej, oryginalnej bi\u017cuterii, kt\u00f3r\u0105 b\u0119dzie mog\u0142a pochwali\u0107 si\u0119 w gronie kole\u017canek.Informacje o produkcieNr katalogowyRUS-38952\/3Marka (Zabawki) BrakRodzaj (Moda i Uroda::Bi\u017cuteria) Koraliki i zawieszkiWymagania wiekowe od 5 latP\u0142e\u0107 (zabawki) DziewczynkiKolor (wyliczeniowy) WielokolorowyAkcesoria w zestawie- 110 koralik\u00f3w- Akcesoria do wyrobu bi\u017cuterii- 2 pomponiki- 2 drewniane zawieszkiPozosta\u0142e parametryWymiary opakowania: 15 x 15 x 3 cm<\/p>\n<h2>Secret Wings: Koraliki Pszcz\u00f3\u0142ka Russell 38952Bsw\/3 Russell<\/h2>\n<p>zagadki dla dzieci z odpowiedziami, kolorowanki kotki, gabriel imi\u0119, szybkie zagadki matematyczne, jesienne piosenki dla dzieci, dziwne zagadki<\/p>\n<p>yyyyy<\/p>\n<p>&nbsp;<\/p>\n","protected":false},"excerpt":{"rendered":"<p>Dziewczynki na\u015bladuj\u0105 swoje mamy. Chc\u0105 robi\u0107 to co one i u\u017cywa\u0107 tych samych rzeczy. Jedn\u0105 z nich jest bi\u017cuteria. Aby by\u0107 spokojnym o swoje naszyjniki i bransoletki warto podarowa\u0107 m\u0142odej damie bi\u017cuteri\u0119 dzieci\u0119c\u0105.Deluxe Wooden Beads to zestaw wielu kolorowych drewnianych koralik\u00f3w i ozd\u00f3b wraz z akcesoriami. Nale\u017cy on do serii Secret Wings, kt\u00f3ra robi furor\u0119 [&hellip;]<\/p>\n","protected":false},"featured_media":9978,"comment_status":"closed","ping_status":"open","template":"","meta":[],"product_cat":[422,21],"product_tag":[819,610,637,601,779],"class_list":["post-9977","product","type-product","status-publish","has-post-thumbnail","hentry","product_cat-russell","product_cat-zabawki-plastyczne","product_tag-co-kupic-nastolatce-na-swieta","product_tag-co-na-prezent-dla-nastolatkow","product_tag-niech-zyja-wakacje-tekst","product_tag-zagadki-co-to-jest","product_tag-zarty-na-prima-aprilis-w-domu"],"_links":{"self":[{"href":"http:\/\/klubmamgdynia.pl\/index.php\/wp-json\/wp\/v2\/product\/9977","targetHints":{"allow":["GET"]}}],"collection":[{"href":"http:\/\/klubmamgdynia.pl\/index.php\/wp-json\/wp\/v2\/product"}],"about":[{"href":"http:\/\/klubmamgdynia.pl\/index.php\/wp-json\/wp\/v2\/types\/product"}],"replies":[{"embeddable":true,"href":"http:\/\/klubmamgdynia.pl\/index.php\/wp-json\/wp\/v2\/comments?post=9977"}],"wp:featuredmedia":[{"embeddable":true,"href":"http:\/\/klubmamgdynia.pl\/index.php\/wp-json\/wp\/v2\/media\/9978"}],"wp:attachment":[{"href":"http:\/\/klubmamgdynia.pl\/index.php\/wp-json\/wp\/v2\/media?parent=9977"}],"wp:term":[{"taxonomy":"product_cat","embeddable":true,"href":"http:\/\/klubmamgdynia.pl\/index.php\/wp-json\/wp\/v2\/product_cat?post=9977"},{"taxonomy":"product_tag","embeddable":true,"href":"http:\/\/klubmamgdynia.pl\/index.php\/wp-json\/wp\/v2\/product_tag?post=9977"}],"curies":[{"name":"wp","href":"https:\/\/api.w.org\/{rel}","templated":true}]}}