{"id":998,"date":"2018-05-12T09:28:39","date_gmt":"2018-05-12T07:28:39","guid":{"rendered":"http:\/\/klubmamgdynia.pl\/index.php\/produkt\/starpak-kreda-chodnikowa-6-kolorow\/"},"modified":"2026-04-29T04:42:21","modified_gmt":"2026-04-29T02:42:21","slug":"starpak-kreda-chodnikowa-6-kolorow","status":"publish","type":"product","link":"http:\/\/klubmamgdynia.pl\/index.php\/produkt\/starpak-kreda-chodnikowa-6-kolorow\/","title":{"rendered":"Starpak Kreda chodnikowa 6 kolor\u00f3w"},"content":{"rendered":"<p>Gruba kreda do pisania po chodniku, i nie tylko. 6 kolor\u00f3w gwarantuje tw\u00f3rcz\u0105 zabaw\u0119.<\/p>\n<h2>Starpak Kreda chodnikowa 6 kolor\u00f3w Starpak<\/h2>\n<p>pi\u0119kne cytaty o synku, ka\u0142u\u017cy\u015bci, zagadka o wio\u015bnie, wpad\u0142a bomba do piwnicy, kolorowanka kotek<\/p>\n<p>yyyyy<\/p>\n<p>&nbsp;<\/p>\n","protected":false},"excerpt":{"rendered":"<p>Gruba kreda do pisania po chodniku, i nie tylko. 6 kolor\u00f3w gwarantuje tw\u00f3rcz\u0105 zabaw\u0119. Starpak Kreda chodnikowa 6 kolor\u00f3w Starpak pi\u0119kne cytaty o synku, ka\u0142u\u017cy\u015bci, zagadka o wio\u015bnie, wpad\u0142a bomba do piwnicy, kolorowanka kotek yyyyy &nbsp;<\/p>\n","protected":false},"featured_media":999,"comment_status":"closed","ping_status":"open","template":"","meta":[],"product_cat":[269,297],"product_tag":[817,601],"class_list":["post-998","product","type-product","status-publish","has-post-thumbnail","hentry","product_cat-starpak","product_cat-szkolne-artykuly-plastyczne","product_tag-bajka-terapeutyczna-o-emocjach","product_tag-zagadki-co-to-jest"],"_links":{"self":[{"href":"http:\/\/klubmamgdynia.pl\/index.php\/wp-json\/wp\/v2\/product\/998","targetHints":{"allow":["GET"]}}],"collection":[{"href":"http:\/\/klubmamgdynia.pl\/index.php\/wp-json\/wp\/v2\/product"}],"about":[{"href":"http:\/\/klubmamgdynia.pl\/index.php\/wp-json\/wp\/v2\/types\/product"}],"replies":[{"embeddable":true,"href":"http:\/\/klubmamgdynia.pl\/index.php\/wp-json\/wp\/v2\/comments?post=998"}],"wp:featuredmedia":[{"embeddable":true,"href":"http:\/\/klubmamgdynia.pl\/index.php\/wp-json\/wp\/v2\/media\/999"}],"wp:attachment":[{"href":"http:\/\/klubmamgdynia.pl\/index.php\/wp-json\/wp\/v2\/media?parent=998"}],"wp:term":[{"taxonomy":"product_cat","embeddable":true,"href":"http:\/\/klubmamgdynia.pl\/index.php\/wp-json\/wp\/v2\/product_cat?post=998"},{"taxonomy":"product_tag","embeddable":true,"href":"http:\/\/klubmamgdynia.pl\/index.php\/wp-json\/wp\/v2\/product_tag?post=998"}],"curies":[{"name":"wp","href":"https:\/\/api.w.org\/{rel}","templated":true}]}}