{"id":9981,"date":"2022-05-20T16:42:41","date_gmt":"2022-05-20T14:42:41","guid":{"rendered":"http:\/\/klubmamgdynia.pl\/index.php\/produkt\/addo-kroliczek-pierwsza-przytulanka-zestaw-do-szycia-31817103\/"},"modified":"2026-04-04T00:14:39","modified_gmt":"2026-04-03T22:14:39","slug":"addo-kroliczek-pierwsza-przytulanka-zestaw-do-szycia-31817103","status":"publish","type":"product","link":"http:\/\/klubmamgdynia.pl\/index.php\/produkt\/addo-kroliczek-pierwsza-przytulanka-zestaw-do-szycia-31817103\/","title":{"rendered":"Addo Kr\u00f3liczek Pierwsza Przytulanka Zestaw Do Szycia (31817103)"},"content":{"rendered":"<p>MOJA W\u0141ASNA PRZYTULANKA &#8211; ZESTAW DO WYPE\u0141NIENIA USZYTK\u00d3WCzym by\u0142 by pluszowy mi\u015b bez mi\u0119ciutkiego brzuszka?Zestaw do wype\u0142nienia gotowego misia kr\u00f3lisia &#8211; uszytka sprawi dzieciom mn\u00f3stwo rado\u015bci.Po wype\u0142nieniu pluszowego kr\u00f3lika, stanie si\u0119 on ulubion\u0105 przytulank\u0105 maluch\u00f3w.Nie spos\u00f3b b\u0119dzie bez niego zasn\u0105\u0107.W zestawie:*mi\u015b kr\u00f3lik*certyfikat adopcji*T-shirt misia*wype\u0142nienie misia*plastikowa ig\u0142a z nitk\u0105*serduszko do wpisania \u017cyczeniaZaopiekuj si\u0119 pluszowym misiem kr\u00f3lisiem poprzez wype\u0142nienie mu \u015brodka, po codzienn\u0105 mi\u0142o\u015b\u0107 kt\u00f3r\u0105 mo\u017cesz mu ofiarowa\u0107.Przytul swoj\u0105 now\u0105 pluszow\u0105 maskotk\u0119 przed snem i \u015bpij spokojnie, a on zaopiekuje si\u0119 Tob\u0105 podczas Twojego snu.Pami\u0119taj, \u017ce adopcja misia to wielka sprawa, musisz okazywa\u0107 mu duuu\u017co czu\u0142o\u015bci.Gdy si\u0119 zbudzisz, koniecznie ubierz pluszowego kr\u00f3lika w jego ulubion\u0105 fioletow\u0105 koszulk\u0119 z \u017c\u00f3\u0142tym nadrukiem.Jak nazwiesz swojego pluszowego misia kr\u00f3lisia, kt\u00f3remu wype\u0142nisz \u015brodek?Nie zwlekaj spraw \u017ceby znowu szcz\u0119\u015bliwy!<\/p>\n<h2>Addo Kr\u00f3liczek Pierwsza Przytulanka Zestaw Do Szycia (31817103) Russell<\/h2>\n<p>origami kotek, prezent dla dziecka na roczek, plac zamkowy, farma dyni poznan, prima aprilis zarty, bursztynek bursztynek, test ch\u0142opcy z placu broni klasa 5, \u015bwi\u0105teczny film dla dzieci, kolorowanki do druku dla dzieci, test z lektury dzieci z bullerbyn<\/p>\n<p>yyyyy<\/p>\n<p>&nbsp;<\/p>\n","protected":false},"excerpt":{"rendered":"<p>MOJA W\u0141ASNA PRZYTULANKA &#8211; ZESTAW DO WYPE\u0141NIENIA USZYTK\u00d3WCzym by\u0142 by pluszowy mi\u015b bez mi\u0119ciutkiego brzuszka?Zestaw do wype\u0142nienia gotowego misia kr\u00f3lisia &#8211; uszytka sprawi dzieciom mn\u00f3stwo rado\u015bci.Po wype\u0142nieniu pluszowego kr\u00f3lika, stanie si\u0119 on ulubion\u0105 przytulank\u0105 maluch\u00f3w.Nie spos\u00f3b b\u0119dzie bez niego zasn\u0105\u0107.W zestawie:*mi\u015b kr\u00f3lik*certyfikat adopcji*T-shirt misia*wype\u0142nienie misia*plastikowa ig\u0142a z nitk\u0105*serduszko do wpisania \u017cyczeniaZaopiekuj si\u0119 pluszowym misiem kr\u00f3lisiem [&hellip;]<\/p>\n","protected":false},"featured_media":9982,"comment_status":"closed","ping_status":"open","template":"","meta":[],"product_cat":[422,21],"product_tag":[801,605,643,733],"class_list":["post-9981","product","type-product","status-publish","has-post-thumbnail","hentry","product_cat-russell","product_cat-zabawki-plastyczne","product_tag-bajki-terapeutyczne-o-emocjach","product_tag-milena","product_tag-prezent-dla-17-latki","product_tag-zarty-na-prima-aprilis"],"_links":{"self":[{"href":"http:\/\/klubmamgdynia.pl\/index.php\/wp-json\/wp\/v2\/product\/9981","targetHints":{"allow":["GET"]}}],"collection":[{"href":"http:\/\/klubmamgdynia.pl\/index.php\/wp-json\/wp\/v2\/product"}],"about":[{"href":"http:\/\/klubmamgdynia.pl\/index.php\/wp-json\/wp\/v2\/types\/product"}],"replies":[{"embeddable":true,"href":"http:\/\/klubmamgdynia.pl\/index.php\/wp-json\/wp\/v2\/comments?post=9981"}],"wp:featuredmedia":[{"embeddable":true,"href":"http:\/\/klubmamgdynia.pl\/index.php\/wp-json\/wp\/v2\/media\/9982"}],"wp:attachment":[{"href":"http:\/\/klubmamgdynia.pl\/index.php\/wp-json\/wp\/v2\/media?parent=9981"}],"wp:term":[{"taxonomy":"product_cat","embeddable":true,"href":"http:\/\/klubmamgdynia.pl\/index.php\/wp-json\/wp\/v2\/product_cat?post=9981"},{"taxonomy":"product_tag","embeddable":true,"href":"http:\/\/klubmamgdynia.pl\/index.php\/wp-json\/wp\/v2\/product_tag?post=9981"}],"curies":[{"name":"wp","href":"https:\/\/api.w.org\/{rel}","templated":true}]}}