{"id":9983,"date":"2011-10-05T16:25:16","date_gmt":"2011-10-05T14:25:16","guid":{"rendered":"http:\/\/klubmamgdynia.pl\/index.php\/produkt\/orb-factory-wyklejanki-dla-najmlodszych-pojazdy\/"},"modified":"2026-04-19T11:15:13","modified_gmt":"2026-04-19T09:15:13","slug":"orb-factory-wyklejanki-dla-najmlodszych-pojazdy","status":"publish","type":"product","link":"http:\/\/klubmamgdynia.pl\/index.php\/produkt\/orb-factory-wyklejanki-dla-najmlodszych-pojazdy\/","title":{"rendered":"Orb Factory Wyklejanki Dla Najm\u0142odszych -Pojazdy"},"content":{"rendered":"<p>Ka\u017cdego przedszkolaka fascynuje \u015bwiat pojazd\u00f3w. Dzi\u0119ki temu zestawowi wyklejanek odkryje \u015bwiat motoryzacji. Zestaw zawiera: 5 wzor\u00f3w 5 zawieszek 1000 naklejek Wyklejanki to kreatywne zestawy obrazk\u00f3w dla najm\u0142odszych uczestnik\u00f3w zabawy. Ka\u017cdy zestaw zawiera obrazki tematyczne, kt\u00f3rych pola wype\u0142nione s\u0105 r\u00f3\u017cnokolorow\u0105 mozaik\u0105. Dziecko, dobieraj\u0105c odpowiedni kszta\u0142t i kolor, nakleja na mozaik\u0119 samoprzylepne kszta\u0142ty. Zestawy w prosty spos\u00f3b umo\u017cliwiaj\u0105 dzieciom samodzielne tworzenie pierwszych dzie\u0142, kt\u00f3re dumnie zawisn\u0105 na \u015bcianie, jako ozdoba pokoju dzieci\u0119cego. Wyklejanki ucz\u0105 kojarzenia, logicznego my\u015blenia, rozwijaj\u0105 zdolno\u015bci manualne ma\u0142ych dzieci. wiek dziecka : 3 lata + wielko\u015b\u0107 opakowania : 24,1 x 24,1 x 3,8 cm<\/p>\n<h2>Orb Factory Wyklejanki Dla Najm\u0142odszych -Pojazdy Orb Factory<\/h2>\n<p>bajka o smoku, prezenty na roczek, zagadki co to jest, kolorowanka minionki, maska spiderman, \u0142amig\u0142\u00f3wki dla 4 latka do druku, prezent dla 14 latki, peppa kolorowanka do druku, ja\u015bmina imi\u0119, quiz opowie\u015bci z narnii lew czarownica i stara szafa, pomys\u0142 na prezent dla 7 latki, szablon zaproszenia na urodziny do wydruku czarno bia\u0142e, aurora imi\u0119, kolorowanka sky, w\u0119gierska g\u00f3rka, maska batmana do druku<\/p>\n<p>yyyyy<\/p>\n<p>&nbsp;<\/p>\n","protected":false},"excerpt":{"rendered":"<p>Ka\u017cdego przedszkolaka fascynuje \u015bwiat pojazd\u00f3w. Dzi\u0119ki temu zestawowi wyklejanek odkryje \u015bwiat motoryzacji. Zestaw zawiera: 5 wzor\u00f3w 5 zawieszek 1000 naklejek Wyklejanki to kreatywne zestawy obrazk\u00f3w dla najm\u0142odszych uczestnik\u00f3w zabawy. Ka\u017cdy zestaw zawiera obrazki tematyczne, kt\u00f3rych pola wype\u0142nione s\u0105 r\u00f3\u017cnokolorow\u0105 mozaik\u0105. Dziecko, dobieraj\u0105c odpowiedni kszta\u0142t i kolor, nakleja na mozaik\u0119 samoprzylepne kszta\u0142ty. Zestawy w prosty spos\u00f3b [&hellip;]<\/p>\n","protected":false},"featured_media":9984,"comment_status":"closed","ping_status":"open","template":"","meta":[],"product_cat":[1878,21],"product_tag":[748,596,641,659],"class_list":["post-9983","product","type-product","status-publish","has-post-thumbnail","hentry","product_cat-orb-factory","product_cat-zabawki-plastyczne","product_tag-okolice-wroclawia-atrakcje","product_tag-pomysly-na-prima-aprilis","product_tag-trudne-zagadki-logiczne","product_tag-tupu-tup-po-sniegu-tekst"],"_links":{"self":[{"href":"http:\/\/klubmamgdynia.pl\/index.php\/wp-json\/wp\/v2\/product\/9983","targetHints":{"allow":["GET"]}}],"collection":[{"href":"http:\/\/klubmamgdynia.pl\/index.php\/wp-json\/wp\/v2\/product"}],"about":[{"href":"http:\/\/klubmamgdynia.pl\/index.php\/wp-json\/wp\/v2\/types\/product"}],"replies":[{"embeddable":true,"href":"http:\/\/klubmamgdynia.pl\/index.php\/wp-json\/wp\/v2\/comments?post=9983"}],"wp:featuredmedia":[{"embeddable":true,"href":"http:\/\/klubmamgdynia.pl\/index.php\/wp-json\/wp\/v2\/media\/9984"}],"wp:attachment":[{"href":"http:\/\/klubmamgdynia.pl\/index.php\/wp-json\/wp\/v2\/media?parent=9983"}],"wp:term":[{"taxonomy":"product_cat","embeddable":true,"href":"http:\/\/klubmamgdynia.pl\/index.php\/wp-json\/wp\/v2\/product_cat?post=9983"},{"taxonomy":"product_tag","embeddable":true,"href":"http:\/\/klubmamgdynia.pl\/index.php\/wp-json\/wp\/v2\/product_tag?post=9983"}],"curies":[{"name":"wp","href":"https:\/\/api.w.org\/{rel}","templated":true}]}}