{"id":9985,"date":"2017-08-24T11:51:51","date_gmt":"2017-08-24T09:51:51","guid":{"rendered":"http:\/\/klubmamgdynia.pl\/index.php\/produkt\/orb-factory-mozaika-wyklejanka-magiczna-syrenka\/"},"modified":"2026-04-25T08:33:07","modified_gmt":"2026-04-25T06:33:07","slug":"orb-factory-mozaika-wyklejanka-magiczna-syrenka","status":"publish","type":"product","link":"http:\/\/klubmamgdynia.pl\/index.php\/produkt\/orb-factory-mozaika-wyklejanka-magiczna-syrenka\/","title":{"rendered":"Orb Factory Mozaika &#8211; Wyklejanka Magiczna Syrenka"},"content":{"rendered":"<p>zestaw pod\u015bwietlany diodami   zestaw zawiera: &#8211; ponad 90 element\u00f3w- arkusz naklejek- kolorowe, migaj\u0105ce diody- mini makiet\u0119 morskich g\u0142\u0119binaa<\/p>\n<h2>Orb Factory Mozaika &#8211; Wyklejanka Magiczna Syrenka Orb Factory<\/h2>\n<p>super zings kolorowanki, zagadki dla 7 latka, prezent dla nastoletniego ch\u0142opca, marcelina imi\u0119, zagadki matematyczne na logik\u0119, quizy dla dzieci<\/p>\n<p>yyyyy<\/p>\n<p>&nbsp;<\/p>\n","protected":false},"excerpt":{"rendered":"<p>zestaw pod\u015bwietlany diodami zestaw zawiera: &#8211; ponad 90 element\u00f3w- arkusz naklejek- kolorowe, migaj\u0105ce diody- mini makiet\u0119 morskich g\u0142\u0119binaa Orb Factory Mozaika &#8211; Wyklejanka Magiczna Syrenka Orb Factory super zings kolorowanki, zagadki dla 7 latka, prezent dla nastoletniego ch\u0142opca, marcelina imi\u0119, zagadki matematyczne na logik\u0119, quizy dla dzieci yyyyy &nbsp;<\/p>\n","protected":false},"featured_media":9986,"comment_status":"closed","ping_status":"open","template":"","meta":[],"product_cat":[1878,21],"product_tag":[596,646,692,782,714],"class_list":["post-9985","product","type-product","status-publish","has-post-thumbnail","hentry","product_cat-orb-factory","product_cat-zabawki-plastyczne","product_tag-pomysly-na-prima-aprilis","product_tag-prezent-na-pierwsze-urodziny","product_tag-prezenty-na-roczek","product_tag-zagadki-dla-dzieci-z-odpowiedziami","product_tag-zagadki-logiczne"],"_links":{"self":[{"href":"http:\/\/klubmamgdynia.pl\/index.php\/wp-json\/wp\/v2\/product\/9985","targetHints":{"allow":["GET"]}}],"collection":[{"href":"http:\/\/klubmamgdynia.pl\/index.php\/wp-json\/wp\/v2\/product"}],"about":[{"href":"http:\/\/klubmamgdynia.pl\/index.php\/wp-json\/wp\/v2\/types\/product"}],"replies":[{"embeddable":true,"href":"http:\/\/klubmamgdynia.pl\/index.php\/wp-json\/wp\/v2\/comments?post=9985"}],"wp:featuredmedia":[{"embeddable":true,"href":"http:\/\/klubmamgdynia.pl\/index.php\/wp-json\/wp\/v2\/media\/9986"}],"wp:attachment":[{"href":"http:\/\/klubmamgdynia.pl\/index.php\/wp-json\/wp\/v2\/media?parent=9985"}],"wp:term":[{"taxonomy":"product_cat","embeddable":true,"href":"http:\/\/klubmamgdynia.pl\/index.php\/wp-json\/wp\/v2\/product_cat?post=9985"},{"taxonomy":"product_tag","embeddable":true,"href":"http:\/\/klubmamgdynia.pl\/index.php\/wp-json\/wp\/v2\/product_tag?post=9985"}],"curies":[{"name":"wp","href":"https:\/\/api.w.org\/{rel}","templated":true}]}}