{"id":9987,"date":"2024-04-26T17:09:59","date_gmt":"2024-04-26T15:09:59","guid":{"rendered":"http:\/\/klubmamgdynia.pl\/?post_type=product&#038;p=9987"},"modified":"2026-04-05T17:23:15","modified_gmt":"2026-04-05T15:23:15","slug":"ses-creative-koraliki-do-prasowanek-czerwone-1000szt","status":"publish","type":"product","link":"http:\/\/klubmamgdynia.pl\/index.php\/produkt\/ses-creative-koraliki-do-prasowanek-czerwone-1000szt\/","title":{"rendered":"Ses Creative Koraliki Do Prasowanek Czerwone 1000Szt."},"content":{"rendered":"<p>B\u0105d\u017a kreatywny z SES Creative, i spr\u00f3buj nowych mo\u017cliwo\u015bci! Zestaw wysokiej jako\u015bci koralik\u00f3w zapewnia du\u017c\u0105 aktywno\u015b\u0107 dla dzieci, kt\u00f3ra pomaga rozwija\u0107 zdolno\u015bci manualne, uczy koordynacji i umiej\u0119tno\u015bci motorycznych. Po umieszczeniu koralik\u00f3w na specjalnym szablonie (brak w zestawie), nale\u017cy przeprasowa\u0107 koraliki przez pergamin aby z\u0142\u0105czy\u0142y si\u0119 ze sob\u0105 na sta\u0142e, tworz\u0105c trwa\u0142y obrazek \u2013 koralikow\u0105 mozaik\u0119. SES jest specjalist\u0105 w produkcji zabawek kreatywnych od ponad 40 lat. Rozw\u00f3j dziecka jest centralnym poj\u0119ciem w rozwoju produkt\u00f3w SES. Rozw\u00f3j, kreatywno\u015b\u0107, bezpiecze\u0144stwo i jako\u015b\u0107 s\u0105 najwa\u017cniejszym aspektem wszystkich produkt\u00f3w! Produkty SES s\u0105 niezb\u0119dne do r\u00f3\u017cnych etap\u00f3w rozwoju ka\u017cdego dziecka. Zestaw zawiera 1000 szt. koralik\u00f3w. Zestaw odpowiedni dla dzieci w wieku 5+. Wyprodukowano w Holandii.<\/p>\n<h2>Ses Creative Koraliki Do Prasowanek Czerwone 1000Szt. Ses Creative<\/h2>\n<p>nauka pisania literek do wydruku pdf, myszka minnie kolorowanka, miko\u0142ajki 2021 warszawa, ja\u015bmina, prank na prima aprilis, prezent na roczek, atrakcje dla dzieci wroc\u0142aw, przyja\u017a\u0144 cytaty, imi\u0119 kostek, ma\u0142y ksi\u0105\u017ce cytaty, eneduerabe, ja\u015bmina imi\u0119, kolorowanki zwierz\u0119ta, paula znaczenie imienia, cytat o rodzinie, zygzak mcqueen kolorowanka, pytania zagadki, miriam imie, halloween dla dzieci 2021, kiedy dzieci chodza na halloween<\/p>\n<p>yyyyy<\/p>\n<p>&nbsp;<\/p>\n","protected":false},"excerpt":{"rendered":"<p>B\u0105d\u017a kreatywny z SES Creative, i spr\u00f3buj nowych mo\u017cliwo\u015bci! Zestaw wysokiej jako\u015bci koralik\u00f3w zapewnia du\u017c\u0105 aktywno\u015b\u0107 dla dzieci, kt\u00f3ra pomaga rozwija\u0107 zdolno\u015bci manualne, uczy koordynacji i umiej\u0119tno\u015bci motorycznych. Po umieszczeniu koralik\u00f3w na specjalnym szablonie (brak w zestawie), nale\u017cy przeprasowa\u0107 koraliki przez pergamin aby z\u0142\u0105czy\u0142y si\u0119 ze sob\u0105 na sta\u0142e, tworz\u0105c trwa\u0142y obrazek \u2013 koralikow\u0105 mozaik\u0119. [&hellip;]<\/p>\n","protected":false},"featured_media":9988,"comment_status":"closed","ping_status":"open","template":"","meta":[],"product_cat":[1072,21],"product_tag":[619,748,646,579,757,741],"class_list":["post-9987","product","type-product","status-publish","has-post-thumbnail","hentry","product_cat-ses-creative","product_cat-zabawki-plastyczne","product_tag-iwo-imie","product_tag-okolice-wroclawia-atrakcje","product_tag-prezent-na-pierwsze-urodziny","product_tag-quiz-opowiesci-z-narnii-lew-czarownica-i-stara-szafa","product_tag-test-z-lektury-ania-z-zielonego-wzgorza-klasa-6-z-odpowiedziami","product_tag-wlochy"],"_links":{"self":[{"href":"http:\/\/klubmamgdynia.pl\/index.php\/wp-json\/wp\/v2\/product\/9987","targetHints":{"allow":["GET"]}}],"collection":[{"href":"http:\/\/klubmamgdynia.pl\/index.php\/wp-json\/wp\/v2\/product"}],"about":[{"href":"http:\/\/klubmamgdynia.pl\/index.php\/wp-json\/wp\/v2\/types\/product"}],"replies":[{"embeddable":true,"href":"http:\/\/klubmamgdynia.pl\/index.php\/wp-json\/wp\/v2\/comments?post=9987"}],"wp:featuredmedia":[{"embeddable":true,"href":"http:\/\/klubmamgdynia.pl\/index.php\/wp-json\/wp\/v2\/media\/9988"}],"wp:attachment":[{"href":"http:\/\/klubmamgdynia.pl\/index.php\/wp-json\/wp\/v2\/media?parent=9987"}],"wp:term":[{"taxonomy":"product_cat","embeddable":true,"href":"http:\/\/klubmamgdynia.pl\/index.php\/wp-json\/wp\/v2\/product_cat?post=9987"},{"taxonomy":"product_tag","embeddable":true,"href":"http:\/\/klubmamgdynia.pl\/index.php\/wp-json\/wp\/v2\/product_tag?post=9987"}],"curies":[{"name":"wp","href":"https:\/\/api.w.org\/{rel}","templated":true}]}}