{"id":9989,"date":"2022-05-05T02:09:13","date_gmt":"2022-05-05T00:09:13","guid":{"rendered":"http:\/\/klubmamgdynia.pl\/index.php\/produkt\/russel-zestaw-naukowy-hodowla-krysztalow-zielone\/"},"modified":"2026-05-17T22:57:45","modified_gmt":"2026-05-17T20:57:45","slug":"russel-zestaw-naukowy-hodowla-krysztalow-zielone","status":"publish","type":"product","link":"http:\/\/klubmamgdynia.pl\/index.php\/produkt\/russel-zestaw-naukowy-hodowla-krysztalow-zielone\/","title":{"rendered":"Russel Zestaw Naukowy Hodowla Kryszta\u0142\u00f3w Zielone"},"content":{"rendered":"<p>Hodowla kryszta\u0142\u00f3w to zabawne edukacyjne eksperymenty dla dzieci wykorzystuj\u0105ce dziedziny STEM(nauk\u0119, technologi\u0119, in\u017cynieri\u0119 oraz matematyk\u0119).Zestaw zawiera wszystkie materia\u0142y potrzebne do wyhodowania pi\u0119knego i imponuj\u0105cego kryszta\u0142u.Tr\u00f3jk\u0105tny pojemnik s\u0142u\u017cy do wyhodowania i ekspozycji kryszta\u0142u.ZAWARTO\u015a\u0106:- butelka proszku krystalicznego (fosforan monoamonowy)- tr\u00f3jk\u0105tny pojemnik z pokrywk\u0105- \u0142y\u017ceczka- szczeg\u00f3\u0142owa instrukcjaZawarto\u015b\u0107 pozwala na wyhodowanie 1 kryszta\u0142u.WIEK:8 lat +WYMIARY:opakowania 11 x 11 x 11 cmWAGA:240 gUWAGI:Nieodpowiednie dla dzieci poni\u017cej 8 lat.Nale\u017cy u\u017cywa\u0107 tylko pod \u015bcis\u0142ym nadzorem os\u00f3b doros\u0142ych, kt\u00f3re zapozna\u0142y si\u0119 ze \u015brodkami ostro\u017cno\u015bci podanymi w instrukcji.Zawiera substancje chemiczne, kt\u00f3re s\u0105 sklasyfikowane jako niebezpieczne dla zdrowia.<\/p>\n<h2>Russel Zestaw Naukowy Hodowla Kryszta\u0142\u00f3w Zielone Russell<\/h2>\n<p>zaj\u0119cia wielkanocne dla dzieci, maska karnawa\u0142owa pdf, zagadki o przyborach szkolnych, trudne zagadki dla doros\u0142ych, zagadki logiczne dla dzieci, dobre \u017carty na prima aprilis, zagadki dla dzieci 10 lat, bajka o smoku wawelskim, \u017cyczenia wielkanocne dla dzieci kr\u00f3tkie, wiersze \u0142ama\u0144ce j\u0119zykowe dla dzieci, miko\u0142ajki dla dzieci warszawa 2021, rysunki dla pocz\u0105tkuj\u0105cych, nietypowe imiona, najlepsze \u017carty na prima aprilis<\/p>\n<p>yyyyy<\/p>\n<p>&nbsp;<\/p>\n","protected":false},"excerpt":{"rendered":"<p>Hodowla kryszta\u0142\u00f3w to zabawne edukacyjne eksperymenty dla dzieci wykorzystuj\u0105ce dziedziny STEM(nauk\u0119, technologi\u0119, in\u017cynieri\u0119 oraz matematyk\u0119).Zestaw zawiera wszystkie materia\u0142y potrzebne do wyhodowania pi\u0119knego i imponuj\u0105cego kryszta\u0142u.Tr\u00f3jk\u0105tny pojemnik s\u0142u\u017cy do wyhodowania i ekspozycji kryszta\u0142u.ZAWARTO\u015a\u0106:- butelka proszku krystalicznego (fosforan monoamonowy)- tr\u00f3jk\u0105tny pojemnik z pokrywk\u0105- \u0142y\u017ceczka- szczeg\u00f3\u0142owa instrukcjaZawarto\u015b\u0107 pozwala na wyhodowanie 1 kryszta\u0142u.WIEK:8 lat +WYMIARY:opakowania 11 x 11 x [&hellip;]<\/p>\n","protected":false},"featured_media":9990,"comment_status":"closed","ping_status":"open","template":"","meta":[],"product_cat":[72,422],"product_tag":[833,734,816,576,592],"class_list":["post-9989","product","type-product","status-publish","has-post-thumbnail","hentry","product_cat-mali-naukowcy","product_cat-russell","product_tag-bajki-dla-dzieci-do-czytania","product_tag-milan-imie","product_tag-place-zabaw-warszawa","product_tag-trudne-zagadki","product_tag-zagadki-dla-dzieci"],"_links":{"self":[{"href":"http:\/\/klubmamgdynia.pl\/index.php\/wp-json\/wp\/v2\/product\/9989","targetHints":{"allow":["GET"]}}],"collection":[{"href":"http:\/\/klubmamgdynia.pl\/index.php\/wp-json\/wp\/v2\/product"}],"about":[{"href":"http:\/\/klubmamgdynia.pl\/index.php\/wp-json\/wp\/v2\/types\/product"}],"replies":[{"embeddable":true,"href":"http:\/\/klubmamgdynia.pl\/index.php\/wp-json\/wp\/v2\/comments?post=9989"}],"wp:featuredmedia":[{"embeddable":true,"href":"http:\/\/klubmamgdynia.pl\/index.php\/wp-json\/wp\/v2\/media\/9990"}],"wp:attachment":[{"href":"http:\/\/klubmamgdynia.pl\/index.php\/wp-json\/wp\/v2\/media?parent=9989"}],"wp:term":[{"taxonomy":"product_cat","embeddable":true,"href":"http:\/\/klubmamgdynia.pl\/index.php\/wp-json\/wp\/v2\/product_cat?post=9989"},{"taxonomy":"product_tag","embeddable":true,"href":"http:\/\/klubmamgdynia.pl\/index.php\/wp-json\/wp\/v2\/product_tag?post=9989"}],"curies":[{"name":"wp","href":"https:\/\/api.w.org\/{rel}","templated":true}]}}