{"id":9991,"date":"2017-07-24T07:41:19","date_gmt":"2017-07-24T05:41:19","guid":{"rendered":"http:\/\/klubmamgdynia.pl\/index.php\/produkt\/djeco-ptaszki-perelki-koraliki-zestaw-do-tworzenia-bizuterii-285el\/"},"modified":"2026-04-28T08:31:50","modified_gmt":"2026-04-28T06:31:50","slug":"djeco-ptaszki-perelki-koraliki-zestaw-do-tworzenia-bizuterii-285el","status":"publish","type":"product","link":"http:\/\/klubmamgdynia.pl\/index.php\/produkt\/djeco-ptaszki-perelki-koraliki-zestaw-do-tworzenia-bizuterii-285el\/","title":{"rendered":"Djeco Ptaszki Pere\u0142ki Koraliki Zestaw Do Tworzenia Bi\u017cuterii 285El."},"content":{"rendered":"<p>\u0141atwy i szybki spos\u00f3b na wykonanie niepowtarzalnych \u0142a\u0144cuszk\u00f3w czy bransoletek.Wielogodzinna, kreatywna zabawa gwarantowana!Tworzenie w\u0142asnej bi\u017cuterii rozwija kreatywno\u015b\u0107 i zdolno\u015bci plastyczne.ZESTAW ZAWIERA:- koraliki o r\u00f3\u017cnych kszta\u0142tach i kolorach- ozdoby w kszta\u0142cie ptaszk\u00f3w, sznureczek do nawlekaniaRazem 285 element\u00f3wWYMIARY OPAKOWANIA: 15 x 15 x 3 cmWIEK: od 6 latZestaw jest nowy, zapakowany w kolorowy kartonik.<\/p>\n<h2>Djeco Ptaszki Pere\u0142ki Koraliki Zestaw Do Tworzenia Bi\u017cuterii 285El. Djeco<\/h2>\n<p>jak narysowa\u0107 psa krok po kroku, kwiaty polne nazwy, test ch\u0142opcy z placu broni klasa 5, quiz psi patrol, z\u0142ote my\u015bli pedagogiczne, po\u0142\u0105cz kropki do wydruku pdf, quizy o minecraft, bajki na dobranoc psi patrol, prezenty urodzinowe dla nastolatk\u00f3w, mapa polski do druku, zagadki dla dzieci logiczne, iwo, zagadki \u015bmieszne z odpowiedziami, akademia pana kleksa &#8211; test z odpowiedziami do druku, basen warszawa, trudne zagadki dla dzieci<\/p>\n<p>yyyyy<\/p>\n<p>&nbsp;<\/p>\n","protected":false},"excerpt":{"rendered":"<p>\u0141atwy i szybki spos\u00f3b na wykonanie niepowtarzalnych \u0142a\u0144cuszk\u00f3w czy bransoletek.Wielogodzinna, kreatywna zabawa gwarantowana!Tworzenie w\u0142asnej bi\u017cuterii rozwija kreatywno\u015b\u0107 i zdolno\u015bci plastyczne.ZESTAW ZAWIERA:- koraliki o r\u00f3\u017cnych kszta\u0142tach i kolorach- ozdoby w kszta\u0142cie ptaszk\u00f3w, sznureczek do nawlekaniaRazem 285 element\u00f3wWYMIARY OPAKOWANIA: 15 x 15 x 3 cmWIEK: od 6 latZestaw jest nowy, zapakowany w kolorowy kartonik. Djeco Ptaszki Pere\u0142ki [&hellip;]<\/p>\n","protected":false},"featured_media":9992,"comment_status":"closed","ping_status":"open","template":"","meta":[],"product_cat":[434,21],"product_tag":[768,594,589],"class_list":["post-9991","product","type-product","status-publish","has-post-thumbnail","hentry","product_cat-djeco","product_cat-zabawki-plastyczne","product_tag-krotkie-zagadki-logiczne","product_tag-podchwytliwe-zagadki-dla-dzieci","product_tag-prezent-dla-rocznego-dziecka"],"_links":{"self":[{"href":"http:\/\/klubmamgdynia.pl\/index.php\/wp-json\/wp\/v2\/product\/9991","targetHints":{"allow":["GET"]}}],"collection":[{"href":"http:\/\/klubmamgdynia.pl\/index.php\/wp-json\/wp\/v2\/product"}],"about":[{"href":"http:\/\/klubmamgdynia.pl\/index.php\/wp-json\/wp\/v2\/types\/product"}],"replies":[{"embeddable":true,"href":"http:\/\/klubmamgdynia.pl\/index.php\/wp-json\/wp\/v2\/comments?post=9991"}],"wp:featuredmedia":[{"embeddable":true,"href":"http:\/\/klubmamgdynia.pl\/index.php\/wp-json\/wp\/v2\/media\/9992"}],"wp:attachment":[{"href":"http:\/\/klubmamgdynia.pl\/index.php\/wp-json\/wp\/v2\/media?parent=9991"}],"wp:term":[{"taxonomy":"product_cat","embeddable":true,"href":"http:\/\/klubmamgdynia.pl\/index.php\/wp-json\/wp\/v2\/product_cat?post=9991"},{"taxonomy":"product_tag","embeddable":true,"href":"http:\/\/klubmamgdynia.pl\/index.php\/wp-json\/wp\/v2\/product_tag?post=9991"}],"curies":[{"name":"wp","href":"https:\/\/api.w.org\/{rel}","templated":true}]}}