{"id":9995,"date":"2011-07-27T17:35:29","date_gmt":"2011-07-27T15:35:29","guid":{"rendered":"http:\/\/klubmamgdynia.pl\/index.php\/produkt\/mega-zestaw-hop-hop-do-robienia-i-podrzucania-baniek-tuban\/"},"modified":"2026-05-01T13:00:32","modified_gmt":"2026-05-01T11:00:32","slug":"mega-zestaw-hop-hop-do-robienia-i-podrzucania-baniek-tuban","status":"publish","type":"product","link":"http:\/\/klubmamgdynia.pl\/index.php\/produkt\/mega-zestaw-hop-hop-do-robienia-i-podrzucania-baniek-tuban\/","title":{"rendered":"Mega Zestaw Hop Hop Do Robienia I Podrzucania Baniek Tuban"},"content":{"rendered":"<p>Zestaw do baniek Hop Hop !Jak si\u0119 bawi\u0107 ba\u0144kami HopHop?1. Nale\u017cy ubra\u0107 kolorowe r\u0119kawiczki.2. Przy pomocy s\u0142omki do\u0142\u0105czonej do zestawu, powoli wydmucha\u0107 jedn\u0105 banieczk\u0119.3. Kiedy gotowa ba\u0144ka oderwie si\u0119 od s\u0142omki \u2013 mo\u017cna zacz\u0105\u0107 j\u0105 podbija\u0107 na d\u0142oniach.Nasze porady:pami\u0119taj, \u017ce najlepiej podbijaj\u0105 si\u0119 te ba\u0144ki, kt\u00f3re s\u0105 niewielkich rozmiar\u00f3w;staraj si\u0119 nie spienia\u0107 p\u0142ynu do robienia baniek, bo w\u00f3wczas jego moc maleje;do podbijania najlepsza b\u0119dzie pierwsza ba\u0144ka, kt\u00f3r\u0105 zrobisz, poniewa\u017c to w\u0142a\u015bnie ona jest najbardziej spr\u0119\u017cysta i trwa\u0142a.Zawarto\u015b\u0107 zestawu:s\u0142omk\u0119 do dmuchania baniek, p\u0142yn do baniek Hop Hop 60 ml, nak\u0142adk\u0119 na d\u0142o\u0144.Uwaga. Mix kolor\u00f3w \u2013 dost\u0119pne r\u00f3\u017cne wersje kolorystyczne nak\u0142adek na d\u0142o\u0144 \u2013 wysy\u0142ka losowa. Podana cena dotyczy 1 zestawu.<\/p>\n<h2>Mega Zestaw Hop Hop Do Robienia I Podrzucania Baniek Tuban Tuban<\/h2>\n<p>kolorowanki minecraft, kolorowanka piesek do druku, prezent dla 7 latki, linda, co na roczek, bajki do czytania dla ch\u0142opc\u00f3w, nauka pisania literek do wydruku pdf, lato lato lato czeka tekst, urodziny dziecka pomys\u0142y<\/p>\n<p>yyyyy<\/p>\n<p>&nbsp;<\/p>\n","protected":false},"excerpt":{"rendered":"<p>Zestaw do baniek Hop Hop !Jak si\u0119 bawi\u0107 ba\u0144kami HopHop?1. Nale\u017cy ubra\u0107 kolorowe r\u0119kawiczki.2. Przy pomocy s\u0142omki do\u0142\u0105czonej do zestawu, powoli wydmucha\u0107 jedn\u0105 banieczk\u0119.3. Kiedy gotowa ba\u0144ka oderwie si\u0119 od s\u0142omki \u2013 mo\u017cna zacz\u0105\u0107 j\u0105 podbija\u0107 na d\u0142oniach.Nasze porady:pami\u0119taj, \u017ce najlepiej podbijaj\u0105 si\u0119 te ba\u0144ki, kt\u00f3re s\u0105 niewielkich rozmiar\u00f3w;staraj si\u0119 nie spienia\u0107 p\u0142ynu do robienia [&hellip;]<\/p>\n","protected":false},"featured_media":9996,"comment_status":"closed","ping_status":"open","template":"","meta":[],"product_cat":[472,558],"product_tag":[792,775,644,636],"class_list":["post-9995","product","type-product","status-publish","has-post-thumbnail","hentry","product_cat-banki-mydlane","product_cat-tuban","product_tag-cytaty-o-mamie","product_tag-kolorowanki-do-druku-pokemon","product_tag-mia","product_tag-teksty-kolysanek"],"_links":{"self":[{"href":"http:\/\/klubmamgdynia.pl\/index.php\/wp-json\/wp\/v2\/product\/9995","targetHints":{"allow":["GET"]}}],"collection":[{"href":"http:\/\/klubmamgdynia.pl\/index.php\/wp-json\/wp\/v2\/product"}],"about":[{"href":"http:\/\/klubmamgdynia.pl\/index.php\/wp-json\/wp\/v2\/types\/product"}],"replies":[{"embeddable":true,"href":"http:\/\/klubmamgdynia.pl\/index.php\/wp-json\/wp\/v2\/comments?post=9995"}],"wp:featuredmedia":[{"embeddable":true,"href":"http:\/\/klubmamgdynia.pl\/index.php\/wp-json\/wp\/v2\/media\/9996"}],"wp:attachment":[{"href":"http:\/\/klubmamgdynia.pl\/index.php\/wp-json\/wp\/v2\/media?parent=9995"}],"wp:term":[{"taxonomy":"product_cat","embeddable":true,"href":"http:\/\/klubmamgdynia.pl\/index.php\/wp-json\/wp\/v2\/product_cat?post=9995"},{"taxonomy":"product_tag","embeddable":true,"href":"http:\/\/klubmamgdynia.pl\/index.php\/wp-json\/wp\/v2\/product_tag?post=9995"}],"curies":[{"name":"wp","href":"https:\/\/api.w.org\/{rel}","templated":true}]}}